{"id":963,"date":"2023-02-26T16:09:38","date_gmt":"2023-02-26T16:09:38","guid":{"rendered":"https:\/\/xadrezasburgas.net\/?page_id=963"},"modified":"2023-02-26T16:11:19","modified_gmt":"2023-02-26T16:11:19","slug":"liga-galega-xornada-1-25-de-febreiro","status":"publish","type":"page","link":"https:\/\/xadrezasburgas.net\/index.php\/liga-galega-xornada-1-25-de-febreiro\/","title":{"rendered":"Liga Galega Xornada 1 (25 de febreiro)"},"content":{"rendered":"\n<p>En la SAla Multiusos de la Socieda Cultural Albor del Couto<\/p>\n\n\n\n<p>2 division grupo F<\/p>\n\n\n\n<p>As Burgas 3 &#8211; 1 Liceo Academia Postal<\/p>\n\n\n\n<p>3 division grupo F<\/p>\n\n\n\n<p>As burgas 3,5 &#8211; 0,5 Circulo Chantadino D<\/p>\n\n\n\n<p><\/p>\n\n\n\n<p>En segunda division, el resultado fue contundente para los nuestros que decantaron pronto el duelo nuestro favor. Tanto Johan con Samuel encarrilaron r\u00e1pidamente la partida hacia la victoria que consiguieron antes de finalizar la 2da hora de juego. Lixander cometi\u00f3 un error que le cost\u00f3 la partida en el 4to tablero, mientras Manuel Garcia luch\u00f3 hasta pasar la 4ta hora de juego para lograr finalmente la victoria en una partida que parec\u00eda que se encaminaba a tablas, pero que finalemente ante el obcecamiento del rival por querer ganarla se la entreg\u00f3 suavemente,,,<\/p>\n\n\n\n<p>En tercera divis\u00f3n el Tablero n 1, L\u00e1zaro enteg\u00f3 un pieza para encarrilar la victoria, entretanto que Jos\u00e9 Rivela no tuvo rival en su joven contrincante en ek segundo. En el tercero, Anxo que parec\u00eda tener ventaja acab\u00f3 haciendo tablas y Gabriel gan\u00f3 merecidamente despu\u00e9s de una partida igualada en casi todas la fases&#8230; buen m\u00e9rito este \u00faltimo por haber empezado con el ajedrez competitivo este mismo a\u00f1o&#8230;<\/p>\n\n\n\n<p>Enhorabuena buena a todos!<\/p>\n\n\n\n<figure class=\"wp-block-gallery columns-3 is-cropped wp-block-gallery-1 is-layout-flex wp-block-gallery-is-layout-flex\"><ul class=\"blocks-gallery-grid\"><li class=\"blocks-gallery-item\"><figure><img decoding=\"async\" loading=\"lazy\" width=\"1024\" height=\"765\" src=\"https:\/\/xadrezasburgas.net\/wp-content\/uploads\/2023\/02\/Foto-1-xornada-1024x765.jpeg\" alt=\"\" data-id=\"967\" data-full-url=\"https:\/\/xadrezasburgas.net\/wp-content\/uploads\/2023\/02\/Foto-1-xornada.jpeg\" data-link=\"https:\/\/xadrezasburgas.net\/index.php\/liga-galega-xornada-1-25-de-febreiro\/foto-1-xornada\/\" class=\"wp-image-967\" srcset=\"https:\/\/xadrezasburgas.net\/wp-content\/uploads\/2023\/02\/Foto-1-xornada-1024x765.jpeg 1024w, https:\/\/xadrezasburgas.net\/wp-content\/uploads\/2023\/02\/Foto-1-xornada-300x224.jpeg 300w, https:\/\/xadrezasburgas.net\/wp-content\/uploads\/2023\/02\/Foto-1-xornada-768x574.jpeg 768w, https:\/\/xadrezasburgas.net\/wp-content\/uploads\/2023\/02\/Foto-1-xornada-1536x1148.jpeg 1536w, https:\/\/xadrezasburgas.net\/wp-content\/uploads\/2023\/02\/Foto-1-xornada.jpeg 1600w\" sizes=\"(max-width: 1024px) 100vw, 1024px\" \/><\/figure><\/li><li class=\"blocks-gallery-item\"><figure><img decoding=\"async\" loading=\"lazy\" width=\"1024\" height=\"765\" src=\"https:\/\/xadrezasburgas.net\/wp-content\/uploads\/2023\/02\/WhatsApp-Image-2023-02-26-at-16.03.18-1-1024x765.jpeg\" alt=\"\" data-id=\"968\" data-full-url=\"https:\/\/xadrezasburgas.net\/wp-content\/uploads\/2023\/02\/WhatsApp-Image-2023-02-26-at-16.03.18-1.jpeg\" data-link=\"https:\/\/xadrezasburgas.net\/index.php\/liga-galega-xornada-1-25-de-febreiro\/whatsapp-image-2023-02-26-at-16-03-18-1\/\" class=\"wp-image-968\" srcset=\"https:\/\/xadrezasburgas.net\/wp-content\/uploads\/2023\/02\/WhatsApp-Image-2023-02-26-at-16.03.18-1-1024x765.jpeg 1024w, https:\/\/xadrezasburgas.net\/wp-content\/uploads\/2023\/02\/WhatsApp-Image-2023-02-26-at-16.03.18-1-300x224.jpeg 300w, https:\/\/xadrezasburgas.net\/wp-content\/uploads\/2023\/02\/WhatsApp-Image-2023-02-26-at-16.03.18-1-768x574.jpeg 768w, https:\/\/xadrezasburgas.net\/wp-content\/uploads\/2023\/02\/WhatsApp-Image-2023-02-26-at-16.03.18-1-1536x1148.jpeg 1536w, https:\/\/xadrezasburgas.net\/wp-content\/uploads\/2023\/02\/WhatsApp-Image-2023-02-26-at-16.03.18-1.jpeg 1600w\" sizes=\"(max-width: 1024px) 100vw, 1024px\" \/><\/figure><\/li><li class=\"blocks-gallery-item\"><figure><img decoding=\"async\" loading=\"lazy\" width=\"765\" height=\"1024\" src=\"https:\/\/xadrezasburgas.net\/wp-content\/uploads\/2023\/02\/WhatsApp-Image-2023-02-26-at-16.03.18-3-765x1024.jpeg\" alt=\"\" data-id=\"969\" data-full-url=\"https:\/\/xadrezasburgas.net\/wp-content\/uploads\/2023\/02\/WhatsApp-Image-2023-02-26-at-16.03.18-3.jpeg\" data-link=\"https:\/\/xadrezasburgas.net\/index.php\/liga-galega-xornada-1-25-de-febreiro\/whatsapp-image-2023-02-26-at-16-03-18-3\/\" class=\"wp-image-969\" srcset=\"https:\/\/xadrezasburgas.net\/wp-content\/uploads\/2023\/02\/WhatsApp-Image-2023-02-26-at-16.03.18-3-765x1024.jpeg 765w, https:\/\/xadrezasburgas.net\/wp-content\/uploads\/2023\/02\/WhatsApp-Image-2023-02-26-at-16.03.18-3-224x300.jpeg 224w, https:\/\/xadrezasburgas.net\/wp-content\/uploads\/2023\/02\/WhatsApp-Image-2023-02-26-at-16.03.18-3-768x1027.jpeg 768w, https:\/\/xadrezasburgas.net\/wp-content\/uploads\/2023\/02\/WhatsApp-Image-2023-02-26-at-16.03.18-3-1148x1536.jpeg 1148w, https:\/\/xadrezasburgas.net\/wp-content\/uploads\/2023\/02\/WhatsApp-Image-2023-02-26-at-16.03.18-3.jpeg 1196w\" sizes=\"(max-width: 765px) 100vw, 765px\" \/><\/figure><\/li><li class=\"blocks-gallery-item\"><figure><img decoding=\"async\" loading=\"lazy\" width=\"765\" height=\"1024\" src=\"https:\/\/xadrezasburgas.net\/wp-content\/uploads\/2023\/02\/WhatsApp-Image-2023-02-26-at-16.03.19-1-765x1024.jpeg\" alt=\"\" data-id=\"970\" data-full-url=\"https:\/\/xadrezasburgas.net\/wp-content\/uploads\/2023\/02\/WhatsApp-Image-2023-02-26-at-16.03.19-1.jpeg\" data-link=\"https:\/\/xadrezasburgas.net\/index.php\/liga-galega-xornada-1-25-de-febreiro\/whatsapp-image-2023-02-26-at-16-03-19-1\/\" class=\"wp-image-970\" srcset=\"https:\/\/xadrezasburgas.net\/wp-content\/uploads\/2023\/02\/WhatsApp-Image-2023-02-26-at-16.03.19-1-765x1024.jpeg 765w, https:\/\/xadrezasburgas.net\/wp-content\/uploads\/2023\/02\/WhatsApp-Image-2023-02-26-at-16.03.19-1-224x300.jpeg 224w, https:\/\/xadrezasburgas.net\/wp-content\/uploads\/2023\/02\/WhatsApp-Image-2023-02-26-at-16.03.19-1-768x1027.jpeg 768w, https:\/\/xadrezasburgas.net\/wp-content\/uploads\/2023\/02\/WhatsApp-Image-2023-02-26-at-16.03.19-1-1148x1536.jpeg 1148w, https:\/\/xadrezasburgas.net\/wp-content\/uploads\/2023\/02\/WhatsApp-Image-2023-02-26-at-16.03.19-1.jpeg 1196w\" sizes=\"(max-width: 765px) 100vw, 765px\" \/><\/figure><\/li><li class=\"blocks-gallery-item\"><figure><img decoding=\"async\" loading=\"lazy\" width=\"765\" height=\"1024\" src=\"https:\/\/xadrezasburgas.net\/wp-content\/uploads\/2023\/02\/WhatsApp-Image-2023-02-26-at-16.03.19-765x1024.jpeg\" alt=\"\" data-id=\"971\" data-full-url=\"https:\/\/xadrezasburgas.net\/wp-content\/uploads\/2023\/02\/WhatsApp-Image-2023-02-26-at-16.03.19.jpeg\" data-link=\"https:\/\/xadrezasburgas.net\/index.php\/liga-galega-xornada-1-25-de-febreiro\/whatsapp-image-2023-02-26-at-16-03-19\/\" class=\"wp-image-971\" srcset=\"https:\/\/xadrezasburgas.net\/wp-content\/uploads\/2023\/02\/WhatsApp-Image-2023-02-26-at-16.03.19-765x1024.jpeg 765w, https:\/\/xadrezasburgas.net\/wp-content\/uploads\/2023\/02\/WhatsApp-Image-2023-02-26-at-16.03.19-224x300.jpeg 224w, https:\/\/xadrezasburgas.net\/wp-content\/uploads\/2023\/02\/WhatsApp-Image-2023-02-26-at-16.03.19-768x1027.jpeg 768w, https:\/\/xadrezasburgas.net\/wp-content\/uploads\/2023\/02\/WhatsApp-Image-2023-02-26-at-16.03.19-1148x1536.jpeg 1148w, https:\/\/xadrezasburgas.net\/wp-content\/uploads\/2023\/02\/WhatsApp-Image-2023-02-26-at-16.03.19.jpeg 1196w\" sizes=\"(max-width: 765px) 100vw, 765px\" \/><\/figure><\/li><li class=\"blocks-gallery-item\"><figure><img decoding=\"async\" loading=\"lazy\" width=\"1024\" height=\"765\" src=\"https:\/\/xadrezasburgas.net\/wp-content\/uploads\/2023\/02\/WhatsApp-Image-2023-02-26-at-16.03.20-1024x765.jpeg\" alt=\"\" data-id=\"972\" data-full-url=\"https:\/\/xadrezasburgas.net\/wp-content\/uploads\/2023\/02\/WhatsApp-Image-2023-02-26-at-16.03.20.jpeg\" data-link=\"https:\/\/xadrezasburgas.net\/index.php\/liga-galega-xornada-1-25-de-febreiro\/whatsapp-image-2023-02-26-at-16-03-20\/\" class=\"wp-image-972\" srcset=\"https:\/\/xadrezasburgas.net\/wp-content\/uploads\/2023\/02\/WhatsApp-Image-2023-02-26-at-16.03.20-1024x765.jpeg 1024w, https:\/\/xadrezasburgas.net\/wp-content\/uploads\/2023\/02\/WhatsApp-Image-2023-02-26-at-16.03.20-300x224.jpeg 300w, https:\/\/xadrezasburgas.net\/wp-content\/uploads\/2023\/02\/WhatsApp-Image-2023-02-26-at-16.03.20-768x574.jpeg 768w, https:\/\/xadrezasburgas.net\/wp-content\/uploads\/2023\/02\/WhatsApp-Image-2023-02-26-at-16.03.20-1536x1148.jpeg 1536w, https:\/\/xadrezasburgas.net\/wp-content\/uploads\/2023\/02\/WhatsApp-Image-2023-02-26-at-16.03.20.jpeg 1600w\" sizes=\"(max-width: 1024px) 100vw, 1024px\" \/><\/figure><\/li><li class=\"blocks-gallery-item\"><figure><img decoding=\"async\" loading=\"lazy\" width=\"765\" height=\"1024\" src=\"https:\/\/xadrezasburgas.net\/wp-content\/uploads\/2023\/02\/WhatsApp-Image-2023-02-26-at-16.03.21-2-765x1024.jpeg\" alt=\"\" data-id=\"974\" data-full-url=\"https:\/\/xadrezasburgas.net\/wp-content\/uploads\/2023\/02\/WhatsApp-Image-2023-02-26-at-16.03.21-2.jpeg\" data-link=\"https:\/\/xadrezasburgas.net\/index.php\/liga-galega-xornada-1-25-de-febreiro\/whatsapp-image-2023-02-26-at-16-03-21-2\/\" class=\"wp-image-974\" srcset=\"https:\/\/xadrezasburgas.net\/wp-content\/uploads\/2023\/02\/WhatsApp-Image-2023-02-26-at-16.03.21-2-765x1024.jpeg 765w, https:\/\/xadrezasburgas.net\/wp-content\/uploads\/2023\/02\/WhatsApp-Image-2023-02-26-at-16.03.21-2-224x300.jpeg 224w, https:\/\/xadrezasburgas.net\/wp-content\/uploads\/2023\/02\/WhatsApp-Image-2023-02-26-at-16.03.21-2-768x1027.jpeg 768w, https:\/\/xadrezasburgas.net\/wp-content\/uploads\/2023\/02\/WhatsApp-Image-2023-02-26-at-16.03.21-2-1148x1536.jpeg 1148w, https:\/\/xadrezasburgas.net\/wp-content\/uploads\/2023\/02\/WhatsApp-Image-2023-02-26-at-16.03.21-2.jpeg 1196w\" sizes=\"(max-width: 765px) 100vw, 765px\" \/><\/figure><\/li><\/ul><\/figure>\n","protected":false},"excerpt":{"rendered":"<p>En la SAla Multiusos de la Socieda Cultural Albor del Couto 2 division grupo F As Burgas 3 &#8211; 1 Liceo Academia Postal 3 division grupo F As burgas 3,5 &#8211; 0,5 Circulo Chantadino D En segunda division, el resultado fue contundente para los nuestros que decantaron pronto el duelo nuestro favor. Tanto Johan con [&hellip;]<\/p>\n","protected":false},"author":1,"featured_media":0,"parent":0,"menu_order":0,"comment_status":"closed","ping_status":"closed","template":"","meta":{"footnotes":""},"_links":{"self":[{"href":"https:\/\/xadrezasburgas.net\/index.php\/wp-json\/wp\/v2\/pages\/963"}],"collection":[{"href":"https:\/\/xadrezasburgas.net\/index.php\/wp-json\/wp\/v2\/pages"}],"about":[{"href":"https:\/\/xadrezasburgas.net\/index.php\/wp-json\/wp\/v2\/types\/page"}],"author":[{"embeddable":true,"href":"https:\/\/xadrezasburgas.net\/index.php\/wp-json\/wp\/v2\/users\/1"}],"replies":[{"embeddable":true,"href":"https:\/\/xadrezasburgas.net\/index.php\/wp-json\/wp\/v2\/comments?post=963"}],"version-history":[{"count":3,"href":"https:\/\/xadrezasburgas.net\/index.php\/wp-json\/wp\/v2\/pages\/963\/revisions"}],"predecessor-version":[{"id":976,"href":"https:\/\/xadrezasburgas.net\/index.php\/wp-json\/wp\/v2\/pages\/963\/revisions\/976"}],"wp:attachment":[{"href":"https:\/\/xadrezasburgas.net\/index.php\/wp-json\/wp\/v2\/media?parent=963"}],"curies":[{"name":"wp","href":"https:\/\/api.w.org\/{rel}","templated":true}]}}