{"id":934,"date":"2023-02-18T12:40:54","date_gmt":"2023-02-18T12:40:54","guid":{"rendered":"https:\/\/xadrezasburgas.net\/?page_id=934"},"modified":"2023-02-20T09:57:07","modified_gmt":"2023-02-20T09:57:07","slug":"torneo-de-carnaval-escolas-xadrez-as-burgas","status":"publish","type":"page","link":"https:\/\/xadrezasburgas.net\/index.php\/torneo-de-carnaval-escolas-xadrez-as-burgas\/","title":{"rendered":"Torneo do Entroido Escolas Xadrez as Burgas 2023"},"content":{"rendered":"\n<p>Mercores 15 de febreiro<\/p>\n\n\n\n<p>Celebrouse este torneo de iniciaci\u00f3n cos alumnos da Escola de Xadrez na s\u00faa maior\u00eda do CEIP de Alariz a partir das 15 h<\/p>\n\n\n\n<p>Os ganadores foron Luca Romero, que sendo Sub 10 ga\u00f1ou o torneo con 9 pts, sendo os segundo clasificado Xairo Conde.<\/p>\n\n\n\n<p>Andr\u00e9 Lopez, Ander COrbillon, Diego Lamas foron oas ga\u00f1adores en Sub 10 e Noel Novoa e Anibal Ferron en Sub 08<\/p>\n\n\n\n<p>Tdos os demais levaron chaveiro do centro por participar sobre un total de 25 participantes.<\/p>\n\n\n\n<p>Noraboa a todos!!<\/p>\n\n\n\n<figure class=\"wp-block-gallery columns-3 is-cropped wp-block-gallery-1 is-layout-flex wp-block-gallery-is-layout-flex\"><ul class=\"blocks-gallery-grid\"><li class=\"blocks-gallery-item\"><figure><img decoding=\"async\" loading=\"lazy\" width=\"1024\" height=\"771\" src=\"https:\/\/xadrezasburgas.net\/wp-content\/uploads\/2023\/02\/Conjunto-1024x771.jpg\" alt=\"\" data-id=\"939\" data-full-url=\"https:\/\/xadrezasburgas.net\/wp-content\/uploads\/2023\/02\/Conjunto-scaled.jpg\" data-link=\"https:\/\/xadrezasburgas.net\/index.php\/torneo-de-carnaval-escolas-xadrez-as-burgas\/conjunto\/\" class=\"wp-image-939\" srcset=\"https:\/\/xadrezasburgas.net\/wp-content\/uploads\/2023\/02\/Conjunto-1024x771.jpg 1024w, https:\/\/xadrezasburgas.net\/wp-content\/uploads\/2023\/02\/Conjunto-300x226.jpg 300w, https:\/\/xadrezasburgas.net\/wp-content\/uploads\/2023\/02\/Conjunto-768x578.jpg 768w, https:\/\/xadrezasburgas.net\/wp-content\/uploads\/2023\/02\/Conjunto-1536x1157.jpg 1536w, https:\/\/xadrezasburgas.net\/wp-content\/uploads\/2023\/02\/Conjunto-2048x1542.jpg 2048w\" sizes=\"(max-width: 1024px) 100vw, 1024px\" \/><\/figure><\/li><li class=\"blocks-gallery-item\"><figure><img decoding=\"async\" loading=\"lazy\" width=\"1024\" height=\"771\" src=\"https:\/\/xadrezasburgas.net\/wp-content\/uploads\/2023\/02\/Sub-08-1024x771.jpg\" alt=\"\" data-id=\"943\" data-full-url=\"https:\/\/xadrezasburgas.net\/wp-content\/uploads\/2023\/02\/Sub-08-scaled.jpg\" data-link=\"https:\/\/xadrezasburgas.net\/index.php\/torneo-de-carnaval-escolas-xadrez-as-burgas\/sub-08-2\/\" class=\"wp-image-943\" srcset=\"https:\/\/xadrezasburgas.net\/wp-content\/uploads\/2023\/02\/Sub-08-1024x771.jpg 1024w, https:\/\/xadrezasburgas.net\/wp-content\/uploads\/2023\/02\/Sub-08-300x226.jpg 300w, https:\/\/xadrezasburgas.net\/wp-content\/uploads\/2023\/02\/Sub-08-768x578.jpg 768w, https:\/\/xadrezasburgas.net\/wp-content\/uploads\/2023\/02\/Sub-08-1536x1157.jpg 1536w, https:\/\/xadrezasburgas.net\/wp-content\/uploads\/2023\/02\/Sub-08-2048x1542.jpg 2048w\" sizes=\"(max-width: 1024px) 100vw, 1024px\" \/><\/figure><\/li><li class=\"blocks-gallery-item\"><figure><img decoding=\"async\" loading=\"lazy\" width=\"1024\" height=\"771\" src=\"https:\/\/xadrezasburgas.net\/wp-content\/uploads\/2023\/02\/Cebrian-1024x771.jpg\" alt=\"\" data-id=\"937\" data-full-url=\"https:\/\/xadrezasburgas.net\/wp-content\/uploads\/2023\/02\/Cebrian-scaled.jpg\" data-link=\"https:\/\/xadrezasburgas.net\/index.php\/torneo-de-carnaval-escolas-xadrez-as-burgas\/cebrian\/\" class=\"wp-image-937\" srcset=\"https:\/\/xadrezasburgas.net\/wp-content\/uploads\/2023\/02\/Cebrian-1024x771.jpg 1024w, https:\/\/xadrezasburgas.net\/wp-content\/uploads\/2023\/02\/Cebrian-300x226.jpg 300w, https:\/\/xadrezasburgas.net\/wp-content\/uploads\/2023\/02\/Cebrian-768x578.jpg 768w, https:\/\/xadrezasburgas.net\/wp-content\/uploads\/2023\/02\/Cebrian-1536x1157.jpg 1536w, https:\/\/xadrezasburgas.net\/wp-content\/uploads\/2023\/02\/Cebrian-2048x1542.jpg 2048w\" sizes=\"(max-width: 1024px) 100vw, 1024px\" \/><\/figure><\/li><li class=\"blocks-gallery-item\"><figure><img decoding=\"async\" loading=\"lazy\" width=\"1024\" height=\"771\" src=\"https:\/\/xadrezasburgas.net\/wp-content\/uploads\/2023\/02\/Mesas-2-1024x771.jpg\" alt=\"\" data-id=\"940\" data-full-url=\"https:\/\/xadrezasburgas.net\/wp-content\/uploads\/2023\/02\/Mesas-2-scaled.jpg\" data-link=\"https:\/\/xadrezasburgas.net\/index.php\/torneo-de-carnaval-escolas-xadrez-as-burgas\/mesas-2\/\" class=\"wp-image-940\" srcset=\"https:\/\/xadrezasburgas.net\/wp-content\/uploads\/2023\/02\/Mesas-2-1024x771.jpg 1024w, https:\/\/xadrezasburgas.net\/wp-content\/uploads\/2023\/02\/Mesas-2-300x226.jpg 300w, https:\/\/xadrezasburgas.net\/wp-content\/uploads\/2023\/02\/Mesas-2-768x578.jpg 768w, https:\/\/xadrezasburgas.net\/wp-content\/uploads\/2023\/02\/Mesas-2-1536x1157.jpg 1536w, https:\/\/xadrezasburgas.net\/wp-content\/uploads\/2023\/02\/Mesas-2-2048x1542.jpg 2048w\" sizes=\"(max-width: 1024px) 100vw, 1024px\" \/><\/figure><\/li><li class=\"blocks-gallery-item\"><figure><img decoding=\"async\" loading=\"lazy\" width=\"1024\" height=\"771\" src=\"https:\/\/xadrezasburgas.net\/wp-content\/uploads\/2023\/02\/Mesas-3-1024x771.jpg\" alt=\"\" data-id=\"941\" data-full-url=\"https:\/\/xadrezasburgas.net\/wp-content\/uploads\/2023\/02\/Mesas-3-scaled.jpg\" data-link=\"https:\/\/xadrezasburgas.net\/index.php\/torneo-de-carnaval-escolas-xadrez-as-burgas\/mesas-3\/\" class=\"wp-image-941\" srcset=\"https:\/\/xadrezasburgas.net\/wp-content\/uploads\/2023\/02\/Mesas-3-1024x771.jpg 1024w, https:\/\/xadrezasburgas.net\/wp-content\/uploads\/2023\/02\/Mesas-3-300x226.jpg 300w, https:\/\/xadrezasburgas.net\/wp-content\/uploads\/2023\/02\/Mesas-3-768x578.jpg 768w, https:\/\/xadrezasburgas.net\/wp-content\/uploads\/2023\/02\/Mesas-3-1536x1157.jpg 1536w, https:\/\/xadrezasburgas.net\/wp-content\/uploads\/2023\/02\/Mesas-3-2048x1542.jpg 2048w\" sizes=\"(max-width: 1024px) 100vw, 1024px\" \/><\/figure><\/li><li class=\"blocks-gallery-item\"><figure><img decoding=\"async\" loading=\"lazy\" width=\"1024\" height=\"771\" src=\"https:\/\/xadrezasburgas.net\/wp-content\/uploads\/2023\/02\/Mesas-1024x771.jpg\" alt=\"\" data-id=\"942\" data-full-url=\"https:\/\/xadrezasburgas.net\/wp-content\/uploads\/2023\/02\/Mesas-scaled.jpg\" data-link=\"https:\/\/xadrezasburgas.net\/index.php\/torneo-de-carnaval-escolas-xadrez-as-burgas\/mesas\/\" class=\"wp-image-942\" srcset=\"https:\/\/xadrezasburgas.net\/wp-content\/uploads\/2023\/02\/Mesas-1024x771.jpg 1024w, https:\/\/xadrezasburgas.net\/wp-content\/uploads\/2023\/02\/Mesas-300x226.jpg 300w, https:\/\/xadrezasburgas.net\/wp-content\/uploads\/2023\/02\/Mesas-768x578.jpg 768w, https:\/\/xadrezasburgas.net\/wp-content\/uploads\/2023\/02\/Mesas-1536x1157.jpg 1536w, https:\/\/xadrezasburgas.net\/wp-content\/uploads\/2023\/02\/Mesas-2048x1542.jpg 2048w\" sizes=\"(max-width: 1024px) 100vw, 1024px\" \/><\/figure><\/li><\/ul><\/figure>\n","protected":false},"excerpt":{"rendered":"<p>Mercores 15 de febreiro Celebrouse este torneo de iniciaci\u00f3n cos alumnos da Escola de Xadrez na s\u00faa maior\u00eda do CEIP de Alariz a partir das 15 h Os ganadores foron Luca Romero, que sendo Sub 10 ga\u00f1ou o torneo con 9 pts, sendo os segundo clasificado Xairo Conde. Andr\u00e9 Lopez, Ander COrbillon, Diego Lamas foron [&hellip;]<\/p>\n","protected":false},"author":1,"featured_media":0,"parent":0,"menu_order":0,"comment_status":"closed","ping_status":"closed","template":"","meta":{"footnotes":""},"_links":{"self":[{"href":"https:\/\/xadrezasburgas.net\/index.php\/wp-json\/wp\/v2\/pages\/934"}],"collection":[{"href":"https:\/\/xadrezasburgas.net\/index.php\/wp-json\/wp\/v2\/pages"}],"about":[{"href":"https:\/\/xadrezasburgas.net\/index.php\/wp-json\/wp\/v2\/types\/page"}],"author":[{"embeddable":true,"href":"https:\/\/xadrezasburgas.net\/index.php\/wp-json\/wp\/v2\/users\/1"}],"replies":[{"embeddable":true,"href":"https:\/\/xadrezasburgas.net\/index.php\/wp-json\/wp\/v2\/comments?post=934"}],"version-history":[{"count":5,"href":"https:\/\/xadrezasburgas.net\/index.php\/wp-json\/wp\/v2\/pages\/934\/revisions"}],"predecessor-version":[{"id":949,"href":"https:\/\/xadrezasburgas.net\/index.php\/wp-json\/wp\/v2\/pages\/934\/revisions\/949"}],"wp:attachment":[{"href":"https:\/\/xadrezasburgas.net\/index.php\/wp-json\/wp\/v2\/media?parent=934"}],"curies":[{"name":"wp","href":"https:\/\/api.w.org\/{rel}","templated":true}]}}