{"id":835,"date":"2022-10-11T21:11:35","date_gmt":"2022-10-11T21:11:35","guid":{"rendered":"https:\/\/xadrezasburgas.net\/?page_id=835"},"modified":"2022-11-07T15:19:34","modified_gmt":"2022-11-07T15:19:34","slug":"aberto-de-outono-de-ourense-xadrez-rapido-15-de-outubro-2022","status":"publish","type":"page","link":"https:\/\/xadrezasburgas.net\/index.php\/aberto-de-outono-de-ourense-xadrez-rapido-15-de-outubro-2022\/","title":{"rendered":"Aberto de Outono de Ourense-Xadrez R\u00e1pido 15 de outubro 2022"},"content":{"rendered":"\n<p class=\"has-large-font-size\">S\u00e1bado 15 de outubro: Espazo X<strong>ove de Ourense a partir das 11h 00 da ma\u00f1\u00e1n<\/strong>.<\/p>\n\n\n\n<p class=\"has-text-align-left has-large-font-size\"><strong>Gana Ibragim Khamrakulov, GM Uzbeko afincado en Vigo concedendo solamente 2 taboas, por diante de Arian Gonzalez e Armando De Sousa, ambos do Liceo Ourense.<\/strong><\/p>\n\n\n\n<p><\/p>\n\n\n\n<p><\/p>\n\n\n\n<div class=\"wp-block-file\"><a href=\"https:\/\/xadrezasburgas.net\/wp-content\/uploads\/2022\/10\/Bases-Aberto-Outono-Ourense-Rapidas.2022Actualizadas-9-octubre.pdf\">Bases-Aberto-Outono-Ourense-Rapidas.2022Actualizadas-9-octubre<\/a><a href=\"https:\/\/xadrezasburgas.net\/wp-content\/uploads\/2022\/10\/Bases-Aberto-Outono-Ourense-Rapidas.2022Actualizadas-9-octubre.pdf\" class=\"wp-block-file__button\" download>Descarga<\/a><\/div>\n\n\n\n<div class=\"wp-block-image\"><figure class=\"aligncenter size-medium is-resized\"><img decoding=\"async\" loading=\"lazy\" src=\"https:\/\/xadrezasburgas.net\/wp-content\/uploads\/2022\/10\/Campion-171x300.jpeg\" alt=\"\" class=\"wp-image-859\" width=\"270\" height=\"474\" srcset=\"https:\/\/xadrezasburgas.net\/wp-content\/uploads\/2022\/10\/Campion-171x300.jpeg 171w, https:\/\/xadrezasburgas.net\/wp-content\/uploads\/2022\/10\/Campion-584x1024.jpeg 584w, https:\/\/xadrezasburgas.net\/wp-content\/uploads\/2022\/10\/Campion-768x1347.jpeg 768w, https:\/\/xadrezasburgas.net\/wp-content\/uploads\/2022\/10\/Campion-876x1536.jpeg 876w, https:\/\/xadrezasburgas.net\/wp-content\/uploads\/2022\/10\/Campion.jpeg 1168w\" sizes=\"(max-width: 270px) 100vw, 270px\" \/><\/figure><\/div>\n\n\n\n<div class=\"wp-block-file\"><a href=\"https:\/\/xadrezasburgas.net\/wp-content\/uploads\/2022\/10\/Cronica-e-cuadro-de-Honor-Rapido-Ourono-2022.pdf\">Cronica-e-cuadro-de-Honor-Rapido-Ourono-2022<\/a><a href=\"https:\/\/xadrezasburgas.net\/wp-content\/uploads\/2022\/10\/Cronica-e-cuadro-de-Honor-Rapido-Ourono-2022.pdf\" class=\"wp-block-file__button\" download>Descarga<\/a><\/div>\n\n\n\n<p><a href=\"https:\/\/info64.org\/aberto-de-outono-de-ourense-xadrez-rapido\">https:\/\/info64.org\/aberto-de-outono-de-ourense-xadrez-rapido<\/a><\/p>\n\n\n\n<figure class=\"wp-block-gallery columns-3 is-cropped wp-block-gallery-1 is-layout-flex wp-block-gallery-is-layout-flex\"><ul class=\"blocks-gallery-grid\"><li class=\"blocks-gallery-item\"><figure><img decoding=\"async\" loading=\"lazy\" width=\"1024\" height=\"766\" src=\"https:\/\/xadrezasburgas.net\/wp-content\/uploads\/2022\/10\/Conjunto-ganadores-1024x766.jpeg\" alt=\"\" data-id=\"860\" data-full-url=\"https:\/\/xadrezasburgas.net\/wp-content\/uploads\/2022\/10\/Conjunto-ganadores.jpeg\" data-link=\"https:\/\/xadrezasburgas.net\/index.php\/aberto-de-outono-de-ourense-xadrez-rapido-15-de-outubro-2022\/conjunto-ganadores\/\" class=\"wp-image-860\" srcset=\"https:\/\/xadrezasburgas.net\/wp-content\/uploads\/2022\/10\/Conjunto-ganadores-1024x766.jpeg 1024w, https:\/\/xadrezasburgas.net\/wp-content\/uploads\/2022\/10\/Conjunto-ganadores-300x224.jpeg 300w, https:\/\/xadrezasburgas.net\/wp-content\/uploads\/2022\/10\/Conjunto-ganadores-768x574.jpeg 768w, https:\/\/xadrezasburgas.net\/wp-content\/uploads\/2022\/10\/Conjunto-ganadores-1536x1149.jpeg 1536w, https:\/\/xadrezasburgas.net\/wp-content\/uploads\/2022\/10\/Conjunto-ganadores.jpeg 2000w\" sizes=\"(max-width: 1024px) 100vw, 1024px\" \/><\/figure><\/li><li class=\"blocks-gallery-item\"><figure><img decoding=\"async\" loading=\"lazy\" width=\"766\" height=\"1024\" src=\"https:\/\/xadrezasburgas.net\/wp-content\/uploads\/2022\/10\/Trofeos-766x1024.jpeg\" alt=\"\" data-id=\"861\" data-full-url=\"https:\/\/xadrezasburgas.net\/wp-content\/uploads\/2022\/10\/Trofeos.jpeg\" data-link=\"https:\/\/xadrezasburgas.net\/index.php\/aberto-de-outono-de-ourense-xadrez-rapido-15-de-outubro-2022\/trofeos-2\/\" class=\"wp-image-861\" srcset=\"https:\/\/xadrezasburgas.net\/wp-content\/uploads\/2022\/10\/Trofeos-766x1024.jpeg 766w, https:\/\/xadrezasburgas.net\/wp-content\/uploads\/2022\/10\/Trofeos-224x300.jpeg 224w, https:\/\/xadrezasburgas.net\/wp-content\/uploads\/2022\/10\/Trofeos-768x1027.jpeg 768w, https:\/\/xadrezasburgas.net\/wp-content\/uploads\/2022\/10\/Trofeos-1149x1536.jpeg 1149w, https:\/\/xadrezasburgas.net\/wp-content\/uploads\/2022\/10\/Trofeos.jpeg 1496w\" sizes=\"(max-width: 766px) 100vw, 766px\" \/><\/figure><\/li><li class=\"blocks-gallery-item\"><figure><img decoding=\"async\" loading=\"lazy\" width=\"766\" height=\"1024\" src=\"https:\/\/xadrezasburgas.net\/wp-content\/uploads\/2022\/10\/Vetrano-766x1024.jpeg\" alt=\"\" data-id=\"862\" data-full-url=\"https:\/\/xadrezasburgas.net\/wp-content\/uploads\/2022\/10\/Vetrano.jpeg\" data-link=\"https:\/\/xadrezasburgas.net\/index.php\/aberto-de-outono-de-ourense-xadrez-rapido-15-de-outubro-2022\/vetrano\/\" class=\"wp-image-862\" srcset=\"https:\/\/xadrezasburgas.net\/wp-content\/uploads\/2022\/10\/Vetrano-766x1024.jpeg 766w, https:\/\/xadrezasburgas.net\/wp-content\/uploads\/2022\/10\/Vetrano-224x300.jpeg 224w, https:\/\/xadrezasburgas.net\/wp-content\/uploads\/2022\/10\/Vetrano-768x1027.jpeg 768w, https:\/\/xadrezasburgas.net\/wp-content\/uploads\/2022\/10\/Vetrano-1149x1536.jpeg 1149w, https:\/\/xadrezasburgas.net\/wp-content\/uploads\/2022\/10\/Vetrano.jpeg 1496w\" sizes=\"(max-width: 766px) 100vw, 766px\" \/><\/figure><\/li><li class=\"blocks-gallery-item\"><figure><img decoding=\"async\" loading=\"lazy\" width=\"1024\" height=\"766\" src=\"https:\/\/xadrezasburgas.net\/wp-content\/uploads\/2022\/10\/WhatsApp-Image-2022-10-16-at-16.26.17-1024x766.jpeg\" alt=\"\" data-id=\"863\" data-full-url=\"https:\/\/xadrezasburgas.net\/wp-content\/uploads\/2022\/10\/WhatsApp-Image-2022-10-16-at-16.26.17.jpeg\" data-link=\"https:\/\/xadrezasburgas.net\/index.php\/aberto-de-outono-de-ourense-xadrez-rapido-15-de-outubro-2022\/whatsapp-image-2022-10-16-at-16-26-17\/\" class=\"wp-image-863\" srcset=\"https:\/\/xadrezasburgas.net\/wp-content\/uploads\/2022\/10\/WhatsApp-Image-2022-10-16-at-16.26.17-1024x766.jpeg 1024w, https:\/\/xadrezasburgas.net\/wp-content\/uploads\/2022\/10\/WhatsApp-Image-2022-10-16-at-16.26.17-300x224.jpeg 300w, https:\/\/xadrezasburgas.net\/wp-content\/uploads\/2022\/10\/WhatsApp-Image-2022-10-16-at-16.26.17-768x574.jpeg 768w, https:\/\/xadrezasburgas.net\/wp-content\/uploads\/2022\/10\/WhatsApp-Image-2022-10-16-at-16.26.17-1536x1149.jpeg 1536w, https:\/\/xadrezasburgas.net\/wp-content\/uploads\/2022\/10\/WhatsApp-Image-2022-10-16-at-16.26.17.jpeg 2000w\" sizes=\"(max-width: 1024px) 100vw, 1024px\" \/><\/figure><\/li><li class=\"blocks-gallery-item\"><figure><img decoding=\"async\" loading=\"lazy\" width=\"766\" height=\"1024\" src=\"https:\/\/xadrezasburgas.net\/wp-content\/uploads\/2022\/10\/WhatsApp-Image-2022-10-16-at-16.28.47-766x1024.jpeg\" alt=\"\" data-id=\"864\" data-full-url=\"https:\/\/xadrezasburgas.net\/wp-content\/uploads\/2022\/10\/WhatsApp-Image-2022-10-16-at-16.28.47.jpeg\" data-link=\"https:\/\/xadrezasburgas.net\/index.php\/aberto-de-outono-de-ourense-xadrez-rapido-15-de-outubro-2022\/whatsapp-image-2022-10-16-at-16-28-47\/\" class=\"wp-image-864\" srcset=\"https:\/\/xadrezasburgas.net\/wp-content\/uploads\/2022\/10\/WhatsApp-Image-2022-10-16-at-16.28.47-766x1024.jpeg 766w, https:\/\/xadrezasburgas.net\/wp-content\/uploads\/2022\/10\/WhatsApp-Image-2022-10-16-at-16.28.47-224x300.jpeg 224w, https:\/\/xadrezasburgas.net\/wp-content\/uploads\/2022\/10\/WhatsApp-Image-2022-10-16-at-16.28.47-768x1027.jpeg 768w, https:\/\/xadrezasburgas.net\/wp-content\/uploads\/2022\/10\/WhatsApp-Image-2022-10-16-at-16.28.47-1149x1536.jpeg 1149w, https:\/\/xadrezasburgas.net\/wp-content\/uploads\/2022\/10\/WhatsApp-Image-2022-10-16-at-16.28.47.jpeg 1496w\" sizes=\"(max-width: 766px) 100vw, 766px\" \/><\/figure><\/li><li class=\"blocks-gallery-item\"><figure><img decoding=\"async\" loading=\"lazy\" width=\"766\" height=\"1024\" src=\"https:\/\/xadrezasburgas.net\/wp-content\/uploads\/2022\/10\/WhatsApp-Image-2022-10-16-at-16.28.48-766x1024.jpeg\" alt=\"\" data-id=\"865\" data-full-url=\"https:\/\/xadrezasburgas.net\/wp-content\/uploads\/2022\/10\/WhatsApp-Image-2022-10-16-at-16.28.48.jpeg\" data-link=\"https:\/\/xadrezasburgas.net\/index.php\/aberto-de-outono-de-ourense-xadrez-rapido-15-de-outubro-2022\/whatsapp-image-2022-10-16-at-16-28-48\/\" class=\"wp-image-865\" srcset=\"https:\/\/xadrezasburgas.net\/wp-content\/uploads\/2022\/10\/WhatsApp-Image-2022-10-16-at-16.28.48-766x1024.jpeg 766w, https:\/\/xadrezasburgas.net\/wp-content\/uploads\/2022\/10\/WhatsApp-Image-2022-10-16-at-16.28.48-224x300.jpeg 224w, https:\/\/xadrezasburgas.net\/wp-content\/uploads\/2022\/10\/WhatsApp-Image-2022-10-16-at-16.28.48-768x1027.jpeg 768w, https:\/\/xadrezasburgas.net\/wp-content\/uploads\/2022\/10\/WhatsApp-Image-2022-10-16-at-16.28.48-1149x1536.jpeg 1149w, https:\/\/xadrezasburgas.net\/wp-content\/uploads\/2022\/10\/WhatsApp-Image-2022-10-16-at-16.28.48.jpeg 1496w\" sizes=\"(max-width: 766px) 100vw, 766px\" \/><\/figure><\/li><li class=\"blocks-gallery-item\"><figure><img decoding=\"async\" loading=\"lazy\" width=\"766\" height=\"1024\" src=\"https:\/\/xadrezasburgas.net\/wp-content\/uploads\/2022\/10\/WhatsApp-Image-2022-10-16-at-16.28.59-766x1024.jpeg\" alt=\"\" data-id=\"866\" data-full-url=\"https:\/\/xadrezasburgas.net\/wp-content\/uploads\/2022\/10\/WhatsApp-Image-2022-10-16-at-16.28.59.jpeg\" data-link=\"https:\/\/xadrezasburgas.net\/index.php\/aberto-de-outono-de-ourense-xadrez-rapido-15-de-outubro-2022\/whatsapp-image-2022-10-16-at-16-28-59\/\" class=\"wp-image-866\" srcset=\"https:\/\/xadrezasburgas.net\/wp-content\/uploads\/2022\/10\/WhatsApp-Image-2022-10-16-at-16.28.59-766x1024.jpeg 766w, https:\/\/xadrezasburgas.net\/wp-content\/uploads\/2022\/10\/WhatsApp-Image-2022-10-16-at-16.28.59-224x300.jpeg 224w, https:\/\/xadrezasburgas.net\/wp-content\/uploads\/2022\/10\/WhatsApp-Image-2022-10-16-at-16.28.59-768x1027.jpeg 768w, https:\/\/xadrezasburgas.net\/wp-content\/uploads\/2022\/10\/WhatsApp-Image-2022-10-16-at-16.28.59-1149x1536.jpeg 1149w, https:\/\/xadrezasburgas.net\/wp-content\/uploads\/2022\/10\/WhatsApp-Image-2022-10-16-at-16.28.59.jpeg 1496w\" sizes=\"(max-width: 766px) 100vw, 766px\" \/><\/figure><\/li><li class=\"blocks-gallery-item\"><figure><img decoding=\"async\" loading=\"lazy\" width=\"766\" height=\"1024\" src=\"https:\/\/xadrezasburgas.net\/wp-content\/uploads\/2022\/10\/WhatsApp-Image-2022-10-16-at-16.29.00-1-766x1024.jpeg\" alt=\"\" data-id=\"867\" data-full-url=\"https:\/\/xadrezasburgas.net\/wp-content\/uploads\/2022\/10\/WhatsApp-Image-2022-10-16-at-16.29.00-1.jpeg\" data-link=\"https:\/\/xadrezasburgas.net\/index.php\/aberto-de-outono-de-ourense-xadrez-rapido-15-de-outubro-2022\/whatsapp-image-2022-10-16-at-16-29-00-1\/\" class=\"wp-image-867\" srcset=\"https:\/\/xadrezasburgas.net\/wp-content\/uploads\/2022\/10\/WhatsApp-Image-2022-10-16-at-16.29.00-1-766x1024.jpeg 766w, https:\/\/xadrezasburgas.net\/wp-content\/uploads\/2022\/10\/WhatsApp-Image-2022-10-16-at-16.29.00-1-224x300.jpeg 224w, https:\/\/xadrezasburgas.net\/wp-content\/uploads\/2022\/10\/WhatsApp-Image-2022-10-16-at-16.29.00-1-768x1027.jpeg 768w, https:\/\/xadrezasburgas.net\/wp-content\/uploads\/2022\/10\/WhatsApp-Image-2022-10-16-at-16.29.00-1-1149x1536.jpeg 1149w, https:\/\/xadrezasburgas.net\/wp-content\/uploads\/2022\/10\/WhatsApp-Image-2022-10-16-at-16.29.00-1.jpeg 1496w\" sizes=\"(max-width: 766px) 100vw, 766px\" \/><\/figure><\/li><li class=\"blocks-gallery-item\"><figure><img decoding=\"async\" loading=\"lazy\" width=\"766\" height=\"1024\" src=\"https:\/\/xadrezasburgas.net\/wp-content\/uploads\/2022\/10\/WhatsApp-Image-2022-10-16-at-16.29.00-766x1024.jpeg\" alt=\"\" data-id=\"868\" data-full-url=\"https:\/\/xadrezasburgas.net\/wp-content\/uploads\/2022\/10\/WhatsApp-Image-2022-10-16-at-16.29.00.jpeg\" data-link=\"https:\/\/xadrezasburgas.net\/index.php\/aberto-de-outono-de-ourense-xadrez-rapido-15-de-outubro-2022\/whatsapp-image-2022-10-16-at-16-29-00\/\" class=\"wp-image-868\" srcset=\"https:\/\/xadrezasburgas.net\/wp-content\/uploads\/2022\/10\/WhatsApp-Image-2022-10-16-at-16.29.00-766x1024.jpeg 766w, https:\/\/xadrezasburgas.net\/wp-content\/uploads\/2022\/10\/WhatsApp-Image-2022-10-16-at-16.29.00-224x300.jpeg 224w, https:\/\/xadrezasburgas.net\/wp-content\/uploads\/2022\/10\/WhatsApp-Image-2022-10-16-at-16.29.00-768x1027.jpeg 768w, https:\/\/xadrezasburgas.net\/wp-content\/uploads\/2022\/10\/WhatsApp-Image-2022-10-16-at-16.29.00-1149x1536.jpeg 1149w, https:\/\/xadrezasburgas.net\/wp-content\/uploads\/2022\/10\/WhatsApp-Image-2022-10-16-at-16.29.00.jpeg 1496w\" sizes=\"(max-width: 766px) 100vw, 766px\" \/><\/figure><\/li><li class=\"blocks-gallery-item\"><figure><img decoding=\"async\" loading=\"lazy\" width=\"766\" height=\"1024\" src=\"https:\/\/xadrezasburgas.net\/wp-content\/uploads\/2022\/10\/WhatsApp-Image-2022-10-16-at-16.29.01-1-766x1024.jpeg\" alt=\"\" data-id=\"869\" data-full-url=\"https:\/\/xadrezasburgas.net\/wp-content\/uploads\/2022\/10\/WhatsApp-Image-2022-10-16-at-16.29.01-1.jpeg\" data-link=\"https:\/\/xadrezasburgas.net\/index.php\/aberto-de-outono-de-ourense-xadrez-rapido-15-de-outubro-2022\/whatsapp-image-2022-10-16-at-16-29-01-1\/\" class=\"wp-image-869\" srcset=\"https:\/\/xadrezasburgas.net\/wp-content\/uploads\/2022\/10\/WhatsApp-Image-2022-10-16-at-16.29.01-1-766x1024.jpeg 766w, https:\/\/xadrezasburgas.net\/wp-content\/uploads\/2022\/10\/WhatsApp-Image-2022-10-16-at-16.29.01-1-224x300.jpeg 224w, https:\/\/xadrezasburgas.net\/wp-content\/uploads\/2022\/10\/WhatsApp-Image-2022-10-16-at-16.29.01-1-768x1027.jpeg 768w, https:\/\/xadrezasburgas.net\/wp-content\/uploads\/2022\/10\/WhatsApp-Image-2022-10-16-at-16.29.01-1-1149x1536.jpeg 1149w, https:\/\/xadrezasburgas.net\/wp-content\/uploads\/2022\/10\/WhatsApp-Image-2022-10-16-at-16.29.01-1.jpeg 1496w\" sizes=\"(max-width: 766px) 100vw, 766px\" \/><\/figure><\/li><li class=\"blocks-gallery-item\"><figure><img decoding=\"async\" loading=\"lazy\" width=\"766\" height=\"1024\" src=\"https:\/\/xadrezasburgas.net\/wp-content\/uploads\/2022\/10\/WhatsApp-Image-2022-10-16-at-16.29.01-766x1024.jpeg\" alt=\"\" data-id=\"870\" data-full-url=\"https:\/\/xadrezasburgas.net\/wp-content\/uploads\/2022\/10\/WhatsApp-Image-2022-10-16-at-16.29.01.jpeg\" data-link=\"https:\/\/xadrezasburgas.net\/index.php\/aberto-de-outono-de-ourense-xadrez-rapido-15-de-outubro-2022\/whatsapp-image-2022-10-16-at-16-29-01\/\" class=\"wp-image-870\" srcset=\"https:\/\/xadrezasburgas.net\/wp-content\/uploads\/2022\/10\/WhatsApp-Image-2022-10-16-at-16.29.01-766x1024.jpeg 766w, https:\/\/xadrezasburgas.net\/wp-content\/uploads\/2022\/10\/WhatsApp-Image-2022-10-16-at-16.29.01-224x300.jpeg 224w, https:\/\/xadrezasburgas.net\/wp-content\/uploads\/2022\/10\/WhatsApp-Image-2022-10-16-at-16.29.01-768x1027.jpeg 768w, https:\/\/xadrezasburgas.net\/wp-content\/uploads\/2022\/10\/WhatsApp-Image-2022-10-16-at-16.29.01-1149x1536.jpeg 1149w, https:\/\/xadrezasburgas.net\/wp-content\/uploads\/2022\/10\/WhatsApp-Image-2022-10-16-at-16.29.01.jpeg 1496w\" sizes=\"(max-width: 766px) 100vw, 766px\" \/><\/figure><\/li><li class=\"blocks-gallery-item\"><figure><img decoding=\"async\" loading=\"lazy\" width=\"524\" height=\"1024\" src=\"https:\/\/xadrezasburgas.net\/wp-content\/uploads\/2022\/10\/WhatsApp-Image-2022-10-16-at-16.29.44-524x1024.jpeg\" alt=\"\" data-id=\"871\" data-full-url=\"https:\/\/xadrezasburgas.net\/wp-content\/uploads\/2022\/10\/WhatsApp-Image-2022-10-16-at-16.29.44.jpeg\" data-link=\"https:\/\/xadrezasburgas.net\/index.php\/aberto-de-outono-de-ourense-xadrez-rapido-15-de-outubro-2022\/whatsapp-image-2022-10-16-at-16-29-44\/\" class=\"wp-image-871\" srcset=\"https:\/\/xadrezasburgas.net\/wp-content\/uploads\/2022\/10\/WhatsApp-Image-2022-10-16-at-16.29.44-524x1024.jpeg 524w, https:\/\/xadrezasburgas.net\/wp-content\/uploads\/2022\/10\/WhatsApp-Image-2022-10-16-at-16.29.44-154x300.jpeg 154w, https:\/\/xadrezasburgas.net\/wp-content\/uploads\/2022\/10\/WhatsApp-Image-2022-10-16-at-16.29.44-768x1500.jpeg 768w, https:\/\/xadrezasburgas.net\/wp-content\/uploads\/2022\/10\/WhatsApp-Image-2022-10-16-at-16.29.44-786x1536.jpeg 786w, https:\/\/xadrezasburgas.net\/wp-content\/uploads\/2022\/10\/WhatsApp-Image-2022-10-16-at-16.29.44.jpeg 819w\" sizes=\"(max-width: 524px) 100vw, 524px\" \/><\/figure><\/li><li class=\"blocks-gallery-item\"><figure><img decoding=\"async\" loading=\"lazy\" width=\"674\" height=\"987\" src=\"https:\/\/xadrezasburgas.net\/wp-content\/uploads\/2022\/10\/WhatsApp-Image-2022-10-16-at-18.52.46.jpeg\" alt=\"\" data-id=\"872\" data-full-url=\"https:\/\/xadrezasburgas.net\/wp-content\/uploads\/2022\/10\/WhatsApp-Image-2022-10-16-at-18.52.46.jpeg\" data-link=\"https:\/\/xadrezasburgas.net\/index.php\/aberto-de-outono-de-ourense-xadrez-rapido-15-de-outubro-2022\/whatsapp-image-2022-10-16-at-18-52-46\/\" class=\"wp-image-872\" srcset=\"https:\/\/xadrezasburgas.net\/wp-content\/uploads\/2022\/10\/WhatsApp-Image-2022-10-16-at-18.52.46.jpeg 674w, https:\/\/xadrezasburgas.net\/wp-content\/uploads\/2022\/10\/WhatsApp-Image-2022-10-16-at-18.52.46-205x300.jpeg 205w\" sizes=\"(max-width: 674px) 100vw, 674px\" \/><\/figure><\/li><li class=\"blocks-gallery-item\"><figure><img decoding=\"async\" loading=\"lazy\" width=\"1024\" height=\"430\" src=\"https:\/\/xadrezasburgas.net\/wp-content\/uploads\/2022\/10\/WhatsApp-Image-2022-10-16-at-18.59.39-1024x430.jpeg\" alt=\"\" data-id=\"873\" data-full-url=\"https:\/\/xadrezasburgas.net\/wp-content\/uploads\/2022\/10\/WhatsApp-Image-2022-10-16-at-18.59.39.jpeg\" data-link=\"https:\/\/xadrezasburgas.net\/index.php\/aberto-de-outono-de-ourense-xadrez-rapido-15-de-outubro-2022\/whatsapp-image-2022-10-16-at-18-59-39\/\" class=\"wp-image-873\" srcset=\"https:\/\/xadrezasburgas.net\/wp-content\/uploads\/2022\/10\/WhatsApp-Image-2022-10-16-at-18.59.39-1024x430.jpeg 1024w, https:\/\/xadrezasburgas.net\/wp-content\/uploads\/2022\/10\/WhatsApp-Image-2022-10-16-at-18.59.39-300x126.jpeg 300w, https:\/\/xadrezasburgas.net\/wp-content\/uploads\/2022\/10\/WhatsApp-Image-2022-10-16-at-18.59.39-768x323.jpeg 768w, https:\/\/xadrezasburgas.net\/wp-content\/uploads\/2022\/10\/WhatsApp-Image-2022-10-16-at-18.59.39-1536x645.jpeg 1536w, https:\/\/xadrezasburgas.net\/wp-content\/uploads\/2022\/10\/WhatsApp-Image-2022-10-16-at-18.59.39.jpeg 1600w\" sizes=\"(max-width: 1024px) 100vw, 1024px\" \/><\/figure><\/li><\/ul><\/figure>\n","protected":false},"excerpt":{"rendered":"<p>S\u00e1bado 15 de outubro: Espazo Xove de Ourense a partir das 11h 00 da ma\u00f1\u00e1n. Gana Ibragim Khamrakulov, GM Uzbeko afincado en Vigo concedendo solamente 2 taboas, por diante de Arian Gonzalez e Armando De Sousa, ambos do Liceo Ourense. https:\/\/info64.org\/aberto-de-outono-de-ourense-xadrez-rapido<\/p>\n","protected":false},"author":1,"featured_media":0,"parent":0,"menu_order":0,"comment_status":"closed","ping_status":"closed","template":"","meta":{"footnotes":""},"_links":{"self":[{"href":"https:\/\/xadrezasburgas.net\/index.php\/wp-json\/wp\/v2\/pages\/835"}],"collection":[{"href":"https:\/\/xadrezasburgas.net\/index.php\/wp-json\/wp\/v2\/pages"}],"about":[{"href":"https:\/\/xadrezasburgas.net\/index.php\/wp-json\/wp\/v2\/types\/page"}],"author":[{"embeddable":true,"href":"https:\/\/xadrezasburgas.net\/index.php\/wp-json\/wp\/v2\/users\/1"}],"replies":[{"embeddable":true,"href":"https:\/\/xadrezasburgas.net\/index.php\/wp-json\/wp\/v2\/comments?post=835"}],"version-history":[{"count":9,"href":"https:\/\/xadrezasburgas.net\/index.php\/wp-json\/wp\/v2\/pages\/835\/revisions"}],"predecessor-version":[{"id":878,"href":"https:\/\/xadrezasburgas.net\/index.php\/wp-json\/wp\/v2\/pages\/835\/revisions\/878"}],"wp:attachment":[{"href":"https:\/\/xadrezasburgas.net\/index.php\/wp-json\/wp\/v2\/media?parent=835"}],"curies":[{"name":"wp","href":"https:\/\/api.w.org\/{rel}","templated":true}]}}