{"id":78,"date":"2021-09-05T20:58:43","date_gmt":"2021-09-05T20:58:43","guid":{"rendered":"https:\/\/xadrezasburgas.net\/?page_id=78"},"modified":"2025-08-27T21:32:37","modified_gmt":"2025-08-27T21:32:37","slug":"escola-de-xadrez","status":"publish","type":"page","link":"https:\/\/xadrezasburgas.net\/index.php\/escola-de-xadrez\/","title":{"rendered":"Escola de Xadrez 2025-26 : a partir do luns 01 de setembro"},"content":{"rendered":"\n<p><strong>Horarios e tarifas: curso 202<\/strong>5-26<\/p>\n\n\n\n<div class=\"wp-block-file\"><object class=\"wp-block-file__embed\" data=\"https:\/\/xadrezasburgas.net\/wp-content\/uploads\/2025\/08\/Horarios-Tarifas-ACADEMICA-XADREZ-AS-BURGAS-2025-26.pdf\" type=\"application\/pdf\" style=\"width:100%;height:600px\" aria-label=\"Incrustado de Horarios-Tarifas-ACADEMICA-XADREZ-AS-BURGAS-2025-26.\"><\/object><a id=\"wp-block-file--media-d2b7555f-cf9b-4fd0-abc5-f66474621cf2\" href=\"https:\/\/xadrezasburgas.net\/wp-content\/uploads\/2025\/08\/Horarios-Tarifas-ACADEMICA-XADREZ-AS-BURGAS-2025-26.pdf\">Horarios-Tarifas-ACADEMICA-XADREZ-AS-BURGAS-2025-26<\/a><a href=\"https:\/\/xadrezasburgas.net\/wp-content\/uploads\/2025\/08\/Horarios-Tarifas-ACADEMICA-XADREZ-AS-BURGAS-2025-26.pdf\" class=\"wp-block-file__button wp-element-button\" download aria-describedby=\"wp-block-file--media-d2b7555f-cf9b-4fd0-abc5-f66474621cf2\">Descarga<\/a><\/div>\n\n\n\n<p class=\"has-black-color has-text-color has-medium-font-size\">Ofrecemos clases de xadrez en diferentes niveles e de maneira ordenada, progresiva, desde iniciaci\u00f3n ata un nivel avanzado.<\/p>\n\n\n\n<p class=\"has-black-color has-text-color has-medium-font-size\">Temos unha clasificaci\u00f3n personal para evaluar o nivel do xogador\/a que empeza ou que xa ten certo nivel.<\/p>\n\n\n\n<p class=\"has-black-color has-text-color has-medium-font-size\">Esta clasificaci\u00f3n est\u00e1 baseada en 3 escal\u00f3ns: iniciaci\u00f3n I e II (ata os 12 anos); perfeccionamento I e II; avanzado I e II.<\/p>\n\n\n\n<p class=\"has-black-color has-text-color has-medium-font-size\">Se xa xogaches ao xadrez, tentamos valorar o teu nivel e ofrecerche un grupo axeitado.<\/p>\n\n\n\n<p class=\"has-black-color has-text-color has-medium-font-size\">Se tes un nivel avanzado, non dubides en contactar con n\u00f3s para ofrecerche o que necesites.<\/p>\n\n\n\n<p class=\"has-text-align-right has-black-color has-text-color\">(actualizado a septembre de 2025)<\/p>\n\n\n\n<p><\/p>\n","protected":false},"excerpt":{"rendered":"<p>Horarios e tarifas: curso 2025-26 Ofrecemos clases de xadrez en diferentes niveles e de maneira ordenada, progresiva, desde iniciaci\u00f3n ata un nivel avanzado. Temos unha clasificaci\u00f3n personal para evaluar o nivel do xogador\/a que empeza ou que xa ten certo nivel. Esta clasificaci\u00f3n est\u00e1 baseada en 3 escal\u00f3ns: iniciaci\u00f3n I e II (ata os 12 [&hellip;]<\/p>\n","protected":false},"author":1,"featured_media":1886,"parent":0,"menu_order":0,"comment_status":"closed","ping_status":"closed","template":"","meta":{"footnotes":""},"_links":{"self":[{"href":"https:\/\/xadrezasburgas.net\/index.php\/wp-json\/wp\/v2\/pages\/78"}],"collection":[{"href":"https:\/\/xadrezasburgas.net\/index.php\/wp-json\/wp\/v2\/pages"}],"about":[{"href":"https:\/\/xadrezasburgas.net\/index.php\/wp-json\/wp\/v2\/types\/page"}],"author":[{"embeddable":true,"href":"https:\/\/xadrezasburgas.net\/index.php\/wp-json\/wp\/v2\/users\/1"}],"replies":[{"embeddable":true,"href":"https:\/\/xadrezasburgas.net\/index.php\/wp-json\/wp\/v2\/comments?post=78"}],"version-history":[{"count":16,"href":"https:\/\/xadrezasburgas.net\/index.php\/wp-json\/wp\/v2\/pages\/78\/revisions"}],"predecessor-version":[{"id":2283,"href":"https:\/\/xadrezasburgas.net\/index.php\/wp-json\/wp\/v2\/pages\/78\/revisions\/2283"}],"wp:featuredmedia":[{"embeddable":true,"href":"https:\/\/xadrezasburgas.net\/index.php\/wp-json\/wp\/v2\/media\/1886"}],"wp:attachment":[{"href":"https:\/\/xadrezasburgas.net\/index.php\/wp-json\/wp\/v2\/media?parent=78"}],"curies":[{"name":"wp","href":"https:\/\/api.w.org\/{rel}","templated":true}]}}