{"id":626,"date":"2022-05-26T21:04:38","date_gmt":"2022-05-26T21:04:38","guid":{"rendered":"https:\/\/xadrezasburgas.net\/?page_id=626"},"modified":"2022-06-13T17:30:04","modified_gmt":"2022-06-13T17:30:04","slug":"torneo-pontinas-lalin-sabado-11-de-xuno","status":"publish","type":"page","link":"https:\/\/xadrezasburgas.net\/index.php\/torneo-pontinas-lalin-sabado-11-de-xuno\/","title":{"rendered":"Torneo Ponti\u00f1as Lal\u00edn-s\u00e1bado 11 de xu\u00f1o"},"content":{"rendered":"\n<p>Celebrado o torneo activo, resultou ga\u00f1ador Daniel Dourado do <strong>club Xadrez Rianxo, seguido de Miguel e Marcos Reza, do Universitrario de Ourense. Antonio Susavila, do Club Xadrez Padr\u00f3n foi o 5to clasificado e ga\u00f1ador do Trofeo ao Campi\u00f3n Veterano.<\/strong><\/p>\n\n\n\n<p><\/p>\n\n\n\n<p>A organizaci\u00f3n decidiu facer un s\u00f3 torneo de categor\u00eda absoluta cuns 40 participantes, dado que en sub 12 a participaci\u00f3n foir escasa. Dispuxo de avituallamento con auguas, barritas enerx\u00e9ticas e maz\u00e1ns. Houbo premios especiais ao ganador e campi\u00f3n sub 16. Os ga\u00f1adores rebiron bolsas con material diverso. Sorte\u00e1ronse ao final m\u00e1s bolsas e material de xadrez. A entrega de premios e os sortos fon \u00f3 redor das 8 h 30 da tarde.<\/p>\n\n\n\n<p>O evento tivo lugar na sala de conferencia on, lugar esgardo do ruido. Nos descansos, os m\u00e1si pequenos poideron xogar no espazo da galer\u00eda, as\u00ed como os pais puideron esperar nas cafeter\u00edas do Centro Comercial.<\/p>\n\n\n\n<p>Cadro de Honra<\/p>\n\n\n\n<div class=\"wp-block-file\"><a href=\"https:\/\/xadrezasburgas.net\/wp-content\/uploads\/2022\/06\/Cadro-de-Honra-Pontinas-2022.pdf\">Cadro-de-Honra-Pontinas-2022<\/a><a href=\"https:\/\/xadrezasburgas.net\/wp-content\/uploads\/2022\/06\/Cadro-de-Honra-Pontinas-2022.pdf\" class=\"wp-block-file__button\" download>Descarga<\/a><\/div>\n\n\n\n<p>Galerias de fotos<\/p>\n\n\n\n<figure class=\"wp-block-gallery columns-5 is-cropped wp-block-gallery-1 is-layout-flex wp-block-gallery-is-layout-flex\"><ul class=\"blocks-gallery-grid\"><li class=\"blocks-gallery-item\"><figure><img decoding=\"async\" loading=\"lazy\" width=\"150\" height=\"150\" src=\"https:\/\/xadrezasburgas.net\/wp-content\/uploads\/2022\/06\/IMG_20220611_153626_resized_20220613_071915700-150x150.jpg\" alt=\"\" data-id=\"655\" data-full-url=\"https:\/\/xadrezasburgas.net\/wp-content\/uploads\/2022\/06\/IMG_20220611_153626_resized_20220613_071915700.jpg\" data-link=\"https:\/\/xadrezasburgas.net\/index.php\/torneo-pontinas-lalin-sabado-11-de-xuno\/img_20220611_153626_resized_20220613_071915700\/\" class=\"wp-image-655\"\/><\/figure><\/li><li class=\"blocks-gallery-item\"><figure><img decoding=\"async\" loading=\"lazy\" width=\"150\" height=\"150\" src=\"https:\/\/xadrezasburgas.net\/wp-content\/uploads\/2022\/06\/IMG_20220613_190649-150x150.jpg\" alt=\"\" data-id=\"656\" data-full-url=\"https:\/\/xadrezasburgas.net\/wp-content\/uploads\/2022\/06\/IMG_20220613_190649.jpg\" data-link=\"https:\/\/xadrezasburgas.net\/index.php\/torneo-pontinas-lalin-sabado-11-de-xuno\/img_20220613_190649\/\" class=\"wp-image-656\"\/><\/figure><\/li><li class=\"blocks-gallery-item\"><figure><img decoding=\"async\" loading=\"lazy\" width=\"150\" height=\"150\" src=\"https:\/\/xadrezasburgas.net\/wp-content\/uploads\/2022\/06\/IMG_20220613_190837-150x150.jpg\" alt=\"\" data-id=\"657\" data-full-url=\"https:\/\/xadrezasburgas.net\/wp-content\/uploads\/2022\/06\/IMG_20220613_190837.jpg\" data-link=\"https:\/\/xadrezasburgas.net\/index.php\/torneo-pontinas-lalin-sabado-11-de-xuno\/img_20220613_190837\/\" class=\"wp-image-657\"\/><\/figure><\/li><li class=\"blocks-gallery-item\"><figure><img decoding=\"async\" loading=\"lazy\" width=\"150\" height=\"150\" src=\"https:\/\/xadrezasburgas.net\/wp-content\/uploads\/2022\/06\/IMG_20220613_191020-150x150.jpg\" alt=\"\" data-id=\"658\" data-full-url=\"https:\/\/xadrezasburgas.net\/wp-content\/uploads\/2022\/06\/IMG_20220613_191020.jpg\" data-link=\"https:\/\/xadrezasburgas.net\/index.php\/torneo-pontinas-lalin-sabado-11-de-xuno\/img_20220613_191020\/\" class=\"wp-image-658\"\/><\/figure><\/li><li class=\"blocks-gallery-item\"><figure><img decoding=\"async\" loading=\"lazy\" width=\"150\" height=\"150\" src=\"https:\/\/xadrezasburgas.net\/wp-content\/uploads\/2022\/06\/IMG_20220613_191104-150x150.jpg\" alt=\"\" data-id=\"659\" data-full-url=\"https:\/\/xadrezasburgas.net\/wp-content\/uploads\/2022\/06\/IMG_20220613_191104.jpg\" data-link=\"https:\/\/xadrezasburgas.net\/index.php\/torneo-pontinas-lalin-sabado-11-de-xuno\/img_20220613_191104\/\" class=\"wp-image-659\"\/><\/figure><\/li><li class=\"blocks-gallery-item\"><figure><img decoding=\"async\" loading=\"lazy\" width=\"150\" height=\"150\" src=\"https:\/\/xadrezasburgas.net\/wp-content\/uploads\/2022\/06\/IMG_20220613_191154-150x150.jpg\" alt=\"\" data-id=\"660\" data-full-url=\"https:\/\/xadrezasburgas.net\/wp-content\/uploads\/2022\/06\/IMG_20220613_191154.jpg\" data-link=\"https:\/\/xadrezasburgas.net\/index.php\/torneo-pontinas-lalin-sabado-11-de-xuno\/img_20220613_191154\/\" class=\"wp-image-660\"\/><\/figure><\/li><li class=\"blocks-gallery-item\"><figure><img decoding=\"async\" loading=\"lazy\" width=\"150\" height=\"150\" src=\"https:\/\/xadrezasburgas.net\/wp-content\/uploads\/2022\/06\/IMG_20220613_191242-150x150.jpg\" alt=\"\" data-id=\"661\" data-full-url=\"https:\/\/xadrezasburgas.net\/wp-content\/uploads\/2022\/06\/IMG_20220613_191242.jpg\" data-link=\"https:\/\/xadrezasburgas.net\/index.php\/torneo-pontinas-lalin-sabado-11-de-xuno\/img_20220613_191242\/\" class=\"wp-image-661\"\/><\/figure><\/li><li class=\"blocks-gallery-item\"><figure><img decoding=\"async\" loading=\"lazy\" width=\"150\" height=\"150\" src=\"https:\/\/xadrezasburgas.net\/wp-content\/uploads\/2022\/06\/IMG_20220613_191336-150x150.jpg\" alt=\"\" data-id=\"662\" data-full-url=\"https:\/\/xadrezasburgas.net\/wp-content\/uploads\/2022\/06\/IMG_20220613_191336.jpg\" data-link=\"https:\/\/xadrezasburgas.net\/index.php\/torneo-pontinas-lalin-sabado-11-de-xuno\/img_20220613_191336\/\" class=\"wp-image-662\"\/><\/figure><\/li><li class=\"blocks-gallery-item\"><figure><img decoding=\"async\" loading=\"lazy\" width=\"150\" height=\"150\" src=\"https:\/\/xadrezasburgas.net\/wp-content\/uploads\/2022\/06\/IMG_20220613_191448-150x150.jpg\" alt=\"\" data-id=\"663\" data-full-url=\"https:\/\/xadrezasburgas.net\/wp-content\/uploads\/2022\/06\/IMG_20220613_191448.jpg\" data-link=\"https:\/\/xadrezasburgas.net\/index.php\/torneo-pontinas-lalin-sabado-11-de-xuno\/img_20220613_191448\/\" class=\"wp-image-663\"\/><\/figure><\/li><li class=\"blocks-gallery-item\"><figure><img decoding=\"async\" loading=\"lazy\" width=\"150\" height=\"150\" src=\"https:\/\/xadrezasburgas.net\/wp-content\/uploads\/2022\/06\/IMG_20220613_191529-150x150.jpg\" alt=\"\" data-id=\"664\" data-full-url=\"https:\/\/xadrezasburgas.net\/wp-content\/uploads\/2022\/06\/IMG_20220613_191529.jpg\" data-link=\"https:\/\/xadrezasburgas.net\/index.php\/torneo-pontinas-lalin-sabado-11-de-xuno\/img_20220613_191529\/\" class=\"wp-image-664\"\/><\/figure><\/li><li class=\"blocks-gallery-item\"><figure><img decoding=\"async\" loading=\"lazy\" width=\"150\" height=\"150\" src=\"https:\/\/xadrezasburgas.net\/wp-content\/uploads\/2022\/06\/IMG_20220613_191604-150x150.jpg\" alt=\"\" data-id=\"665\" data-full-url=\"https:\/\/xadrezasburgas.net\/wp-content\/uploads\/2022\/06\/IMG_20220613_191604.jpg\" data-link=\"https:\/\/xadrezasburgas.net\/index.php\/torneo-pontinas-lalin-sabado-11-de-xuno\/img_20220613_191604\/\" class=\"wp-image-665\"\/><\/figure><\/li><li class=\"blocks-gallery-item\"><figure><img decoding=\"async\" loading=\"lazy\" width=\"150\" height=\"150\" src=\"https:\/\/xadrezasburgas.net\/wp-content\/uploads\/2022\/06\/IMG_20220613_191701-150x150.jpg\" alt=\"\" data-id=\"666\" data-full-url=\"https:\/\/xadrezasburgas.net\/wp-content\/uploads\/2022\/06\/IMG_20220613_191701.jpg\" data-link=\"https:\/\/xadrezasburgas.net\/index.php\/torneo-pontinas-lalin-sabado-11-de-xuno\/img_20220613_191701\/\" class=\"wp-image-666\"\/><\/figure><\/li><li class=\"blocks-gallery-item\"><figure><img decoding=\"async\" loading=\"lazy\" width=\"150\" height=\"150\" src=\"https:\/\/xadrezasburgas.net\/wp-content\/uploads\/2022\/06\/IMG_20220613_191746-150x150.jpg\" alt=\"\" data-id=\"667\" data-full-url=\"https:\/\/xadrezasburgas.net\/wp-content\/uploads\/2022\/06\/IMG_20220613_191746.jpg\" data-link=\"https:\/\/xadrezasburgas.net\/index.php\/torneo-pontinas-lalin-sabado-11-de-xuno\/img_20220613_191746\/\" class=\"wp-image-667\"\/><\/figure><\/li><li class=\"blocks-gallery-item\"><figure><img decoding=\"async\" loading=\"lazy\" width=\"150\" height=\"150\" src=\"https:\/\/xadrezasburgas.net\/wp-content\/uploads\/2022\/06\/IMG-20220610-WA0007-150x150.jpg\" alt=\"\" data-id=\"668\" data-full-url=\"https:\/\/xadrezasburgas.net\/wp-content\/uploads\/2022\/06\/IMG-20220610-WA0007.jpg\" data-link=\"https:\/\/xadrezasburgas.net\/index.php\/torneo-pontinas-lalin-sabado-11-de-xuno\/img-20220610-wa0007\/\" class=\"wp-image-668\"\/><\/figure><\/li><li class=\"blocks-gallery-item\"><figure><img decoding=\"async\" loading=\"lazy\" width=\"150\" height=\"150\" src=\"https:\/\/xadrezasburgas.net\/wp-content\/uploads\/2022\/06\/IMG-20220611-WA0008-150x150.jpg\" alt=\"\" data-id=\"669\" data-full-url=\"https:\/\/xadrezasburgas.net\/wp-content\/uploads\/2022\/06\/IMG-20220611-WA0008.jpg\" data-link=\"https:\/\/xadrezasburgas.net\/index.php\/torneo-pontinas-lalin-sabado-11-de-xuno\/img-20220611-wa0008\/\" class=\"wp-image-669\"\/><\/figure><\/li><li class=\"blocks-gallery-item\"><figure><img decoding=\"async\" loading=\"lazy\" width=\"150\" height=\"150\" src=\"https:\/\/xadrezasburgas.net\/wp-content\/uploads\/2022\/06\/IMG-20220611-WA0013-150x150.jpg\" alt=\"\" data-id=\"670\" data-full-url=\"https:\/\/xadrezasburgas.net\/wp-content\/uploads\/2022\/06\/IMG-20220611-WA0013.jpg\" data-link=\"https:\/\/xadrezasburgas.net\/index.php\/torneo-pontinas-lalin-sabado-11-de-xuno\/img-20220611-wa0013\/\" class=\"wp-image-670\"\/><\/figure><\/li><li class=\"blocks-gallery-item\"><figure><img decoding=\"async\" loading=\"lazy\" width=\"150\" height=\"150\" src=\"https:\/\/xadrezasburgas.net\/wp-content\/uploads\/2022\/06\/IMG-20220611-WA0024-150x150.jpg\" alt=\"\" data-id=\"671\" data-full-url=\"https:\/\/xadrezasburgas.net\/wp-content\/uploads\/2022\/06\/IMG-20220611-WA0024.jpg\" data-link=\"https:\/\/xadrezasburgas.net\/index.php\/torneo-pontinas-lalin-sabado-11-de-xuno\/img-20220611-wa0024\/\" class=\"wp-image-671\"\/><\/figure><\/li><li class=\"blocks-gallery-item\"><figure><img decoding=\"async\" loading=\"lazy\" width=\"150\" height=\"150\" src=\"https:\/\/xadrezasburgas.net\/wp-content\/uploads\/2022\/06\/IMG-20220611-WA0025-150x150.jpg\" alt=\"\" data-id=\"672\" data-full-url=\"https:\/\/xadrezasburgas.net\/wp-content\/uploads\/2022\/06\/IMG-20220611-WA0025.jpg\" data-link=\"https:\/\/xadrezasburgas.net\/index.php\/torneo-pontinas-lalin-sabado-11-de-xuno\/img-20220611-wa0025\/\" class=\"wp-image-672\"\/><\/figure><\/li><li class=\"blocks-gallery-item\"><figure><img decoding=\"async\" loading=\"lazy\" width=\"150\" height=\"150\" src=\"https:\/\/xadrezasburgas.net\/wp-content\/uploads\/2022\/06\/IMG-20220611-WA0027-150x150.jpg\" alt=\"\" data-id=\"673\" data-full-url=\"https:\/\/xadrezasburgas.net\/wp-content\/uploads\/2022\/06\/IMG-20220611-WA0027.jpg\" data-link=\"https:\/\/xadrezasburgas.net\/index.php\/torneo-pontinas-lalin-sabado-11-de-xuno\/img-20220611-wa0027\/\" class=\"wp-image-673\"\/><\/figure><\/li><\/ul><\/figure>\n\n\n\n<p><strong>BASES<\/strong><\/p>\n\n\n\n<div class=\"wp-block-file\"><a href=\"https:\/\/xadrezasburgas.net\/wp-content\/uploads\/2022\/05\/Bases-Pontinas-11-de-xuno-2022.pdf\">Bases-Pontinas-11-de-xuno-2022<\/a><a href=\"https:\/\/xadrezasburgas.net\/wp-content\/uploads\/2022\/05\/Bases-Pontinas-11-de-xuno-2022.pdf\" class=\"wp-block-file__button\" download>Descarga<\/a><\/div>\n\n\n\n<p><a href=\"https:\/\/info64.org\/torneo-xadrez-activo-pontinas-absoluto\">https:\/\/info64.org\/torneo-xadrez-activo-pontinas-absoluto<\/a><\/p>\n","protected":false},"excerpt":{"rendered":"<p>Celebrado o torneo activo, resultou ga\u00f1ador Daniel Dourado do club Xadrez Rianxo, seguido de Miguel e Marcos Reza, do Universitrario de Ourense. Antonio Susavila, do Club Xadrez Padr\u00f3n foi o 5to clasificado e ga\u00f1ador do Trofeo ao Campi\u00f3n Veterano. A organizaci\u00f3n decidiu facer un s\u00f3 torneo de categor\u00eda absoluta cuns 40 participantes, dado que en [&hellip;]<\/p>\n","protected":false},"author":1,"featured_media":0,"parent":0,"menu_order":0,"comment_status":"closed","ping_status":"closed","template":"","meta":{"footnotes":""},"_links":{"self":[{"href":"https:\/\/xadrezasburgas.net\/index.php\/wp-json\/wp\/v2\/pages\/626"}],"collection":[{"href":"https:\/\/xadrezasburgas.net\/index.php\/wp-json\/wp\/v2\/pages"}],"about":[{"href":"https:\/\/xadrezasburgas.net\/index.php\/wp-json\/wp\/v2\/types\/page"}],"author":[{"embeddable":true,"href":"https:\/\/xadrezasburgas.net\/index.php\/wp-json\/wp\/v2\/users\/1"}],"replies":[{"embeddable":true,"href":"https:\/\/xadrezasburgas.net\/index.php\/wp-json\/wp\/v2\/comments?post=626"}],"version-history":[{"count":4,"href":"https:\/\/xadrezasburgas.net\/index.php\/wp-json\/wp\/v2\/pages\/626\/revisions"}],"predecessor-version":[{"id":674,"href":"https:\/\/xadrezasburgas.net\/index.php\/wp-json\/wp\/v2\/pages\/626\/revisions\/674"}],"wp:attachment":[{"href":"https:\/\/xadrezasburgas.net\/index.php\/wp-json\/wp\/v2\/media?parent=626"}],"curies":[{"name":"wp","href":"https:\/\/api.w.org\/{rel}","templated":true}]}}