{"id":516,"date":"2021-12-19T17:31:36","date_gmt":"2021-12-19T17:31:36","guid":{"rendered":"https:\/\/xadrezasburgas.net\/?page_id=516"},"modified":"2021-12-19T17:48:11","modified_gmt":"2021-12-19T17:48:11","slug":"torneo-escolas-nadal-2021","status":"publish","type":"page","link":"https:\/\/xadrezasburgas.net\/index.php\/torneo-escolas-nadal-2021\/","title":{"rendered":"Torneo Escolas Nadal 2021"},"content":{"rendered":"\n<p>S\u00e1bado 18 de decembro 2021, 17 h Galer\u00edas Uni\u00f3n Progreso, pranta Baixa.<\/p>\n\n\n\n<p>Gana Alba P\u00e9rez Salgado do Club Xadrez Ourense dun total de 30 participantes.<\/p>\n\n\n\n<div class=\"wp-block-file\"><a href=\"https:\/\/xadrezasburgas.net\/wp-content\/uploads\/2021\/12\/Cuadro-de-honra-2021.pdf\">Cuadro-de-honra-2021<\/a><a href=\"https:\/\/xadrezasburgas.net\/wp-content\/uploads\/2021\/12\/Cuadro-de-honra-2021.pdf\" class=\"wp-block-file__button\" download>Descarga<\/a><\/div>\n\n\n\n<p><a href=\"https:\/\/info64.org\/activo-escolas-nadal-2021\">https:\/\/info64.org\/activo-escolas-nadal-2021<\/a><\/p>\n\n\n\n<figure class=\"wp-block-gallery columns-1 is-cropped wp-block-gallery-1 is-layout-flex wp-block-gallery-is-layout-flex\"><ul class=\"blocks-gallery-grid\"><li class=\"blocks-gallery-item\"><figure><img decoding=\"async\" loading=\"lazy\" width=\"768\" height=\"1024\" src=\"https:\/\/xadrezasburgas.net\/wp-content\/uploads\/2021\/12\/WhatsApp-Image-2021-12-19-at-12.41.17-768x1024.jpeg\" alt=\"\" data-id=\"525\" data-full-url=\"https:\/\/xadrezasburgas.net\/wp-content\/uploads\/2021\/12\/WhatsApp-Image-2021-12-19-at-12.41.17.jpeg\" data-link=\"https:\/\/xadrezasburgas.net\/index.php\/torneo-escolas-nadal-2021\/whatsapp-image-2021-12-19-at-12-41-17\/\" class=\"wp-image-525\" srcset=\"https:\/\/xadrezasburgas.net\/wp-content\/uploads\/2021\/12\/WhatsApp-Image-2021-12-19-at-12.41.17-768x1024.jpeg 768w, https:\/\/xadrezasburgas.net\/wp-content\/uploads\/2021\/12\/WhatsApp-Image-2021-12-19-at-12.41.17-225x300.jpeg 225w, https:\/\/xadrezasburgas.net\/wp-content\/uploads\/2021\/12\/WhatsApp-Image-2021-12-19-at-12.41.17-1152x1536.jpeg 1152w, https:\/\/xadrezasburgas.net\/wp-content\/uploads\/2021\/12\/WhatsApp-Image-2021-12-19-at-12.41.17.jpeg 1536w\" sizes=\"(max-width: 768px) 100vw, 768px\" \/><\/figure><\/li><\/ul><\/figure>\n\n\n\n<figure class=\"wp-block-gallery columns-3 is-cropped wp-block-gallery-3 is-layout-flex wp-block-gallery-is-layout-flex\"><ul class=\"blocks-gallery-grid\"><li class=\"blocks-gallery-item\"><figure><img decoding=\"async\" loading=\"lazy\" width=\"768\" height=\"1024\" src=\"https:\/\/xadrezasburgas.net\/wp-content\/uploads\/2021\/12\/WhatsApp-Image-2021-12-19-at-12.41.17-1-1-768x1024.jpeg\" alt=\"\" data-id=\"530\" data-full-url=\"https:\/\/xadrezasburgas.net\/wp-content\/uploads\/2021\/12\/WhatsApp-Image-2021-12-19-at-12.41.17-1-1.jpeg\" data-link=\"https:\/\/xadrezasburgas.net\/index.php\/torneo-escolas-nadal-2021\/whatsapp-image-2021-12-19-at-12-41-17-1-1\/\" class=\"wp-image-530\" srcset=\"https:\/\/xadrezasburgas.net\/wp-content\/uploads\/2021\/12\/WhatsApp-Image-2021-12-19-at-12.41.17-1-1-768x1024.jpeg 768w, https:\/\/xadrezasburgas.net\/wp-content\/uploads\/2021\/12\/WhatsApp-Image-2021-12-19-at-12.41.17-1-1-225x300.jpeg 225w, https:\/\/xadrezasburgas.net\/wp-content\/uploads\/2021\/12\/WhatsApp-Image-2021-12-19-at-12.41.17-1-1-1152x1536.jpeg 1152w, https:\/\/xadrezasburgas.net\/wp-content\/uploads\/2021\/12\/WhatsApp-Image-2021-12-19-at-12.41.17-1-1.jpeg 1536w\" sizes=\"(max-width: 768px) 100vw, 768px\" \/><\/figure><\/li><li class=\"blocks-gallery-item\"><figure><img decoding=\"async\" loading=\"lazy\" width=\"1024\" height=\"576\" src=\"https:\/\/xadrezasburgas.net\/wp-content\/uploads\/2021\/12\/WhatsApp-Image-2021-12-19-at-12.41.17-2-1024x576.jpeg\" alt=\"\" data-id=\"531\" data-full-url=\"https:\/\/xadrezasburgas.net\/wp-content\/uploads\/2021\/12\/WhatsApp-Image-2021-12-19-at-12.41.17-2.jpeg\" data-link=\"https:\/\/xadrezasburgas.net\/index.php\/torneo-escolas-nadal-2021\/whatsapp-image-2021-12-19-at-12-41-17-2\/\" class=\"wp-image-531\" srcset=\"https:\/\/xadrezasburgas.net\/wp-content\/uploads\/2021\/12\/WhatsApp-Image-2021-12-19-at-12.41.17-2-1024x576.jpeg 1024w, https:\/\/xadrezasburgas.net\/wp-content\/uploads\/2021\/12\/WhatsApp-Image-2021-12-19-at-12.41.17-2-300x169.jpeg 300w, https:\/\/xadrezasburgas.net\/wp-content\/uploads\/2021\/12\/WhatsApp-Image-2021-12-19-at-12.41.17-2-768x432.jpeg 768w, https:\/\/xadrezasburgas.net\/wp-content\/uploads\/2021\/12\/WhatsApp-Image-2021-12-19-at-12.41.17-2-1536x864.jpeg 1536w, https:\/\/xadrezasburgas.net\/wp-content\/uploads\/2021\/12\/WhatsApp-Image-2021-12-19-at-12.41.17-2.jpeg 2048w\" sizes=\"(max-width: 1024px) 100vw, 1024px\" \/><\/figure><\/li><li class=\"blocks-gallery-item\"><figure><img decoding=\"async\" loading=\"lazy\" width=\"1024\" height=\"576\" src=\"https:\/\/xadrezasburgas.net\/wp-content\/uploads\/2021\/12\/WhatsApp-Image-2021-12-19-at-12.41.17-3-1024x576.jpeg\" alt=\"\" data-id=\"532\" data-full-url=\"https:\/\/xadrezasburgas.net\/wp-content\/uploads\/2021\/12\/WhatsApp-Image-2021-12-19-at-12.41.17-3.jpeg\" data-link=\"https:\/\/xadrezasburgas.net\/index.php\/torneo-escolas-nadal-2021\/whatsapp-image-2021-12-19-at-12-41-17-3\/\" class=\"wp-image-532\" srcset=\"https:\/\/xadrezasburgas.net\/wp-content\/uploads\/2021\/12\/WhatsApp-Image-2021-12-19-at-12.41.17-3-1024x576.jpeg 1024w, https:\/\/xadrezasburgas.net\/wp-content\/uploads\/2021\/12\/WhatsApp-Image-2021-12-19-at-12.41.17-3-300x169.jpeg 300w, https:\/\/xadrezasburgas.net\/wp-content\/uploads\/2021\/12\/WhatsApp-Image-2021-12-19-at-12.41.17-3-768x432.jpeg 768w, https:\/\/xadrezasburgas.net\/wp-content\/uploads\/2021\/12\/WhatsApp-Image-2021-12-19-at-12.41.17-3-1536x864.jpeg 1536w, https:\/\/xadrezasburgas.net\/wp-content\/uploads\/2021\/12\/WhatsApp-Image-2021-12-19-at-12.41.17-3.jpeg 2048w\" sizes=\"(max-width: 1024px) 100vw, 1024px\" \/><\/figure><\/li><li class=\"blocks-gallery-item\"><figure><img decoding=\"async\" loading=\"lazy\" width=\"768\" height=\"1024\" src=\"https:\/\/xadrezasburgas.net\/wp-content\/uploads\/2021\/12\/WhatsApp-Image-2021-12-19-at-12.41.17-4-768x1024.jpeg\" alt=\"\" data-id=\"533\" data-full-url=\"https:\/\/xadrezasburgas.net\/wp-content\/uploads\/2021\/12\/WhatsApp-Image-2021-12-19-at-12.41.17-4.jpeg\" data-link=\"https:\/\/xadrezasburgas.net\/index.php\/torneo-escolas-nadal-2021\/whatsapp-image-2021-12-19-at-12-41-17-4\/\" class=\"wp-image-533\" srcset=\"https:\/\/xadrezasburgas.net\/wp-content\/uploads\/2021\/12\/WhatsApp-Image-2021-12-19-at-12.41.17-4-768x1024.jpeg 768w, https:\/\/xadrezasburgas.net\/wp-content\/uploads\/2021\/12\/WhatsApp-Image-2021-12-19-at-12.41.17-4-225x300.jpeg 225w, https:\/\/xadrezasburgas.net\/wp-content\/uploads\/2021\/12\/WhatsApp-Image-2021-12-19-at-12.41.17-4-1152x1536.jpeg 1152w, https:\/\/xadrezasburgas.net\/wp-content\/uploads\/2021\/12\/WhatsApp-Image-2021-12-19-at-12.41.17-4.jpeg 1536w\" sizes=\"(max-width: 768px) 100vw, 768px\" \/><\/figure><\/li><li class=\"blocks-gallery-item\"><figure><img decoding=\"async\" loading=\"lazy\" width=\"1024\" height=\"576\" src=\"https:\/\/xadrezasburgas.net\/wp-content\/uploads\/2021\/12\/WhatsApp-Image-2021-12-19-at-12.41.18-1-1024x576.jpeg\" alt=\"\" data-id=\"534\" data-full-url=\"https:\/\/xadrezasburgas.net\/wp-content\/uploads\/2021\/12\/WhatsApp-Image-2021-12-19-at-12.41.18-1.jpeg\" data-link=\"https:\/\/xadrezasburgas.net\/index.php\/torneo-escolas-nadal-2021\/whatsapp-image-2021-12-19-at-12-41-18-1\/\" class=\"wp-image-534\" srcset=\"https:\/\/xadrezasburgas.net\/wp-content\/uploads\/2021\/12\/WhatsApp-Image-2021-12-19-at-12.41.18-1-1024x576.jpeg 1024w, https:\/\/xadrezasburgas.net\/wp-content\/uploads\/2021\/12\/WhatsApp-Image-2021-12-19-at-12.41.18-1-300x169.jpeg 300w, https:\/\/xadrezasburgas.net\/wp-content\/uploads\/2021\/12\/WhatsApp-Image-2021-12-19-at-12.41.18-1-768x432.jpeg 768w, https:\/\/xadrezasburgas.net\/wp-content\/uploads\/2021\/12\/WhatsApp-Image-2021-12-19-at-12.41.18-1-1536x864.jpeg 1536w, https:\/\/xadrezasburgas.net\/wp-content\/uploads\/2021\/12\/WhatsApp-Image-2021-12-19-at-12.41.18-1.jpeg 2048w\" sizes=\"(max-width: 1024px) 100vw, 1024px\" \/><\/figure><\/li><li class=\"blocks-gallery-item\"><figure><img decoding=\"async\" loading=\"lazy\" width=\"1024\" height=\"576\" src=\"https:\/\/xadrezasburgas.net\/wp-content\/uploads\/2021\/12\/WhatsApp-Image-2021-12-19-at-12.41.18-2-1024x576.jpeg\" alt=\"\" data-id=\"535\" data-full-url=\"https:\/\/xadrezasburgas.net\/wp-content\/uploads\/2021\/12\/WhatsApp-Image-2021-12-19-at-12.41.18-2.jpeg\" data-link=\"https:\/\/xadrezasburgas.net\/index.php\/torneo-escolas-nadal-2021\/whatsapp-image-2021-12-19-at-12-41-18-2\/\" class=\"wp-image-535\" srcset=\"https:\/\/xadrezasburgas.net\/wp-content\/uploads\/2021\/12\/WhatsApp-Image-2021-12-19-at-12.41.18-2-1024x576.jpeg 1024w, https:\/\/xadrezasburgas.net\/wp-content\/uploads\/2021\/12\/WhatsApp-Image-2021-12-19-at-12.41.18-2-300x169.jpeg 300w, https:\/\/xadrezasburgas.net\/wp-content\/uploads\/2021\/12\/WhatsApp-Image-2021-12-19-at-12.41.18-2-768x432.jpeg 768w, https:\/\/xadrezasburgas.net\/wp-content\/uploads\/2021\/12\/WhatsApp-Image-2021-12-19-at-12.41.18-2-1536x864.jpeg 1536w, https:\/\/xadrezasburgas.net\/wp-content\/uploads\/2021\/12\/WhatsApp-Image-2021-12-19-at-12.41.18-2.jpeg 2048w\" sizes=\"(max-width: 1024px) 100vw, 1024px\" \/><\/figure><\/li><li class=\"blocks-gallery-item\"><figure><img decoding=\"async\" loading=\"lazy\" width=\"768\" height=\"1024\" src=\"https:\/\/xadrezasburgas.net\/wp-content\/uploads\/2021\/12\/WhatsApp-Image-2021-12-19-at-12.41.18-3-768x1024.jpeg\" alt=\"\" data-id=\"536\" data-full-url=\"https:\/\/xadrezasburgas.net\/wp-content\/uploads\/2021\/12\/WhatsApp-Image-2021-12-19-at-12.41.18-3.jpeg\" data-link=\"https:\/\/xadrezasburgas.net\/index.php\/torneo-escolas-nadal-2021\/whatsapp-image-2021-12-19-at-12-41-18-3\/\" class=\"wp-image-536\" srcset=\"https:\/\/xadrezasburgas.net\/wp-content\/uploads\/2021\/12\/WhatsApp-Image-2021-12-19-at-12.41.18-3-768x1024.jpeg 768w, https:\/\/xadrezasburgas.net\/wp-content\/uploads\/2021\/12\/WhatsApp-Image-2021-12-19-at-12.41.18-3-225x300.jpeg 225w, https:\/\/xadrezasburgas.net\/wp-content\/uploads\/2021\/12\/WhatsApp-Image-2021-12-19-at-12.41.18-3-1152x1536.jpeg 1152w, https:\/\/xadrezasburgas.net\/wp-content\/uploads\/2021\/12\/WhatsApp-Image-2021-12-19-at-12.41.18-3.jpeg 1536w\" sizes=\"(max-width: 768px) 100vw, 768px\" \/><\/figure><\/li><li class=\"blocks-gallery-item\"><figure><img decoding=\"async\" loading=\"lazy\" width=\"1024\" height=\"576\" src=\"https:\/\/xadrezasburgas.net\/wp-content\/uploads\/2021\/12\/WhatsApp-Image-2021-12-19-at-12.41.18-4-1024x576.jpeg\" alt=\"\" data-id=\"537\" data-full-url=\"https:\/\/xadrezasburgas.net\/wp-content\/uploads\/2021\/12\/WhatsApp-Image-2021-12-19-at-12.41.18-4.jpeg\" data-link=\"https:\/\/xadrezasburgas.net\/index.php\/torneo-escolas-nadal-2021\/whatsapp-image-2021-12-19-at-12-41-18-4\/\" class=\"wp-image-537\" srcset=\"https:\/\/xadrezasburgas.net\/wp-content\/uploads\/2021\/12\/WhatsApp-Image-2021-12-19-at-12.41.18-4-1024x576.jpeg 1024w, https:\/\/xadrezasburgas.net\/wp-content\/uploads\/2021\/12\/WhatsApp-Image-2021-12-19-at-12.41.18-4-300x169.jpeg 300w, https:\/\/xadrezasburgas.net\/wp-content\/uploads\/2021\/12\/WhatsApp-Image-2021-12-19-at-12.41.18-4-768x432.jpeg 768w, https:\/\/xadrezasburgas.net\/wp-content\/uploads\/2021\/12\/WhatsApp-Image-2021-12-19-at-12.41.18-4-1536x864.jpeg 1536w, https:\/\/xadrezasburgas.net\/wp-content\/uploads\/2021\/12\/WhatsApp-Image-2021-12-19-at-12.41.18-4.jpeg 2048w\" sizes=\"(max-width: 1024px) 100vw, 1024px\" \/><\/figure><\/li><li class=\"blocks-gallery-item\"><figure><img decoding=\"async\" loading=\"lazy\" width=\"1024\" height=\"576\" src=\"https:\/\/xadrezasburgas.net\/wp-content\/uploads\/2021\/12\/WhatsApp-Image-2021-12-19-at-12.41.18-5-1024x576.jpeg\" alt=\"\" data-id=\"538\" data-full-url=\"https:\/\/xadrezasburgas.net\/wp-content\/uploads\/2021\/12\/WhatsApp-Image-2021-12-19-at-12.41.18-5.jpeg\" data-link=\"https:\/\/xadrezasburgas.net\/index.php\/torneo-escolas-nadal-2021\/whatsapp-image-2021-12-19-at-12-41-18-5\/\" class=\"wp-image-538\" srcset=\"https:\/\/xadrezasburgas.net\/wp-content\/uploads\/2021\/12\/WhatsApp-Image-2021-12-19-at-12.41.18-5-1024x576.jpeg 1024w, https:\/\/xadrezasburgas.net\/wp-content\/uploads\/2021\/12\/WhatsApp-Image-2021-12-19-at-12.41.18-5-300x169.jpeg 300w, https:\/\/xadrezasburgas.net\/wp-content\/uploads\/2021\/12\/WhatsApp-Image-2021-12-19-at-12.41.18-5-768x432.jpeg 768w, https:\/\/xadrezasburgas.net\/wp-content\/uploads\/2021\/12\/WhatsApp-Image-2021-12-19-at-12.41.18-5-1536x864.jpeg 1536w, https:\/\/xadrezasburgas.net\/wp-content\/uploads\/2021\/12\/WhatsApp-Image-2021-12-19-at-12.41.18-5.jpeg 2048w\" sizes=\"(max-width: 1024px) 100vw, 1024px\" \/><\/figure><\/li><li class=\"blocks-gallery-item\"><figure><img decoding=\"async\" loading=\"lazy\" width=\"1024\" height=\"576\" src=\"https:\/\/xadrezasburgas.net\/wp-content\/uploads\/2021\/12\/WhatsApp-Image-2021-12-19-at-12.41.18-6-1024x576.jpeg\" alt=\"\" data-id=\"539\" data-full-url=\"https:\/\/xadrezasburgas.net\/wp-content\/uploads\/2021\/12\/WhatsApp-Image-2021-12-19-at-12.41.18-6.jpeg\" data-link=\"https:\/\/xadrezasburgas.net\/index.php\/torneo-escolas-nadal-2021\/whatsapp-image-2021-12-19-at-12-41-18-6\/\" class=\"wp-image-539\" srcset=\"https:\/\/xadrezasburgas.net\/wp-content\/uploads\/2021\/12\/WhatsApp-Image-2021-12-19-at-12.41.18-6-1024x576.jpeg 1024w, https:\/\/xadrezasburgas.net\/wp-content\/uploads\/2021\/12\/WhatsApp-Image-2021-12-19-at-12.41.18-6-300x169.jpeg 300w, https:\/\/xadrezasburgas.net\/wp-content\/uploads\/2021\/12\/WhatsApp-Image-2021-12-19-at-12.41.18-6-768x432.jpeg 768w, https:\/\/xadrezasburgas.net\/wp-content\/uploads\/2021\/12\/WhatsApp-Image-2021-12-19-at-12.41.18-6-1536x864.jpeg 1536w, https:\/\/xadrezasburgas.net\/wp-content\/uploads\/2021\/12\/WhatsApp-Image-2021-12-19-at-12.41.18-6.jpeg 2048w\" sizes=\"(max-width: 1024px) 100vw, 1024px\" \/><\/figure><\/li><li class=\"blocks-gallery-item\"><figure><img decoding=\"async\" loading=\"lazy\" width=\"768\" height=\"1024\" src=\"https:\/\/xadrezasburgas.net\/wp-content\/uploads\/2021\/12\/WhatsApp-Image-2021-12-19-at-12.41.18-7-768x1024.jpeg\" alt=\"\" data-id=\"540\" data-full-url=\"https:\/\/xadrezasburgas.net\/wp-content\/uploads\/2021\/12\/WhatsApp-Image-2021-12-19-at-12.41.18-7.jpeg\" data-link=\"https:\/\/xadrezasburgas.net\/index.php\/torneo-escolas-nadal-2021\/whatsapp-image-2021-12-19-at-12-41-18-7\/\" class=\"wp-image-540\" srcset=\"https:\/\/xadrezasburgas.net\/wp-content\/uploads\/2021\/12\/WhatsApp-Image-2021-12-19-at-12.41.18-7-768x1024.jpeg 768w, https:\/\/xadrezasburgas.net\/wp-content\/uploads\/2021\/12\/WhatsApp-Image-2021-12-19-at-12.41.18-7-225x300.jpeg 225w, https:\/\/xadrezasburgas.net\/wp-content\/uploads\/2021\/12\/WhatsApp-Image-2021-12-19-at-12.41.18-7-1152x1536.jpeg 1152w, https:\/\/xadrezasburgas.net\/wp-content\/uploads\/2021\/12\/WhatsApp-Image-2021-12-19-at-12.41.18-7.jpeg 1536w\" sizes=\"(max-width: 768px) 100vw, 768px\" \/><\/figure><\/li><li class=\"blocks-gallery-item\"><figure><img decoding=\"async\" loading=\"lazy\" width=\"768\" height=\"1024\" src=\"https:\/\/xadrezasburgas.net\/wp-content\/uploads\/2021\/12\/WhatsApp-Image-2021-12-19-at-12.41.18-8-768x1024.jpeg\" alt=\"\" data-id=\"541\" data-full-url=\"https:\/\/xadrezasburgas.net\/wp-content\/uploads\/2021\/12\/WhatsApp-Image-2021-12-19-at-12.41.18-8.jpeg\" data-link=\"https:\/\/xadrezasburgas.net\/index.php\/torneo-escolas-nadal-2021\/whatsapp-image-2021-12-19-at-12-41-18-8\/\" class=\"wp-image-541\" srcset=\"https:\/\/xadrezasburgas.net\/wp-content\/uploads\/2021\/12\/WhatsApp-Image-2021-12-19-at-12.41.18-8-768x1024.jpeg 768w, https:\/\/xadrezasburgas.net\/wp-content\/uploads\/2021\/12\/WhatsApp-Image-2021-12-19-at-12.41.18-8-225x300.jpeg 225w, https:\/\/xadrezasburgas.net\/wp-content\/uploads\/2021\/12\/WhatsApp-Image-2021-12-19-at-12.41.18-8-1152x1536.jpeg 1152w, https:\/\/xadrezasburgas.net\/wp-content\/uploads\/2021\/12\/WhatsApp-Image-2021-12-19-at-12.41.18-8.jpeg 1536w\" sizes=\"(max-width: 768px) 100vw, 768px\" \/><\/figure><\/li><li class=\"blocks-gallery-item\"><figure><img decoding=\"async\" loading=\"lazy\" width=\"1024\" height=\"576\" src=\"https:\/\/xadrezasburgas.net\/wp-content\/uploads\/2021\/12\/WhatsApp-Image-2021-12-19-at-12.41.18-9-1024x576.jpeg\" alt=\"\" data-id=\"542\" data-full-url=\"https:\/\/xadrezasburgas.net\/wp-content\/uploads\/2021\/12\/WhatsApp-Image-2021-12-19-at-12.41.18-9.jpeg\" data-link=\"https:\/\/xadrezasburgas.net\/index.php\/torneo-escolas-nadal-2021\/whatsapp-image-2021-12-19-at-12-41-18-9\/\" class=\"wp-image-542\" srcset=\"https:\/\/xadrezasburgas.net\/wp-content\/uploads\/2021\/12\/WhatsApp-Image-2021-12-19-at-12.41.18-9-1024x576.jpeg 1024w, https:\/\/xadrezasburgas.net\/wp-content\/uploads\/2021\/12\/WhatsApp-Image-2021-12-19-at-12.41.18-9-300x169.jpeg 300w, https:\/\/xadrezasburgas.net\/wp-content\/uploads\/2021\/12\/WhatsApp-Image-2021-12-19-at-12.41.18-9-768x432.jpeg 768w, https:\/\/xadrezasburgas.net\/wp-content\/uploads\/2021\/12\/WhatsApp-Image-2021-12-19-at-12.41.18-9-1536x864.jpeg 1536w, https:\/\/xadrezasburgas.net\/wp-content\/uploads\/2021\/12\/WhatsApp-Image-2021-12-19-at-12.41.18-9.jpeg 2048w\" sizes=\"(max-width: 1024px) 100vw, 1024px\" \/><\/figure><\/li><li class=\"blocks-gallery-item\"><figure><img decoding=\"async\" loading=\"lazy\" width=\"768\" height=\"1024\" src=\"https:\/\/xadrezasburgas.net\/wp-content\/uploads\/2021\/12\/WhatsApp-Image-2021-12-19-at-12.41.18-768x1024.jpeg\" alt=\"\" data-id=\"543\" data-full-url=\"https:\/\/xadrezasburgas.net\/wp-content\/uploads\/2021\/12\/WhatsApp-Image-2021-12-19-at-12.41.18.jpeg\" data-link=\"https:\/\/xadrezasburgas.net\/index.php\/torneo-escolas-nadal-2021\/whatsapp-image-2021-12-19-at-12-41-18\/\" class=\"wp-image-543\" srcset=\"https:\/\/xadrezasburgas.net\/wp-content\/uploads\/2021\/12\/WhatsApp-Image-2021-12-19-at-12.41.18-768x1024.jpeg 768w, https:\/\/xadrezasburgas.net\/wp-content\/uploads\/2021\/12\/WhatsApp-Image-2021-12-19-at-12.41.18-225x300.jpeg 225w, https:\/\/xadrezasburgas.net\/wp-content\/uploads\/2021\/12\/WhatsApp-Image-2021-12-19-at-12.41.18-1152x1536.jpeg 1152w, https:\/\/xadrezasburgas.net\/wp-content\/uploads\/2021\/12\/WhatsApp-Image-2021-12-19-at-12.41.18.jpeg 1536w\" sizes=\"(max-width: 768px) 100vw, 768px\" \/><\/figure><\/li><li class=\"blocks-gallery-item\"><figure><img decoding=\"async\" loading=\"lazy\" width=\"768\" height=\"1024\" src=\"https:\/\/xadrezasburgas.net\/wp-content\/uploads\/2021\/12\/WhatsApp-Image-2021-12-19-at-12.41.19-1-768x1024.jpeg\" alt=\"\" data-id=\"544\" data-full-url=\"https:\/\/xadrezasburgas.net\/wp-content\/uploads\/2021\/12\/WhatsApp-Image-2021-12-19-at-12.41.19-1.jpeg\" data-link=\"https:\/\/xadrezasburgas.net\/index.php\/torneo-escolas-nadal-2021\/whatsapp-image-2021-12-19-at-12-41-19-1\/\" class=\"wp-image-544\" srcset=\"https:\/\/xadrezasburgas.net\/wp-content\/uploads\/2021\/12\/WhatsApp-Image-2021-12-19-at-12.41.19-1-768x1024.jpeg 768w, https:\/\/xadrezasburgas.net\/wp-content\/uploads\/2021\/12\/WhatsApp-Image-2021-12-19-at-12.41.19-1-225x300.jpeg 225w, https:\/\/xadrezasburgas.net\/wp-content\/uploads\/2021\/12\/WhatsApp-Image-2021-12-19-at-12.41.19-1-1152x1536.jpeg 1152w, https:\/\/xadrezasburgas.net\/wp-content\/uploads\/2021\/12\/WhatsApp-Image-2021-12-19-at-12.41.19-1.jpeg 1536w\" sizes=\"(max-width: 768px) 100vw, 768px\" \/><\/figure><\/li><li class=\"blocks-gallery-item\"><figure><img decoding=\"async\" loading=\"lazy\" width=\"1024\" height=\"576\" src=\"https:\/\/xadrezasburgas.net\/wp-content\/uploads\/2021\/12\/WhatsApp-Image-2021-12-19-at-12.41.19-2-1024x576.jpeg\" alt=\"\" data-id=\"545\" data-full-url=\"https:\/\/xadrezasburgas.net\/wp-content\/uploads\/2021\/12\/WhatsApp-Image-2021-12-19-at-12.41.19-2.jpeg\" data-link=\"https:\/\/xadrezasburgas.net\/index.php\/torneo-escolas-nadal-2021\/whatsapp-image-2021-12-19-at-12-41-19-2\/\" class=\"wp-image-545\" srcset=\"https:\/\/xadrezasburgas.net\/wp-content\/uploads\/2021\/12\/WhatsApp-Image-2021-12-19-at-12.41.19-2-1024x576.jpeg 1024w, https:\/\/xadrezasburgas.net\/wp-content\/uploads\/2021\/12\/WhatsApp-Image-2021-12-19-at-12.41.19-2-300x169.jpeg 300w, https:\/\/xadrezasburgas.net\/wp-content\/uploads\/2021\/12\/WhatsApp-Image-2021-12-19-at-12.41.19-2-768x432.jpeg 768w, https:\/\/xadrezasburgas.net\/wp-content\/uploads\/2021\/12\/WhatsApp-Image-2021-12-19-at-12.41.19-2-1536x864.jpeg 1536w, https:\/\/xadrezasburgas.net\/wp-content\/uploads\/2021\/12\/WhatsApp-Image-2021-12-19-at-12.41.19-2.jpeg 2048w\" sizes=\"(max-width: 1024px) 100vw, 1024px\" \/><\/figure><\/li><li class=\"blocks-gallery-item\"><figure><img decoding=\"async\" loading=\"lazy\" width=\"768\" height=\"1024\" src=\"https:\/\/xadrezasburgas.net\/wp-content\/uploads\/2021\/12\/WhatsApp-Image-2021-12-19-at-12.41.19-3-768x1024.jpeg\" alt=\"\" data-id=\"546\" data-full-url=\"https:\/\/xadrezasburgas.net\/wp-content\/uploads\/2021\/12\/WhatsApp-Image-2021-12-19-at-12.41.19-3.jpeg\" data-link=\"https:\/\/xadrezasburgas.net\/index.php\/torneo-escolas-nadal-2021\/whatsapp-image-2021-12-19-at-12-41-19-3\/\" class=\"wp-image-546\" srcset=\"https:\/\/xadrezasburgas.net\/wp-content\/uploads\/2021\/12\/WhatsApp-Image-2021-12-19-at-12.41.19-3-768x1024.jpeg 768w, https:\/\/xadrezasburgas.net\/wp-content\/uploads\/2021\/12\/WhatsApp-Image-2021-12-19-at-12.41.19-3-225x300.jpeg 225w, https:\/\/xadrezasburgas.net\/wp-content\/uploads\/2021\/12\/WhatsApp-Image-2021-12-19-at-12.41.19-3-1152x1536.jpeg 1152w, https:\/\/xadrezasburgas.net\/wp-content\/uploads\/2021\/12\/WhatsApp-Image-2021-12-19-at-12.41.19-3.jpeg 1536w\" sizes=\"(max-width: 768px) 100vw, 768px\" \/><\/figure><\/li><li class=\"blocks-gallery-item\"><figure><img decoding=\"async\" loading=\"lazy\" width=\"1024\" height=\"576\" src=\"https:\/\/xadrezasburgas.net\/wp-content\/uploads\/2021\/12\/WhatsApp-Image-2021-12-19-at-12.41.19-4-1024x576.jpeg\" alt=\"\" data-id=\"547\" data-full-url=\"https:\/\/xadrezasburgas.net\/wp-content\/uploads\/2021\/12\/WhatsApp-Image-2021-12-19-at-12.41.19-4.jpeg\" data-link=\"https:\/\/xadrezasburgas.net\/index.php\/torneo-escolas-nadal-2021\/whatsapp-image-2021-12-19-at-12-41-19-4\/\" class=\"wp-image-547\" srcset=\"https:\/\/xadrezasburgas.net\/wp-content\/uploads\/2021\/12\/WhatsApp-Image-2021-12-19-at-12.41.19-4-1024x576.jpeg 1024w, https:\/\/xadrezasburgas.net\/wp-content\/uploads\/2021\/12\/WhatsApp-Image-2021-12-19-at-12.41.19-4-300x169.jpeg 300w, https:\/\/xadrezasburgas.net\/wp-content\/uploads\/2021\/12\/WhatsApp-Image-2021-12-19-at-12.41.19-4-768x432.jpeg 768w, https:\/\/xadrezasburgas.net\/wp-content\/uploads\/2021\/12\/WhatsApp-Image-2021-12-19-at-12.41.19-4-1536x864.jpeg 1536w, https:\/\/xadrezasburgas.net\/wp-content\/uploads\/2021\/12\/WhatsApp-Image-2021-12-19-at-12.41.19-4.jpeg 2048w\" sizes=\"(max-width: 1024px) 100vw, 1024px\" \/><\/figure><\/li><li class=\"blocks-gallery-item\"><figure><img decoding=\"async\" loading=\"lazy\" width=\"768\" height=\"1024\" src=\"https:\/\/xadrezasburgas.net\/wp-content\/uploads\/2021\/12\/WhatsApp-Image-2021-12-19-at-12.41.19-5-768x1024.jpeg\" alt=\"\" data-id=\"548\" data-full-url=\"https:\/\/xadrezasburgas.net\/wp-content\/uploads\/2021\/12\/WhatsApp-Image-2021-12-19-at-12.41.19-5.jpeg\" data-link=\"https:\/\/xadrezasburgas.net\/index.php\/torneo-escolas-nadal-2021\/whatsapp-image-2021-12-19-at-12-41-19-5\/\" class=\"wp-image-548\" srcset=\"https:\/\/xadrezasburgas.net\/wp-content\/uploads\/2021\/12\/WhatsApp-Image-2021-12-19-at-12.41.19-5-768x1024.jpeg 768w, https:\/\/xadrezasburgas.net\/wp-content\/uploads\/2021\/12\/WhatsApp-Image-2021-12-19-at-12.41.19-5-225x300.jpeg 225w, https:\/\/xadrezasburgas.net\/wp-content\/uploads\/2021\/12\/WhatsApp-Image-2021-12-19-at-12.41.19-5-1152x1536.jpeg 1152w, https:\/\/xadrezasburgas.net\/wp-content\/uploads\/2021\/12\/WhatsApp-Image-2021-12-19-at-12.41.19-5.jpeg 1536w\" sizes=\"(max-width: 768px) 100vw, 768px\" \/><\/figure><\/li><li class=\"blocks-gallery-item\"><figure><img decoding=\"async\" loading=\"lazy\" width=\"768\" height=\"1024\" src=\"https:\/\/xadrezasburgas.net\/wp-content\/uploads\/2021\/12\/WhatsApp-Image-2021-12-19-at-12.41.19-768x1024.jpeg\" alt=\"\" data-id=\"549\" data-full-url=\"https:\/\/xadrezasburgas.net\/wp-content\/uploads\/2021\/12\/WhatsApp-Image-2021-12-19-at-12.41.19.jpeg\" data-link=\"https:\/\/xadrezasburgas.net\/index.php\/torneo-escolas-nadal-2021\/whatsapp-image-2021-12-19-at-12-41-19\/\" class=\"wp-image-549\" srcset=\"https:\/\/xadrezasburgas.net\/wp-content\/uploads\/2021\/12\/WhatsApp-Image-2021-12-19-at-12.41.19-768x1024.jpeg 768w, https:\/\/xadrezasburgas.net\/wp-content\/uploads\/2021\/12\/WhatsApp-Image-2021-12-19-at-12.41.19-225x300.jpeg 225w, https:\/\/xadrezasburgas.net\/wp-content\/uploads\/2021\/12\/WhatsApp-Image-2021-12-19-at-12.41.19-1152x1536.jpeg 1152w, https:\/\/xadrezasburgas.net\/wp-content\/uploads\/2021\/12\/WhatsApp-Image-2021-12-19-at-12.41.19.jpeg 1536w\" sizes=\"(max-width: 768px) 100vw, 768px\" \/><\/figure><\/li><\/ul><figcaption class=\"blocks-gallery-caption\">Ganadores e parrticipantes con trofeos e regalos<\/figcaption><\/figure>\n\n\n\n<p><\/p>\n","protected":false},"excerpt":{"rendered":"<p>S\u00e1bado 18 de decembro 2021, 17 h Galer\u00edas Uni\u00f3n Progreso, pranta Baixa. Gana Alba P\u00e9rez Salgado do Club Xadrez Ourense dun total de 30 participantes. https:\/\/info64.org\/activo-escolas-nadal-2021<\/p>\n","protected":false},"author":1,"featured_media":0,"parent":0,"menu_order":0,"comment_status":"closed","ping_status":"closed","template":"","meta":{"footnotes":""},"_links":{"self":[{"href":"https:\/\/xadrezasburgas.net\/index.php\/wp-json\/wp\/v2\/pages\/516"}],"collection":[{"href":"https:\/\/xadrezasburgas.net\/index.php\/wp-json\/wp\/v2\/pages"}],"about":[{"href":"https:\/\/xadrezasburgas.net\/index.php\/wp-json\/wp\/v2\/types\/page"}],"author":[{"embeddable":true,"href":"https:\/\/xadrezasburgas.net\/index.php\/wp-json\/wp\/v2\/users\/1"}],"replies":[{"embeddable":true,"href":"https:\/\/xadrezasburgas.net\/index.php\/wp-json\/wp\/v2\/comments?post=516"}],"version-history":[{"count":6,"href":"https:\/\/xadrezasburgas.net\/index.php\/wp-json\/wp\/v2\/pages\/516\/revisions"}],"predecessor-version":[{"id":550,"href":"https:\/\/xadrezasburgas.net\/index.php\/wp-json\/wp\/v2\/pages\/516\/revisions\/550"}],"wp:attachment":[{"href":"https:\/\/xadrezasburgas.net\/index.php\/wp-json\/wp\/v2\/media?parent=516"}],"curies":[{"name":"wp","href":"https:\/\/api.w.org\/{rel}","templated":true}]}}