{"id":31,"date":"2021-09-05T10:47:08","date_gmt":"2021-09-05T10:47:08","guid":{"rendered":"https:\/\/xadrezasburgas.net\/?page_id=31"},"modified":"2023-09-18T18:09:41","modified_gmt":"2023-09-18T18:09:41","slug":"que-ofrecemos","status":"publish","type":"page","link":"https:\/\/xadrezasburgas.net\/index.php\/que-ofrecemos\/","title":{"rendered":"Que ofrecemos?"},"content":{"rendered":"\n<h2 class=\"wp-block-heading has-text-align-center\"><strong>Empezamos xa coas clases <\/strong><\/h2>\n\n\n\n<h2 class=\"wp-block-heading has-text-align-center\"><strong>a mediados setembro (a partir do luns 25)!<\/strong><\/h2>\n\n\n\n<p class=\"has-text-align-left has-black-color has-text-color\" style=\"font-size:2em\"><strong>Clases de xadrez para NENOS \/ AS e mais maiores&nbsp;&nbsp;ata os 18 anos.&nbsp;&nbsp;&nbsp;&nbsp;&nbsp;&nbsp;&nbsp;&nbsp;&nbsp;&nbsp;&nbsp;&nbsp;&nbsp;&nbsp;&nbsp;&nbsp;&nbsp;&nbsp;&nbsp;&nbsp;<\/strong><\/p>\n\n\n\n<p class=\"has-text-align-left has-black-color has-text-color\" style=\"font-size:2em\"><strong>A partir dos 6 anos, e a partir das 16 h de luns a venres en grupo de 1 h + 15 m. Tam\u00e9n hai posibilidades os s\u00e1bados pola ma\u00f1\u00e1n.<\/strong><\/p>\n\n\n\n<p class=\"has-text-align-left has-black-color has-text-color\" style=\"font-size:2em\"><strong>Clases de xadrez para ADULTOS tanto en iniciaci\u00f3n como en perfeccionamento, preferentemente a partir das 19 h de luns a venres en grupo de 1 h + 15 m.<\/strong><\/p>\n\n\n\n<p class=\"has-text-align-left has-black-color has-text-color\" style=\"font-size:2em\">Niveis <strong>INICIACI\u00d3N, PERFECCIONAMENTO, AVANZADO.<\/strong><\/p>\n\n\n\n<p class=\"has-text-align-left has-black-color has-text-color\" style=\"font-size:2em\"><strong>Clases de Xadrez en INGL\u00c9S \/ FRANC\u00c9S.<\/strong><\/p>\n\n\n\n<p class=\"has-text-align-left has-black-color has-text-color\" style=\"font-size:2em\"><strong>Clases en presencial e virtual.<\/strong><\/p>\n\n\n\n<p class=\"has-text-align-left has-black-color has-text-color\" style=\"font-size:2em\"><strong>Clases en Colexios, Asociaci\u00f3ns\u2026<\/strong><\/p>\n\n\n\n<p class=\"has-black-color has-text-color\" style=\"font-size:30px\">Organ<strong>izamos eventos deportivos, animaci\u00f3ns, conferencia relacionadas co xadrez&#8230;<\/strong><\/p>\n\n\n\n<p class=\"has-text-align-right\">(Actualizado a 15 septiembre de 2023<\/p>\n\n\n\n<p class=\"has-text-align-right\">)<\/p>\n","protected":false},"excerpt":{"rendered":"<p>Empezamos xa coas clases a mediados setembro (a partir do luns 25)! Clases de xadrez para NENOS \/ AS e mais maiores&nbsp;&nbsp;ata os 18 anos.&nbsp;&nbsp;&nbsp;&nbsp;&nbsp;&nbsp;&nbsp;&nbsp;&nbsp;&nbsp;&nbsp;&nbsp;&nbsp;&nbsp;&nbsp;&nbsp;&nbsp;&nbsp;&nbsp;&nbsp; A partir dos 6 anos, e a partir das 16 h de luns a venres en grupo de 1 h + 15 m. Tam\u00e9n hai posibilidades os s\u00e1bados pola ma\u00f1\u00e1n. [&hellip;]<\/p>\n","protected":false},"author":1,"featured_media":0,"parent":0,"menu_order":0,"comment_status":"closed","ping_status":"closed","template":"","meta":{"footnotes":""},"_links":{"self":[{"href":"https:\/\/xadrezasburgas.net\/index.php\/wp-json\/wp\/v2\/pages\/31"}],"collection":[{"href":"https:\/\/xadrezasburgas.net\/index.php\/wp-json\/wp\/v2\/pages"}],"about":[{"href":"https:\/\/xadrezasburgas.net\/index.php\/wp-json\/wp\/v2\/types\/page"}],"author":[{"embeddable":true,"href":"https:\/\/xadrezasburgas.net\/index.php\/wp-json\/wp\/v2\/users\/1"}],"replies":[{"embeddable":true,"href":"https:\/\/xadrezasburgas.net\/index.php\/wp-json\/wp\/v2\/comments?post=31"}],"version-history":[{"count":14,"href":"https:\/\/xadrezasburgas.net\/index.php\/wp-json\/wp\/v2\/pages\/31\/revisions"}],"predecessor-version":[{"id":1381,"href":"https:\/\/xadrezasburgas.net\/index.php\/wp-json\/wp\/v2\/pages\/31\/revisions\/1381"}],"wp:attachment":[{"href":"https:\/\/xadrezasburgas.net\/index.php\/wp-json\/wp\/v2\/media?parent=31"}],"curies":[{"name":"wp","href":"https:\/\/api.w.org\/{rel}","templated":true}]}}