{"id":27,"date":"2021-09-05T10:44:44","date_gmt":"2021-09-05T10:44:44","guid":{"rendered":"https:\/\/xadrezasburgas.net\/?page_id=27"},"modified":"2022-08-22T11:10:44","modified_gmt":"2022-08-22T11:10:44","slug":"onde-estamos","status":"publish","type":"page","link":"https:\/\/xadrezasburgas.net\/index.php\/onde-estamos\/","title":{"rendered":"Onde estamos?"},"content":{"rendered":"\n<h2 class=\"has-text-align-center wp-block-heading\">Estamos no local 13 <\/h2>\n\n\n\n<h2 class=\"has-text-align-center wp-block-heading\">Galer\u00edas Uni\u00f3n-Progreso, <\/h2>\n\n\n\n<h2 class=\"has-text-align-center wp-block-heading\">r\u00faa Progreso 99, <\/h2>\n\n\n\n<h2 class=\"has-text-align-center wp-block-heading\">planta Baixa Doutor Fleming <\/h2>\n\n\n\n<h2 class=\"has-text-align-center wp-block-heading\">(p\u00f3dese<strong> entrar por Progreso, 99 e Doutor Fleming<\/strong>, 27)<\/h2>\n","protected":false},"excerpt":{"rendered":"<p>Estamos no local 13 Galer\u00edas Uni\u00f3n-Progreso, r\u00faa Progreso 99, planta Baixa Doutor Fleming (p\u00f3dese entrar por Progreso, 99 e Doutor Fleming, 27)<\/p>\n","protected":false},"author":1,"featured_media":0,"parent":0,"menu_order":0,"comment_status":"closed","ping_status":"closed","template":"","meta":{"footnotes":""},"_links":{"self":[{"href":"https:\/\/xadrezasburgas.net\/index.php\/wp-json\/wp\/v2\/pages\/27"}],"collection":[{"href":"https:\/\/xadrezasburgas.net\/index.php\/wp-json\/wp\/v2\/pages"}],"about":[{"href":"https:\/\/xadrezasburgas.net\/index.php\/wp-json\/wp\/v2\/types\/page"}],"author":[{"embeddable":true,"href":"https:\/\/xadrezasburgas.net\/index.php\/wp-json\/wp\/v2\/users\/1"}],"replies":[{"embeddable":true,"href":"https:\/\/xadrezasburgas.net\/index.php\/wp-json\/wp\/v2\/comments?post=27"}],"version-history":[{"count":4,"href":"https:\/\/xadrezasburgas.net\/index.php\/wp-json\/wp\/v2\/pages\/27\/revisions"}],"predecessor-version":[{"id":718,"href":"https:\/\/xadrezasburgas.net\/index.php\/wp-json\/wp\/v2\/pages\/27\/revisions\/718"}],"wp:attachment":[{"href":"https:\/\/xadrezasburgas.net\/index.php\/wp-json\/wp\/v2\/media?parent=27"}],"curies":[{"name":"wp","href":"https:\/\/api.w.org\/{rel}","templated":true}]}}