{"id":2205,"date":"2025-05-29T18:08:48","date_gmt":"2025-05-29T18:08:48","guid":{"rendered":"https:\/\/xadrezasburgas.net\/?page_id=2205"},"modified":"2025-06-22T22:36:44","modified_gmt":"2025-06-22T22:36:44","slug":"copa-ourense-2025","status":"publish","type":"page","link":"https:\/\/xadrezasburgas.net\/index.php\/copa-ourense-2025\/","title":{"rendered":"Copa Ourense 2025"},"content":{"rendered":"\n<p>S\u00e1bado 21 de Xu\u00f1o a partir das 16 h, Galerias Uni\u00f3n-Progreso, Pranta Baixa<\/p>\n\n\n\n<p>Gana Ruben Perez en Adultos y Jacobo Prieto en Sub 12<\/p>\n\n\n\n<p><a href=\"https:\/\/info64.org\/copa-ourense-2025-absoluto\">https:\/\/info64.org\/copa-ourense-2025-absoluto<\/a><\/p>\n\n\n\n<div class=\"wp-block-file\"><a id=\"wp-block-file--media-4e676ca7-6cbb-4559-9825-7d90763d958c\" href=\"https:\/\/xadrezasburgas.net\/wp-content\/uploads\/2025\/05\/II-Copa-Ourense-2025-BASES-2.pdf\">II-Copa-Ourense-2025-BASES-2<\/a><a href=\"https:\/\/xadrezasburgas.net\/wp-content\/uploads\/2025\/05\/II-Copa-Ourense-2025-BASES-2.pdf\" class=\"wp-block-file__button wp-element-button\" download aria-describedby=\"wp-block-file--media-4e676ca7-6cbb-4559-9825-7d90763d958c\">Descarga<\/a><\/div>\n\n\n\n<div class=\"wp-block-file\"><object class=\"wp-block-file__embed\" data=\"https:\/\/xadrezasburgas.net\/wp-content\/uploads\/2025\/06\/II-Copa-Ourense-2025-Cadro-de-honra.pdf\" type=\"application\/pdf\" style=\"width:100%;height:200px\" aria-label=\"Incrustado de II-Copa-Ourense-2025-Cadro-de-honra.\"><\/object><a id=\"wp-block-file--media-cf7b7351-4884-4e9b-a3b9-38de0ffc7668\" href=\"https:\/\/xadrezasburgas.net\/wp-content\/uploads\/2025\/06\/II-Copa-Ourense-2025-Cadro-de-honra.pdf\">II-Copa-Ourense-2025-Cadro-de-honra<\/a><a href=\"https:\/\/xadrezasburgas.net\/wp-content\/uploads\/2025\/06\/II-Copa-Ourense-2025-Cadro-de-honra.pdf\" class=\"wp-block-file__button wp-element-button\" download aria-describedby=\"wp-block-file--media-cf7b7351-4884-4e9b-a3b9-38de0ffc7668\">Descarga<\/a><\/div>\n\n\n\n<figure class=\"wp-block-gallery has-nested-images columns-default is-cropped wp-block-gallery-1 is-layout-flex wp-block-gallery-is-layout-flex\">\n<figure class=\"wp-block-image size-large\"><img decoding=\"async\" loading=\"lazy\" width=\"766\" height=\"1024\" data-id=\"2237\" src=\"https:\/\/xadrezasburgas.net\/wp-content\/uploads\/2025\/06\/Femenina-Sub-12-766x1024.jpg\" alt=\"\" class=\"wp-image-2237\" srcset=\"https:\/\/xadrezasburgas.net\/wp-content\/uploads\/2025\/06\/Femenina-Sub-12-766x1024.jpg 766w, https:\/\/xadrezasburgas.net\/wp-content\/uploads\/2025\/06\/Femenina-Sub-12-224x300.jpg 224w, https:\/\/xadrezasburgas.net\/wp-content\/uploads\/2025\/06\/Femenina-Sub-12-768x1027.jpg 768w, https:\/\/xadrezasburgas.net\/wp-content\/uploads\/2025\/06\/Femenina-Sub-12-1149x1536.jpg 1149w, https:\/\/xadrezasburgas.net\/wp-content\/uploads\/2025\/06\/Femenina-Sub-12.jpg 1496w\" sizes=\"(max-width: 766px) 100vw, 766px\" \/><\/figure>\n\n\n\n<figure class=\"wp-block-image size-large\"><img decoding=\"async\" loading=\"lazy\" width=\"766\" height=\"1024\" data-id=\"2242\" src=\"https:\/\/xadrezasburgas.net\/wp-content\/uploads\/2025\/06\/Ganadores-Absoluto-766x1024.jpg\" alt=\"\" class=\"wp-image-2242\" srcset=\"https:\/\/xadrezasburgas.net\/wp-content\/uploads\/2025\/06\/Ganadores-Absoluto-766x1024.jpg 766w, https:\/\/xadrezasburgas.net\/wp-content\/uploads\/2025\/06\/Ganadores-Absoluto-224x300.jpg 224w, https:\/\/xadrezasburgas.net\/wp-content\/uploads\/2025\/06\/Ganadores-Absoluto-768x1027.jpg 768w, https:\/\/xadrezasburgas.net\/wp-content\/uploads\/2025\/06\/Ganadores-Absoluto-1149x1536.jpg 1149w, https:\/\/xadrezasburgas.net\/wp-content\/uploads\/2025\/06\/Ganadores-Absoluto.jpg 1496w\" sizes=\"(max-width: 766px) 100vw, 766px\" \/><\/figure>\n\n\n\n<figure class=\"wp-block-image size-large\"><img decoding=\"async\" loading=\"lazy\" width=\"766\" height=\"1024\" data-id=\"2241\" src=\"https:\/\/xadrezasburgas.net\/wp-content\/uploads\/2025\/06\/Ganadores-Sub-08-766x1024.jpg\" alt=\"\" class=\"wp-image-2241\" srcset=\"https:\/\/xadrezasburgas.net\/wp-content\/uploads\/2025\/06\/Ganadores-Sub-08-766x1024.jpg 766w, https:\/\/xadrezasburgas.net\/wp-content\/uploads\/2025\/06\/Ganadores-Sub-08-224x300.jpg 224w, https:\/\/xadrezasburgas.net\/wp-content\/uploads\/2025\/06\/Ganadores-Sub-08-768x1027.jpg 768w, https:\/\/xadrezasburgas.net\/wp-content\/uploads\/2025\/06\/Ganadores-Sub-08-1149x1536.jpg 1149w, https:\/\/xadrezasburgas.net\/wp-content\/uploads\/2025\/06\/Ganadores-Sub-08.jpg 1496w\" sizes=\"(max-width: 766px) 100vw, 766px\" \/><\/figure>\n\n\n\n<figure class=\"wp-block-image size-large\"><img decoding=\"async\" loading=\"lazy\" width=\"766\" height=\"1024\" data-id=\"2240\" src=\"https:\/\/xadrezasburgas.net\/wp-content\/uploads\/2025\/06\/Ganadores-Sub-10-766x1024.jpg\" alt=\"\" class=\"wp-image-2240\" srcset=\"https:\/\/xadrezasburgas.net\/wp-content\/uploads\/2025\/06\/Ganadores-Sub-10-766x1024.jpg 766w, https:\/\/xadrezasburgas.net\/wp-content\/uploads\/2025\/06\/Ganadores-Sub-10-224x300.jpg 224w, https:\/\/xadrezasburgas.net\/wp-content\/uploads\/2025\/06\/Ganadores-Sub-10-768x1027.jpg 768w, https:\/\/xadrezasburgas.net\/wp-content\/uploads\/2025\/06\/Ganadores-Sub-10-1149x1536.jpg 1149w, https:\/\/xadrezasburgas.net\/wp-content\/uploads\/2025\/06\/Ganadores-Sub-10.jpg 1496w\" sizes=\"(max-width: 766px) 100vw, 766px\" \/><\/figure>\n\n\n\n<figure class=\"wp-block-image size-large\"><img decoding=\"async\" loading=\"lazy\" width=\"766\" height=\"1024\" data-id=\"2239\" src=\"https:\/\/xadrezasburgas.net\/wp-content\/uploads\/2025\/06\/Ganadores-Torneo-Sub-12-766x1024.jpg\" alt=\"\" class=\"wp-image-2239\" srcset=\"https:\/\/xadrezasburgas.net\/wp-content\/uploads\/2025\/06\/Ganadores-Torneo-Sub-12-766x1024.jpg 766w, https:\/\/xadrezasburgas.net\/wp-content\/uploads\/2025\/06\/Ganadores-Torneo-Sub-12-224x300.jpg 224w, https:\/\/xadrezasburgas.net\/wp-content\/uploads\/2025\/06\/Ganadores-Torneo-Sub-12-768x1027.jpg 768w, https:\/\/xadrezasburgas.net\/wp-content\/uploads\/2025\/06\/Ganadores-Torneo-Sub-12-1149x1536.jpg 1149w, https:\/\/xadrezasburgas.net\/wp-content\/uploads\/2025\/06\/Ganadores-Torneo-Sub-12.jpg 1496w\" sizes=\"(max-width: 766px) 100vw, 766px\" \/><\/figure>\n\n\n\n<figure class=\"wp-block-image size-large\"><img decoding=\"async\" loading=\"lazy\" width=\"1024\" height=\"766\" data-id=\"2243\" src=\"https:\/\/xadrezasburgas.net\/wp-content\/uploads\/2025\/06\/Global-1024x766.jpg\" alt=\"\" class=\"wp-image-2243\" srcset=\"https:\/\/xadrezasburgas.net\/wp-content\/uploads\/2025\/06\/Global-1024x766.jpg 1024w, https:\/\/xadrezasburgas.net\/wp-content\/uploads\/2025\/06\/Global-300x224.jpg 300w, https:\/\/xadrezasburgas.net\/wp-content\/uploads\/2025\/06\/Global-768x574.jpg 768w, https:\/\/xadrezasburgas.net\/wp-content\/uploads\/2025\/06\/Global-1536x1149.jpg 1536w, https:\/\/xadrezasburgas.net\/wp-content\/uploads\/2025\/06\/Global.jpg 2000w\" sizes=\"(max-width: 1024px) 100vw, 1024px\" \/><\/figure>\n\n\n\n<figure class=\"wp-block-image size-large\"><img decoding=\"async\" loading=\"lazy\" width=\"766\" height=\"1024\" data-id=\"2238\" src=\"https:\/\/xadrezasburgas.net\/wp-content\/uploads\/2025\/06\/SUb-16-766x1024.jpg\" alt=\"\" class=\"wp-image-2238\" srcset=\"https:\/\/xadrezasburgas.net\/wp-content\/uploads\/2025\/06\/SUb-16-766x1024.jpg 766w, https:\/\/xadrezasburgas.net\/wp-content\/uploads\/2025\/06\/SUb-16-224x300.jpg 224w, https:\/\/xadrezasburgas.net\/wp-content\/uploads\/2025\/06\/SUb-16-768x1027.jpg 768w, https:\/\/xadrezasburgas.net\/wp-content\/uploads\/2025\/06\/SUb-16-1149x1536.jpg 1149w, https:\/\/xadrezasburgas.net\/wp-content\/uploads\/2025\/06\/SUb-16.jpg 1496w\" sizes=\"(max-width: 766px) 100vw, 766px\" \/><\/figure>\n<\/figure>\n","protected":false},"excerpt":{"rendered":"<p>S\u00e1bado 21 de Xu\u00f1o a partir das 16 h, Galerias Uni\u00f3n-Progreso, Pranta Baixa Gana Ruben Perez en Adultos y Jacobo Prieto en Sub 12 https:\/\/info64.org\/copa-ourense-2025-absoluto<\/p>\n","protected":false},"author":1,"featured_media":0,"parent":0,"menu_order":0,"comment_status":"closed","ping_status":"closed","template":"","meta":{"footnotes":""},"_links":{"self":[{"href":"https:\/\/xadrezasburgas.net\/index.php\/wp-json\/wp\/v2\/pages\/2205"}],"collection":[{"href":"https:\/\/xadrezasburgas.net\/index.php\/wp-json\/wp\/v2\/pages"}],"about":[{"href":"https:\/\/xadrezasburgas.net\/index.php\/wp-json\/wp\/v2\/types\/page"}],"author":[{"embeddable":true,"href":"https:\/\/xadrezasburgas.net\/index.php\/wp-json\/wp\/v2\/users\/1"}],"replies":[{"embeddable":true,"href":"https:\/\/xadrezasburgas.net\/index.php\/wp-json\/wp\/v2\/comments?post=2205"}],"version-history":[{"count":3,"href":"https:\/\/xadrezasburgas.net\/index.php\/wp-json\/wp\/v2\/pages\/2205\/revisions"}],"predecessor-version":[{"id":2244,"href":"https:\/\/xadrezasburgas.net\/index.php\/wp-json\/wp\/v2\/pages\/2205\/revisions\/2244"}],"wp:attachment":[{"href":"https:\/\/xadrezasburgas.net\/index.php\/wp-json\/wp\/v2\/media?parent=2205"}],"curies":[{"name":"wp","href":"https:\/\/api.w.org\/{rel}","templated":true}]}}