{"id":2177,"date":"2025-05-29T17:13:22","date_gmt":"2025-05-29T17:13:22","guid":{"rendered":"https:\/\/xadrezasburgas.net\/?page_id=2177"},"modified":"2025-06-15T21:27:31","modified_gmt":"2025-06-15T21:27:31","slug":"torneo-xadrez-activo-pontinas-2025","status":"publish","type":"page","link":"https:\/\/xadrezasburgas.net\/index.php\/torneo-xadrez-activo-pontinas-2025\/","title":{"rendered":"Torneo Xadrez Activo Ponti\u00f1as 2025"},"content":{"rendered":"\n<p>S\u00e1bado 14 de Xu\u00f1o Centro Com<strong>ercial Ponti\u00f1as (Lal\u00edn)<\/strong> a partir das 16 h<\/p>\n\n\n\n<p>Gana Eloy Sixto Puente con pleno de puntos<\/p>\n\n\n\n<p><a href=\"https:\/\/info64.org\/torneo-xadrez-activo-pontinas-2025\">https:\/\/info64.org\/torneo-xadrez-activo-pontinas-2025<\/a><\/p>\n\n\n\n<div class=\"wp-block-file\"><object class=\"wp-block-file__embed\" data=\"https:\/\/xadrezasburgas.net\/wp-content\/uploads\/2025\/06\/Cadro-de-Honra-Pontinas-2025.pdf\" type=\"application\/pdf\" style=\"width:100%;height:230px\" aria-label=\"Incrustado de Cadro-de-Honra-Pontinas-2025.\"><\/object><a id=\"wp-block-file--media-3801c0de-c1c5-4ab9-9f39-26315e49033f\" href=\"https:\/\/xadrezasburgas.net\/wp-content\/uploads\/2025\/06\/Cadro-de-Honra-Pontinas-2025.pdf\">Cadro-de-Honra-Pontinas-2025<\/a><a href=\"https:\/\/xadrezasburgas.net\/wp-content\/uploads\/2025\/06\/Cadro-de-Honra-Pontinas-2025.pdf\" class=\"wp-block-file__button wp-element-button\" download aria-describedby=\"wp-block-file--media-3801c0de-c1c5-4ab9-9f39-26315e49033f\">Descarga<\/a><\/div>\n\n\n\n<div class=\"wp-block-file\"><a id=\"wp-block-file--media-3cfc4d55-7765-4365-9e2b-7a7302471f44\" href=\"https:\/\/xadrezasburgas.net\/wp-content\/uploads\/2025\/05\/Bases-C.C.Pontinas-14-de-xuno-2025.pdf\">Bases-C.C.Pontinas-14-de-xuno-2025<\/a><a href=\"https:\/\/xadrezasburgas.net\/wp-content\/uploads\/2025\/05\/Bases-C.C.Pontinas-14-de-xuno-2025.pdf\" class=\"wp-block-file__button wp-element-button\" download aria-describedby=\"wp-block-file--media-3cfc4d55-7765-4365-9e2b-7a7302471f44\">Descarga<\/a><\/div>\n\n\n\n<figure class=\"wp-block-gallery has-nested-images columns-default is-cropped wp-block-gallery-1 is-layout-flex wp-block-gallery-is-layout-flex\">\n<figure class=\"wp-block-image size-large\"><img decoding=\"async\" loading=\"lazy\" width=\"1024\" height=\"839\" data-id=\"2231\" src=\"https:\/\/xadrezasburgas.net\/wp-content\/uploads\/2025\/06\/Genral.1-1-1024x839.jpeg\" alt=\"\" class=\"wp-image-2231\" srcset=\"https:\/\/xadrezasburgas.net\/wp-content\/uploads\/2025\/06\/Genral.1-1-1024x839.jpeg 1024w, https:\/\/xadrezasburgas.net\/wp-content\/uploads\/2025\/06\/Genral.1-1-300x246.jpeg 300w, https:\/\/xadrezasburgas.net\/wp-content\/uploads\/2025\/06\/Genral.1-1-768x629.jpeg 768w, https:\/\/xadrezasburgas.net\/wp-content\/uploads\/2025\/06\/Genral.1-1-1536x1259.jpeg 1536w, https:\/\/xadrezasburgas.net\/wp-content\/uploads\/2025\/06\/Genral.1-1.jpeg 1540w\" sizes=\"(max-width: 1024px) 100vw, 1024px\" \/><\/figure>\n\n\n\n<figure class=\"wp-block-image size-large\"><img decoding=\"async\" loading=\"lazy\" width=\"799\" height=\"1024\" data-id=\"2225\" src=\"https:\/\/xadrezasburgas.net\/wp-content\/uploads\/2025\/06\/Gnadores-799x1024.jpeg\" alt=\"\" class=\"wp-image-2225\" srcset=\"https:\/\/xadrezasburgas.net\/wp-content\/uploads\/2025\/06\/Gnadores-799x1024.jpeg 799w, https:\/\/xadrezasburgas.net\/wp-content\/uploads\/2025\/06\/Gnadores-234x300.jpeg 234w, https:\/\/xadrezasburgas.net\/wp-content\/uploads\/2025\/06\/Gnadores-768x984.jpeg 768w, https:\/\/xadrezasburgas.net\/wp-content\/uploads\/2025\/06\/Gnadores.jpeg 1173w\" sizes=\"(max-width: 799px) 100vw, 799px\" \/><\/figure>\n\n\n\n<figure class=\"wp-block-image size-large\"><img decoding=\"async\" loading=\"lazy\" width=\"1024\" height=\"771\" data-id=\"2229\" src=\"https:\/\/xadrezasburgas.net\/wp-content\/uploads\/2025\/06\/Marc-e-Anna-1024x771.jpeg\" alt=\"\" class=\"wp-image-2229\" srcset=\"https:\/\/xadrezasburgas.net\/wp-content\/uploads\/2025\/06\/Marc-e-Anna-1024x771.jpeg 1024w, https:\/\/xadrezasburgas.net\/wp-content\/uploads\/2025\/06\/Marc-e-Anna-300x226.jpeg 300w, https:\/\/xadrezasburgas.net\/wp-content\/uploads\/2025\/06\/Marc-e-Anna-768x578.jpeg 768w, https:\/\/xadrezasburgas.net\/wp-content\/uploads\/2025\/06\/Marc-e-Anna-1536x1157.jpeg 1536w, https:\/\/xadrezasburgas.net\/wp-content\/uploads\/2025\/06\/Marc-e-Anna.jpeg 2040w\" sizes=\"(max-width: 1024px) 100vw, 1024px\" \/><\/figure>\n\n\n\n<figure class=\"wp-block-image size-large\"><img decoding=\"async\" loading=\"lazy\" width=\"1024\" height=\"771\" data-id=\"2228\" src=\"https:\/\/xadrezasburgas.net\/wp-content\/uploads\/2025\/06\/Participantes-1024x771.jpeg\" alt=\"\" class=\"wp-image-2228\" srcset=\"https:\/\/xadrezasburgas.net\/wp-content\/uploads\/2025\/06\/Participantes-1024x771.jpeg 1024w, https:\/\/xadrezasburgas.net\/wp-content\/uploads\/2025\/06\/Participantes-300x226.jpeg 300w, https:\/\/xadrezasburgas.net\/wp-content\/uploads\/2025\/06\/Participantes-768x578.jpeg 768w, https:\/\/xadrezasburgas.net\/wp-content\/uploads\/2025\/06\/Participantes-1536x1157.jpeg 1536w, https:\/\/xadrezasburgas.net\/wp-content\/uploads\/2025\/06\/Participantes.jpeg 2040w\" sizes=\"(max-width: 1024px) 100vw, 1024px\" \/><\/figure>\n\n\n\n<figure class=\"wp-block-image size-large\"><img decoding=\"async\" loading=\"lazy\" width=\"1024\" height=\"771\" data-id=\"2227\" src=\"https:\/\/xadrezasburgas.net\/wp-content\/uploads\/2025\/06\/Particpantes-1024x771.jpeg\" alt=\"\" class=\"wp-image-2227\" srcset=\"https:\/\/xadrezasburgas.net\/wp-content\/uploads\/2025\/06\/Particpantes-1024x771.jpeg 1024w, https:\/\/xadrezasburgas.net\/wp-content\/uploads\/2025\/06\/Particpantes-300x226.jpeg 300w, https:\/\/xadrezasburgas.net\/wp-content\/uploads\/2025\/06\/Particpantes-768x578.jpeg 768w, https:\/\/xadrezasburgas.net\/wp-content\/uploads\/2025\/06\/Particpantes-1536x1157.jpeg 1536w, https:\/\/xadrezasburgas.net\/wp-content\/uploads\/2025\/06\/Particpantes.jpeg 2040w\" sizes=\"(max-width: 1024px) 100vw, 1024px\" \/><\/figure>\n\n\n\n<figure class=\"wp-block-image size-large\"><img decoding=\"async\" loading=\"lazy\" width=\"749\" height=\"1024\" data-id=\"2223\" src=\"https:\/\/xadrezasburgas.net\/wp-content\/uploads\/2025\/06\/Sub-12-749x1024.jpeg\" alt=\"\" class=\"wp-image-2223\" srcset=\"https:\/\/xadrezasburgas.net\/wp-content\/uploads\/2025\/06\/Sub-12-749x1024.jpeg 749w, https:\/\/xadrezasburgas.net\/wp-content\/uploads\/2025\/06\/Sub-12-220x300.jpeg 220w, https:\/\/xadrezasburgas.net\/wp-content\/uploads\/2025\/06\/Sub-12.jpeg 756w\" sizes=\"(max-width: 749px) 100vw, 749px\" \/><\/figure>\n\n\n\n<figure class=\"wp-block-image size-large\"><img decoding=\"async\" loading=\"lazy\" width=\"985\" height=\"1024\" data-id=\"2224\" src=\"https:\/\/xadrezasburgas.net\/wp-content\/uploads\/2025\/06\/Sub-16.jpeg\" alt=\"\" class=\"wp-image-2224\" srcset=\"https:\/\/xadrezasburgas.net\/wp-content\/uploads\/2025\/06\/Sub-16.jpeg 985w, https:\/\/xadrezasburgas.net\/wp-content\/uploads\/2025\/06\/Sub-16-289x300.jpeg 289w, https:\/\/xadrezasburgas.net\/wp-content\/uploads\/2025\/06\/Sub-16-768x798.jpeg 768w\" sizes=\"(max-width: 985px) 100vw, 985px\" \/><\/figure>\n\n\n\n<figure class=\"wp-block-image size-large\"><img decoding=\"async\" loading=\"lazy\" width=\"771\" height=\"1024\" data-id=\"2226\" src=\"https:\/\/xadrezasburgas.net\/wp-content\/uploads\/2025\/06\/WhatsApp-Image-2025-06-15-at-22.29.19-771x1024.jpeg\" alt=\"\" class=\"wp-image-2226\" srcset=\"https:\/\/xadrezasburgas.net\/wp-content\/uploads\/2025\/06\/WhatsApp-Image-2025-06-15-at-22.29.19-771x1024.jpeg 771w, https:\/\/xadrezasburgas.net\/wp-content\/uploads\/2025\/06\/WhatsApp-Image-2025-06-15-at-22.29.19-226x300.jpeg 226w, https:\/\/xadrezasburgas.net\/wp-content\/uploads\/2025\/06\/WhatsApp-Image-2025-06-15-at-22.29.19-768x1020.jpeg 768w, https:\/\/xadrezasburgas.net\/wp-content\/uploads\/2025\/06\/WhatsApp-Image-2025-06-15-at-22.29.19-1157x1536.jpeg 1157w, https:\/\/xadrezasburgas.net\/wp-content\/uploads\/2025\/06\/WhatsApp-Image-2025-06-15-at-22.29.19.jpeg 1536w\" sizes=\"(max-width: 771px) 100vw, 771px\" \/><\/figure>\n\n\n\n<figure class=\"wp-block-image size-large\"><img decoding=\"async\" loading=\"lazy\" width=\"771\" height=\"1024\" data-id=\"2230\" src=\"https:\/\/xadrezasburgas.net\/wp-content\/uploads\/2025\/06\/WhatsApp-Image-2025-06-15-at-22.29.20-1-771x1024.jpeg\" alt=\"\" class=\"wp-image-2230\" srcset=\"https:\/\/xadrezasburgas.net\/wp-content\/uploads\/2025\/06\/WhatsApp-Image-2025-06-15-at-22.29.20-1-771x1024.jpeg 771w, https:\/\/xadrezasburgas.net\/wp-content\/uploads\/2025\/06\/WhatsApp-Image-2025-06-15-at-22.29.20-1-226x300.jpeg 226w, https:\/\/xadrezasburgas.net\/wp-content\/uploads\/2025\/06\/WhatsApp-Image-2025-06-15-at-22.29.20-1-768x1020.jpeg 768w, https:\/\/xadrezasburgas.net\/wp-content\/uploads\/2025\/06\/WhatsApp-Image-2025-06-15-at-22.29.20-1-1157x1536.jpeg 1157w, https:\/\/xadrezasburgas.net\/wp-content\/uploads\/2025\/06\/WhatsApp-Image-2025-06-15-at-22.29.20-1.jpeg 1536w\" sizes=\"(max-width: 771px) 100vw, 771px\" \/><\/figure>\n<\/figure>\n","protected":false},"excerpt":{"rendered":"<p>S\u00e1bado 14 de Xu\u00f1o Centro Comercial Ponti\u00f1as (Lal\u00edn) a partir das 16 h Gana Eloy Sixto Puente con pleno de puntos https:\/\/info64.org\/torneo-xadrez-activo-pontinas-2025<\/p>\n","protected":false},"author":1,"featured_media":0,"parent":0,"menu_order":0,"comment_status":"closed","ping_status":"closed","template":"","meta":{"footnotes":""},"_links":{"self":[{"href":"https:\/\/xadrezasburgas.net\/index.php\/wp-json\/wp\/v2\/pages\/2177"}],"collection":[{"href":"https:\/\/xadrezasburgas.net\/index.php\/wp-json\/wp\/v2\/pages"}],"about":[{"href":"https:\/\/xadrezasburgas.net\/index.php\/wp-json\/wp\/v2\/types\/page"}],"author":[{"embeddable":true,"href":"https:\/\/xadrezasburgas.net\/index.php\/wp-json\/wp\/v2\/users\/1"}],"replies":[{"embeddable":true,"href":"https:\/\/xadrezasburgas.net\/index.php\/wp-json\/wp\/v2\/comments?post=2177"}],"version-history":[{"count":4,"href":"https:\/\/xadrezasburgas.net\/index.php\/wp-json\/wp\/v2\/pages\/2177\/revisions"}],"predecessor-version":[{"id":2232,"href":"https:\/\/xadrezasburgas.net\/index.php\/wp-json\/wp\/v2\/pages\/2177\/revisions\/2232"}],"wp:attachment":[{"href":"https:\/\/xadrezasburgas.net\/index.php\/wp-json\/wp\/v2\/media?parent=2177"}],"curies":[{"name":"wp","href":"https:\/\/api.w.org\/{rel}","templated":true}]}}