{"id":213,"date":"2021-11-08T23:01:08","date_gmt":"2021-11-08T23:01:08","guid":{"rendered":"https:\/\/xadrezasburgas.net\/?page_id=213"},"modified":"2021-11-14T22:04:55","modified_gmt":"2021-11-14T22:04:55","slug":"memorial-xose-henriquez-rodriguez-pena-2021","status":"publish","type":"page","link":"https:\/\/xadrezasburgas.net\/index.php\/memorial-xose-henriquez-rodriguez-pena-2021\/","title":{"rendered":"Memorial Xos\u00e9 Henriquez Rodriguez Pe\u00f1a 2021"},"content":{"rendered":"\n<h4 class=\"has-text-align-center wp-block-heading\">Celebrouse o Memorial 2021 coa vitoria de Martin Boado Rodriguez, ex xogador do Liceo, que alcanzou o pleno de puntos, con 7, seguido Cesar P\u00e9rez Dopazo, do Universitario e Xavier G\u00f3mez Dominguez, do Benchosey. Pura Di\u00e9guez Novoa acabou logrando o Campionato feminino, tam\u00e9n do mesmo Club Benchosey.<\/h4>\n\n\n\n<div class=\"wp-block-file\"><a href=\"https:\/\/xadrezasburgas.net\/wp-content\/uploads\/2021\/11\/Bases-Pena-2021.pdf\">Bases-Pena-2021<\/a><a href=\"https:\/\/xadrezasburgas.net\/wp-content\/uploads\/2021\/11\/Bases-Pena-2021.pdf\" class=\"wp-block-file__button\" download>Descarga<\/a><\/div>\n\n\n\n<div class=\"wp-block-file\"><a href=\"https:\/\/xadrezasburgas.net\/wp-content\/uploads\/2021\/11\/Cadro-de-Honra-Memo-Pena-2021.pdf\">Cadro-de-Honra-Memo-Pena-2021<\/a><a href=\"https:\/\/xadrezasburgas.net\/wp-content\/uploads\/2021\/11\/Cadro-de-Honra-Memo-Pena-2021.pdf\" class=\"wp-block-file__button\" download>Descarga<\/a><\/div>\n\n\n\n<div class=\"wp-block-file\"><a href=\"https:\/\/xadrezasburgas.net\/wp-content\/uploads\/2021\/11\/Cartel-Pena-2021.pdf\">Cartel-Pena-2021<\/a><a href=\"https:\/\/xadrezasburgas.net\/wp-content\/uploads\/2021\/11\/Cartel-Pena-2021.pdf\" class=\"wp-block-file__button\" download>Descarga<\/a><\/div>\n\n\n\n<p class=\"has-text-align-center\"><a href=\"https:\/\/info64.org\/aberto-memorial-xose-henrique-rodriguez-pena-2021\">https:\/\/info64.org<\/a><\/p>\n\n\n\n<figure class=\"wp-block-gallery columns-6 wp-block-gallery-1 is-layout-flex wp-block-gallery-is-layout-flex\"><ul class=\"blocks-gallery-grid\"><li class=\"blocks-gallery-item\"><figure><img decoding=\"async\" loading=\"lazy\" width=\"300\" height=\"292\" src=\"https:\/\/xadrezasburgas.net\/wp-content\/uploads\/2021\/11\/WhatsApp-Image-2021-11-14-at-01.25.58-300x292.jpeg\" alt=\"\" data-id=\"228\" data-full-url=\"https:\/\/xadrezasburgas.net\/wp-content\/uploads\/2021\/11\/WhatsApp-Image-2021-11-14-at-01.25.58.jpeg\" data-link=\"https:\/\/xadrezasburgas.net\/index.php\/memorial-xose-henriquez-rodriguez-pena-2021\/whatsapp-image-2021-11-14-at-01-25-58\/\" class=\"wp-image-228\" srcset=\"https:\/\/xadrezasburgas.net\/wp-content\/uploads\/2021\/11\/WhatsApp-Image-2021-11-14-at-01.25.58-300x292.jpeg 300w, https:\/\/xadrezasburgas.net\/wp-content\/uploads\/2021\/11\/WhatsApp-Image-2021-11-14-at-01.25.58-1024x997.jpeg 1024w, https:\/\/xadrezasburgas.net\/wp-content\/uploads\/2021\/11\/WhatsApp-Image-2021-11-14-at-01.25.58-768x748.jpeg 768w, https:\/\/xadrezasburgas.net\/wp-content\/uploads\/2021\/11\/WhatsApp-Image-2021-11-14-at-01.25.58-1536x1496.jpeg 1536w, https:\/\/xadrezasburgas.net\/wp-content\/uploads\/2021\/11\/WhatsApp-Image-2021-11-14-at-01.25.58.jpeg 1567w\" sizes=\"(max-width: 300px) 100vw, 300px\" \/><\/figure><\/li><li class=\"blocks-gallery-item\"><figure><img decoding=\"async\" loading=\"lazy\" width=\"225\" height=\"300\" src=\"https:\/\/xadrezasburgas.net\/wp-content\/uploads\/2021\/11\/WhatsApp-Image-2021-11-14-at-01.26.57-225x300.jpeg\" alt=\"\" data-id=\"229\" data-full-url=\"https:\/\/xadrezasburgas.net\/wp-content\/uploads\/2021\/11\/WhatsApp-Image-2021-11-14-at-01.26.57.jpeg\" data-link=\"https:\/\/xadrezasburgas.net\/index.php\/memorial-xose-henriquez-rodriguez-pena-2021\/whatsapp-image-2021-11-14-at-01-26-57\/\" class=\"wp-image-229\" srcset=\"https:\/\/xadrezasburgas.net\/wp-content\/uploads\/2021\/11\/WhatsApp-Image-2021-11-14-at-01.26.57-225x300.jpeg 225w, https:\/\/xadrezasburgas.net\/wp-content\/uploads\/2021\/11\/WhatsApp-Image-2021-11-14-at-01.26.57-768x1024.jpeg 768w, https:\/\/xadrezasburgas.net\/wp-content\/uploads\/2021\/11\/WhatsApp-Image-2021-11-14-at-01.26.57-1152x1536.jpeg 1152w, https:\/\/xadrezasburgas.net\/wp-content\/uploads\/2021\/11\/WhatsApp-Image-2021-11-14-at-01.26.57.jpeg 1536w\" sizes=\"(max-width: 225px) 100vw, 225px\" \/><\/figure><\/li><li class=\"blocks-gallery-item\"><figure><img decoding=\"async\" loading=\"lazy\" width=\"225\" height=\"300\" src=\"https:\/\/xadrezasburgas.net\/wp-content\/uploads\/2021\/11\/WhatsApp-Image-2021-11-14-at-01.27.14-225x300.jpeg\" alt=\"\" data-id=\"230\" data-full-url=\"https:\/\/xadrezasburgas.net\/wp-content\/uploads\/2021\/11\/WhatsApp-Image-2021-11-14-at-01.27.14.jpeg\" data-link=\"https:\/\/xadrezasburgas.net\/index.php\/memorial-xose-henriquez-rodriguez-pena-2021\/whatsapp-image-2021-11-14-at-01-27-14\/\" class=\"wp-image-230\" srcset=\"https:\/\/xadrezasburgas.net\/wp-content\/uploads\/2021\/11\/WhatsApp-Image-2021-11-14-at-01.27.14-225x300.jpeg 225w, https:\/\/xadrezasburgas.net\/wp-content\/uploads\/2021\/11\/WhatsApp-Image-2021-11-14-at-01.27.14-768x1024.jpeg 768w, https:\/\/xadrezasburgas.net\/wp-content\/uploads\/2021\/11\/WhatsApp-Image-2021-11-14-at-01.27.14-1152x1536.jpeg 1152w, https:\/\/xadrezasburgas.net\/wp-content\/uploads\/2021\/11\/WhatsApp-Image-2021-11-14-at-01.27.14.jpeg 1536w\" sizes=\"(max-width: 225px) 100vw, 225px\" \/><\/figure><\/li><li class=\"blocks-gallery-item\"><figure><img decoding=\"async\" loading=\"lazy\" width=\"225\" height=\"300\" src=\"https:\/\/xadrezasburgas.net\/wp-content\/uploads\/2021\/11\/WhatsApp-Image-2021-11-14-at-01.27.37-225x300.jpeg\" alt=\"\" data-id=\"231\" data-full-url=\"https:\/\/xadrezasburgas.net\/wp-content\/uploads\/2021\/11\/WhatsApp-Image-2021-11-14-at-01.27.37.jpeg\" data-link=\"https:\/\/xadrezasburgas.net\/index.php\/memorial-xose-henriquez-rodriguez-pena-2021\/whatsapp-image-2021-11-14-at-01-27-37\/\" class=\"wp-image-231\" srcset=\"https:\/\/xadrezasburgas.net\/wp-content\/uploads\/2021\/11\/WhatsApp-Image-2021-11-14-at-01.27.37-225x300.jpeg 225w, https:\/\/xadrezasburgas.net\/wp-content\/uploads\/2021\/11\/WhatsApp-Image-2021-11-14-at-01.27.37-768x1024.jpeg 768w, https:\/\/xadrezasburgas.net\/wp-content\/uploads\/2021\/11\/WhatsApp-Image-2021-11-14-at-01.27.37-1152x1536.jpeg 1152w, https:\/\/xadrezasburgas.net\/wp-content\/uploads\/2021\/11\/WhatsApp-Image-2021-11-14-at-01.27.37.jpeg 1536w\" sizes=\"(max-width: 225px) 100vw, 225px\" \/><\/figure><\/li><li class=\"blocks-gallery-item\"><figure><img decoding=\"async\" loading=\"lazy\" width=\"225\" height=\"300\" src=\"https:\/\/xadrezasburgas.net\/wp-content\/uploads\/2021\/11\/WhatsApp-Image-2021-11-14-at-01.27.53-225x300.jpeg\" alt=\"\" data-id=\"232\" data-full-url=\"https:\/\/xadrezasburgas.net\/wp-content\/uploads\/2021\/11\/WhatsApp-Image-2021-11-14-at-01.27.53.jpeg\" data-link=\"https:\/\/xadrezasburgas.net\/index.php\/memorial-xose-henriquez-rodriguez-pena-2021\/whatsapp-image-2021-11-14-at-01-27-53\/\" class=\"wp-image-232\" srcset=\"https:\/\/xadrezasburgas.net\/wp-content\/uploads\/2021\/11\/WhatsApp-Image-2021-11-14-at-01.27.53-225x300.jpeg 225w, https:\/\/xadrezasburgas.net\/wp-content\/uploads\/2021\/11\/WhatsApp-Image-2021-11-14-at-01.27.53-768x1024.jpeg 768w, https:\/\/xadrezasburgas.net\/wp-content\/uploads\/2021\/11\/WhatsApp-Image-2021-11-14-at-01.27.53-1152x1536.jpeg 1152w, https:\/\/xadrezasburgas.net\/wp-content\/uploads\/2021\/11\/WhatsApp-Image-2021-11-14-at-01.27.53.jpeg 1536w\" sizes=\"(max-width: 225px) 100vw, 225px\" \/><\/figure><\/li><li class=\"blocks-gallery-item\"><figure><img decoding=\"async\" loading=\"lazy\" width=\"225\" height=\"300\" src=\"https:\/\/xadrezasburgas.net\/wp-content\/uploads\/2021\/11\/WhatsApp-Image-2021-11-14-at-01.28.09-225x300.jpeg\" alt=\"\" data-id=\"233\" data-full-url=\"https:\/\/xadrezasburgas.net\/wp-content\/uploads\/2021\/11\/WhatsApp-Image-2021-11-14-at-01.28.09.jpeg\" data-link=\"https:\/\/xadrezasburgas.net\/index.php\/memorial-xose-henriquez-rodriguez-pena-2021\/whatsapp-image-2021-11-14-at-01-28-09\/\" class=\"wp-image-233\" srcset=\"https:\/\/xadrezasburgas.net\/wp-content\/uploads\/2021\/11\/WhatsApp-Image-2021-11-14-at-01.28.09-225x300.jpeg 225w, https:\/\/xadrezasburgas.net\/wp-content\/uploads\/2021\/11\/WhatsApp-Image-2021-11-14-at-01.28.09-768x1024.jpeg 768w, https:\/\/xadrezasburgas.net\/wp-content\/uploads\/2021\/11\/WhatsApp-Image-2021-11-14-at-01.28.09-1152x1536.jpeg 1152w, https:\/\/xadrezasburgas.net\/wp-content\/uploads\/2021\/11\/WhatsApp-Image-2021-11-14-at-01.28.09.jpeg 1536w\" sizes=\"(max-width: 225px) 100vw, 225px\" \/><\/figure><\/li><li class=\"blocks-gallery-item\"><figure><img decoding=\"async\" loading=\"lazy\" width=\"768\" height=\"1024\" src=\"https:\/\/xadrezasburgas.net\/wp-content\/uploads\/2021\/11\/WhatsApp-Image-2021-11-14-at-11.41.13-768x1024.jpeg\" alt=\"\" data-id=\"234\" data-full-url=\"https:\/\/xadrezasburgas.net\/wp-content\/uploads\/2021\/11\/WhatsApp-Image-2021-11-14-at-11.41.13.jpeg\" data-link=\"https:\/\/xadrezasburgas.net\/index.php\/memorial-xose-henriquez-rodriguez-pena-2021\/whatsapp-image-2021-11-14-at-11-41-13\/\" class=\"wp-image-234\" srcset=\"https:\/\/xadrezasburgas.net\/wp-content\/uploads\/2021\/11\/WhatsApp-Image-2021-11-14-at-11.41.13-768x1024.jpeg 768w, https:\/\/xadrezasburgas.net\/wp-content\/uploads\/2021\/11\/WhatsApp-Image-2021-11-14-at-11.41.13-225x300.jpeg 225w, https:\/\/xadrezasburgas.net\/wp-content\/uploads\/2021\/11\/WhatsApp-Image-2021-11-14-at-11.41.13-1152x1536.jpeg 1152w, https:\/\/xadrezasburgas.net\/wp-content\/uploads\/2021\/11\/WhatsApp-Image-2021-11-14-at-11.41.13.jpeg 1536w\" sizes=\"(max-width: 768px) 100vw, 768px\" \/><\/figure><\/li><\/ul><\/figure>\n","protected":false},"excerpt":{"rendered":"<p>Celebrouse o Memorial 2021 coa vitoria de Martin Boado Rodriguez, ex xogador do Liceo, que alcanzou o pleno de puntos, con 7, seguido Cesar P\u00e9rez Dopazo, do Universitario e Xavier G\u00f3mez Dominguez, do Benchosey. Pura Di\u00e9guez Novoa acabou logrando o Campionato feminino, tam\u00e9n do mesmo Club Benchosey. https:\/\/info64.org<\/p>\n","protected":false},"author":1,"featured_media":0,"parent":0,"menu_order":0,"comment_status":"closed","ping_status":"closed","template":"","meta":{"footnotes":""},"_links":{"self":[{"href":"https:\/\/xadrezasburgas.net\/index.php\/wp-json\/wp\/v2\/pages\/213"}],"collection":[{"href":"https:\/\/xadrezasburgas.net\/index.php\/wp-json\/wp\/v2\/pages"}],"about":[{"href":"https:\/\/xadrezasburgas.net\/index.php\/wp-json\/wp\/v2\/types\/page"}],"author":[{"embeddable":true,"href":"https:\/\/xadrezasburgas.net\/index.php\/wp-json\/wp\/v2\/users\/1"}],"replies":[{"embeddable":true,"href":"https:\/\/xadrezasburgas.net\/index.php\/wp-json\/wp\/v2\/comments?post=213"}],"version-history":[{"count":5,"href":"https:\/\/xadrezasburgas.net\/index.php\/wp-json\/wp\/v2\/pages\/213\/revisions"}],"predecessor-version":[{"id":235,"href":"https:\/\/xadrezasburgas.net\/index.php\/wp-json\/wp\/v2\/pages\/213\/revisions\/235"}],"wp:attachment":[{"href":"https:\/\/xadrezasburgas.net\/index.php\/wp-json\/wp\/v2\/media?parent=213"}],"curies":[{"name":"wp","href":"https:\/\/api.w.org\/{rel}","templated":true}]}}