{"id":2060,"date":"2024-12-23T22:21:04","date_gmt":"2024-12-23T22:21:04","guid":{"rendered":"https:\/\/xadrezasburgas.net\/?page_id=2060"},"modified":"2025-01-06T16:41:26","modified_gmt":"2025-01-06T16:41:26","slug":"aninovo-2025","status":"publish","type":"page","link":"https:\/\/xadrezasburgas.net\/index.php\/aninovo-2025\/","title":{"rendered":"Aninovo 2025"},"content":{"rendered":"\n<p>2 &#8211; 3 de Xaneiro na Sociedade Cultural Albor<\/p>\n\n\n\n<p>Gana el Maestro Fide Carlos Ren\u00e9 Alvarez de la Acad\u00e9mica con 6,5 puntos, concediendo un \u00fanico empate frante al subcampe\u00f3n David Gomez del Xadrez Ourense<\/p>\n\n\n\n<div class=\"wp-block-file\"><object class=\"wp-block-file__embed\" data=\"https:\/\/xadrezasburgas.net\/wp-content\/uploads\/2025\/01\/Cadro-de-honra-Aninovo-2025-actulizado.pdf\" type=\"application\/pdf\" style=\"width:100%;height:200px\" aria-label=\"Incrustado de Cadro-de-honra-Aninovo-2025-actulizado.\"><\/object><a id=\"wp-block-file--media-eee94189-3c6d-4d86-a0cb-b5139fcb1075\" href=\"https:\/\/xadrezasburgas.net\/wp-content\/uploads\/2025\/01\/Cadro-de-honra-Aninovo-2025-actulizado.pdf\">Cadro-de-honra-Aninovo-2025-actulizado<\/a><a href=\"https:\/\/xadrezasburgas.net\/wp-content\/uploads\/2025\/01\/Cadro-de-honra-Aninovo-2025-actulizado.pdf\" class=\"wp-block-file__button wp-element-button\" download aria-describedby=\"wp-block-file--media-eee94189-3c6d-4d86-a0cb-b5139fcb1075\">Descarga<\/a><\/div>\n\n\n\n<figure class=\"wp-block-image size-medium is-resized is-style-default\"><img decoding=\"async\" loading=\"lazy\" width=\"210\" height=\"300\" src=\"https:\/\/xadrezasburgas.net\/wp-content\/uploads\/2024\/12\/Cartel-Rapido-Aninovo-Actualizado-210x300.png\" alt=\"\" class=\"wp-image-2065\" style=\"aspect-ratio:0.75;object-fit:cover;width:113px;height:auto\" srcset=\"https:\/\/xadrezasburgas.net\/wp-content\/uploads\/2024\/12\/Cartel-Rapido-Aninovo-Actualizado-210x300.png 210w, https:\/\/xadrezasburgas.net\/wp-content\/uploads\/2024\/12\/Cartel-Rapido-Aninovo-Actualizado-716x1024.png 716w, https:\/\/xadrezasburgas.net\/wp-content\/uploads\/2024\/12\/Cartel-Rapido-Aninovo-Actualizado-768x1098.png 768w, https:\/\/xadrezasburgas.net\/wp-content\/uploads\/2024\/12\/Cartel-Rapido-Aninovo-Actualizado-1074x1536.png 1074w, https:\/\/xadrezasburgas.net\/wp-content\/uploads\/2024\/12\/Cartel-Rapido-Aninovo-Actualizado-1432x2048.png 1432w\" sizes=\"(max-width: 210px) 100vw, 210px\" \/><\/figure>\n\n\n\n<div class=\"wp-block-file\"><a id=\"wp-block-file--media-1e61d57e-4f5c-4f17-a1fd-c55ca7f7fd6e\" href=\"https:\/\/xadrezasburgas.net\/wp-content\/uploads\/2024\/12\/Bases-AniNovo-2025.Actualizado-1.pdf\">Bases-AniNovo-2025.Actualizado-1<\/a><a href=\"https:\/\/xadrezasburgas.net\/wp-content\/uploads\/2024\/12\/Bases-AniNovo-2025.Actualizado-1.pdf\" class=\"wp-block-file__button wp-element-button\" download aria-describedby=\"wp-block-file--media-1e61d57e-4f5c-4f17-a1fd-c55ca7f7fd6e\">Descarga<\/a><\/div>\n\n\n\n<figure class=\"wp-block-gallery has-nested-images columns-default is-cropped wp-block-gallery-1 is-layout-flex wp-block-gallery-is-layout-flex\">\n<figure class=\"wp-block-image size-large\"><img decoding=\"async\" loading=\"lazy\" width=\"1024\" height=\"766\" data-id=\"2104\" src=\"https:\/\/xadrezasburgas.net\/wp-content\/uploads\/2025\/01\/5-primeros-1024x766.jpeg\" alt=\"\" class=\"wp-image-2104\" srcset=\"https:\/\/xadrezasburgas.net\/wp-content\/uploads\/2025\/01\/5-primeros-1024x766.jpeg 1024w, https:\/\/xadrezasburgas.net\/wp-content\/uploads\/2025\/01\/5-primeros-300x224.jpeg 300w, https:\/\/xadrezasburgas.net\/wp-content\/uploads\/2025\/01\/5-primeros-768x574.jpeg 768w, https:\/\/xadrezasburgas.net\/wp-content\/uploads\/2025\/01\/5-primeros-1536x1149.jpeg 1536w, https:\/\/xadrezasburgas.net\/wp-content\/uploads\/2025\/01\/5-primeros.jpeg 2000w\" sizes=\"(max-width: 1024px) 100vw, 1024px\" \/><\/figure>\n\n\n\n<figure class=\"wp-block-image size-large\"><img decoding=\"async\" loading=\"lazy\" width=\"766\" height=\"1024\" data-id=\"2094\" src=\"https:\/\/xadrezasburgas.net\/wp-content\/uploads\/2025\/01\/3-cla-766x1024.jpeg\" alt=\"\" class=\"wp-image-2094\" srcset=\"https:\/\/xadrezasburgas.net\/wp-content\/uploads\/2025\/01\/3-cla-766x1024.jpeg 766w, https:\/\/xadrezasburgas.net\/wp-content\/uploads\/2025\/01\/3-cla-224x300.jpeg 224w, https:\/\/xadrezasburgas.net\/wp-content\/uploads\/2025\/01\/3-cla-768x1027.jpeg 768w, https:\/\/xadrezasburgas.net\/wp-content\/uploads\/2025\/01\/3-cla-1149x1536.jpeg 1149w, https:\/\/xadrezasburgas.net\/wp-content\/uploads\/2025\/01\/3-cla.jpeg 1496w\" sizes=\"(max-width: 766px) 100vw, 766px\" \/><\/figure>\n\n\n\n<figure class=\"wp-block-image size-large\"><img decoding=\"async\" loading=\"lazy\" width=\"1024\" height=\"766\" data-id=\"2093\" src=\"https:\/\/xadrezasburgas.net\/wp-content\/uploads\/2025\/01\/WhatsApp-Image-2025-01-03-at-23.44.36-2-1024x766.jpeg\" alt=\"\" class=\"wp-image-2093\" srcset=\"https:\/\/xadrezasburgas.net\/wp-content\/uploads\/2025\/01\/WhatsApp-Image-2025-01-03-at-23.44.36-2-1024x766.jpeg 1024w, https:\/\/xadrezasburgas.net\/wp-content\/uploads\/2025\/01\/WhatsApp-Image-2025-01-03-at-23.44.36-2-300x224.jpeg 300w, https:\/\/xadrezasburgas.net\/wp-content\/uploads\/2025\/01\/WhatsApp-Image-2025-01-03-at-23.44.36-2-768x574.jpeg 768w, https:\/\/xadrezasburgas.net\/wp-content\/uploads\/2025\/01\/WhatsApp-Image-2025-01-03-at-23.44.36-2-1536x1149.jpeg 1536w, https:\/\/xadrezasburgas.net\/wp-content\/uploads\/2025\/01\/WhatsApp-Image-2025-01-03-at-23.44.36-2.jpeg 2000w\" sizes=\"(max-width: 1024px) 100vw, 1024px\" \/><\/figure>\n\n\n\n<figure class=\"wp-block-image size-large\"><img decoding=\"async\" loading=\"lazy\" width=\"766\" height=\"1024\" data-id=\"2097\" src=\"https:\/\/xadrezasburgas.net\/wp-content\/uploads\/2025\/01\/4-cla-766x1024.jpeg\" alt=\"\" class=\"wp-image-2097\" srcset=\"https:\/\/xadrezasburgas.net\/wp-content\/uploads\/2025\/01\/4-cla-766x1024.jpeg 766w, https:\/\/xadrezasburgas.net\/wp-content\/uploads\/2025\/01\/4-cla-224x300.jpeg 224w, https:\/\/xadrezasburgas.net\/wp-content\/uploads\/2025\/01\/4-cla-768x1027.jpeg 768w, https:\/\/xadrezasburgas.net\/wp-content\/uploads\/2025\/01\/4-cla-1149x1536.jpeg 1149w, https:\/\/xadrezasburgas.net\/wp-content\/uploads\/2025\/01\/4-cla.jpeg 1496w\" sizes=\"(max-width: 766px) 100vw, 766px\" \/><\/figure>\n\n\n\n<figure class=\"wp-block-image size-large\"><img decoding=\"async\" loading=\"lazy\" width=\"766\" height=\"1024\" data-id=\"2099\" src=\"https:\/\/xadrezasburgas.net\/wp-content\/uploads\/2025\/01\/5-cla-766x1024.jpeg\" alt=\"\" class=\"wp-image-2099\" srcset=\"https:\/\/xadrezasburgas.net\/wp-content\/uploads\/2025\/01\/5-cla-766x1024.jpeg 766w, https:\/\/xadrezasburgas.net\/wp-content\/uploads\/2025\/01\/5-cla-224x300.jpeg 224w, https:\/\/xadrezasburgas.net\/wp-content\/uploads\/2025\/01\/5-cla-768x1027.jpeg 768w, https:\/\/xadrezasburgas.net\/wp-content\/uploads\/2025\/01\/5-cla-1149x1536.jpeg 1149w, https:\/\/xadrezasburgas.net\/wp-content\/uploads\/2025\/01\/5-cla.jpeg 1496w\" sizes=\"(max-width: 766px) 100vw, 766px\" \/><\/figure>\n\n\n\n<figure class=\"wp-block-image size-large\"><img decoding=\"async\" loading=\"lazy\" width=\"766\" height=\"1024\" data-id=\"2102\" src=\"https:\/\/xadrezasburgas.net\/wp-content\/uploads\/2025\/01\/club-organizador-766x1024.jpeg\" alt=\"\" class=\"wp-image-2102\" srcset=\"https:\/\/xadrezasburgas.net\/wp-content\/uploads\/2025\/01\/club-organizador-766x1024.jpeg 766w, https:\/\/xadrezasburgas.net\/wp-content\/uploads\/2025\/01\/club-organizador-224x300.jpeg 224w, https:\/\/xadrezasburgas.net\/wp-content\/uploads\/2025\/01\/club-organizador-768x1027.jpeg 768w, https:\/\/xadrezasburgas.net\/wp-content\/uploads\/2025\/01\/club-organizador-1149x1536.jpeg 1149w, https:\/\/xadrezasburgas.net\/wp-content\/uploads\/2025\/01\/club-organizador.jpeg 1496w\" sizes=\"(max-width: 766px) 100vw, 766px\" \/><\/figure>\n\n\n\n<figure class=\"wp-block-image size-large\"><img decoding=\"async\" loading=\"lazy\" width=\"766\" height=\"1024\" data-id=\"2101\" src=\"https:\/\/xadrezasburgas.net\/wp-content\/uploads\/2025\/01\/femina-766x1024.jpeg\" alt=\"\" class=\"wp-image-2101\" srcset=\"https:\/\/xadrezasburgas.net\/wp-content\/uploads\/2025\/01\/femina-766x1024.jpeg 766w, https:\/\/xadrezasburgas.net\/wp-content\/uploads\/2025\/01\/femina-224x300.jpeg 224w, https:\/\/xadrezasburgas.net\/wp-content\/uploads\/2025\/01\/femina-768x1027.jpeg 768w, https:\/\/xadrezasburgas.net\/wp-content\/uploads\/2025\/01\/femina-1149x1536.jpeg 1149w, https:\/\/xadrezasburgas.net\/wp-content\/uploads\/2025\/01\/femina.jpeg 1496w\" sizes=\"(max-width: 766px) 100vw, 766px\" \/><\/figure>\n\n\n\n<figure class=\"wp-block-image size-large\"><img decoding=\"async\" loading=\"lazy\" width=\"766\" height=\"1024\" data-id=\"2095\" src=\"https:\/\/xadrezasburgas.net\/wp-content\/uploads\/2025\/01\/ganador-2-tarta-766x1024.jpeg\" alt=\"\" class=\"wp-image-2095\" srcset=\"https:\/\/xadrezasburgas.net\/wp-content\/uploads\/2025\/01\/ganador-2-tarta-766x1024.jpeg 766w, https:\/\/xadrezasburgas.net\/wp-content\/uploads\/2025\/01\/ganador-2-tarta-224x300.jpeg 224w, https:\/\/xadrezasburgas.net\/wp-content\/uploads\/2025\/01\/ganador-2-tarta-768x1027.jpeg 768w, https:\/\/xadrezasburgas.net\/wp-content\/uploads\/2025\/01\/ganador-2-tarta-1149x1536.jpeg 1149w, https:\/\/xadrezasburgas.net\/wp-content\/uploads\/2025\/01\/ganador-2-tarta.jpeg 1496w\" sizes=\"(max-width: 766px) 100vw, 766px\" \/><\/figure>\n\n\n\n<figure class=\"wp-block-image size-large\"><img decoding=\"async\" loading=\"lazy\" width=\"766\" height=\"1024\" data-id=\"2098\" src=\"https:\/\/xadrezasburgas.net\/wp-content\/uploads\/2025\/01\/ganador-ytarta-766x1024.jpeg\" alt=\"\" class=\"wp-image-2098\" srcset=\"https:\/\/xadrezasburgas.net\/wp-content\/uploads\/2025\/01\/ganador-ytarta-766x1024.jpeg 766w, https:\/\/xadrezasburgas.net\/wp-content\/uploads\/2025\/01\/ganador-ytarta-224x300.jpeg 224w, https:\/\/xadrezasburgas.net\/wp-content\/uploads\/2025\/01\/ganador-ytarta-768x1027.jpeg 768w, https:\/\/xadrezasburgas.net\/wp-content\/uploads\/2025\/01\/ganador-ytarta-1149x1536.jpeg 1149w, https:\/\/xadrezasburgas.net\/wp-content\/uploads\/2025\/01\/ganador-ytarta.jpeg 1496w\" sizes=\"(max-width: 766px) 100vw, 766px\" \/><\/figure>\n\n\n\n<figure class=\"wp-block-image size-large\"><img decoding=\"async\" loading=\"lazy\" width=\"1024\" height=\"766\" data-id=\"2100\" src=\"https:\/\/xadrezasburgas.net\/wp-content\/uploads\/2025\/01\/global-1024x766.jpeg\" alt=\"\" class=\"wp-image-2100\" srcset=\"https:\/\/xadrezasburgas.net\/wp-content\/uploads\/2025\/01\/global-1024x766.jpeg 1024w, https:\/\/xadrezasburgas.net\/wp-content\/uploads\/2025\/01\/global-300x224.jpeg 300w, https:\/\/xadrezasburgas.net\/wp-content\/uploads\/2025\/01\/global-768x574.jpeg 768w, https:\/\/xadrezasburgas.net\/wp-content\/uploads\/2025\/01\/global-1536x1149.jpeg 1536w, https:\/\/xadrezasburgas.net\/wp-content\/uploads\/2025\/01\/global.jpeg 2000w\" sizes=\"(max-width: 1024px) 100vw, 1024px\" \/><\/figure>\n\n\n\n<figure class=\"wp-block-image size-large\"><img decoding=\"async\" loading=\"lazy\" width=\"766\" height=\"1024\" data-id=\"2106\" src=\"https:\/\/xadrezasburgas.net\/wp-content\/uploads\/2025\/01\/pincho-766x1024.jpeg\" alt=\"\" class=\"wp-image-2106\" srcset=\"https:\/\/xadrezasburgas.net\/wp-content\/uploads\/2025\/01\/pincho-766x1024.jpeg 766w, https:\/\/xadrezasburgas.net\/wp-content\/uploads\/2025\/01\/pincho-224x300.jpeg 224w, https:\/\/xadrezasburgas.net\/wp-content\/uploads\/2025\/01\/pincho-768x1027.jpeg 768w, https:\/\/xadrezasburgas.net\/wp-content\/uploads\/2025\/01\/pincho-1149x1536.jpeg 1149w, https:\/\/xadrezasburgas.net\/wp-content\/uploads\/2025\/01\/pincho.jpeg 1496w\" sizes=\"(max-width: 766px) 100vw, 766px\" \/><\/figure>\n\n\n\n<figure class=\"wp-block-image size-large\"><img decoding=\"async\" loading=\"lazy\" width=\"766\" height=\"1024\" data-id=\"2103\" src=\"https:\/\/xadrezasburgas.net\/wp-content\/uploads\/2025\/01\/sub-1600-766x1024.jpeg\" alt=\"\" class=\"wp-image-2103\" srcset=\"https:\/\/xadrezasburgas.net\/wp-content\/uploads\/2025\/01\/sub-1600-766x1024.jpeg 766w, https:\/\/xadrezasburgas.net\/wp-content\/uploads\/2025\/01\/sub-1600-224x300.jpeg 224w, https:\/\/xadrezasburgas.net\/wp-content\/uploads\/2025\/01\/sub-1600-768x1027.jpeg 768w, https:\/\/xadrezasburgas.net\/wp-content\/uploads\/2025\/01\/sub-1600-1149x1536.jpeg 1149w, https:\/\/xadrezasburgas.net\/wp-content\/uploads\/2025\/01\/sub-1600.jpeg 1496w\" sizes=\"(max-width: 766px) 100vw, 766px\" \/><\/figure>\n\n\n\n<figure class=\"wp-block-image size-large\"><img decoding=\"async\" loading=\"lazy\" width=\"766\" height=\"1024\" data-id=\"2105\" src=\"https:\/\/xadrezasburgas.net\/wp-content\/uploads\/2025\/01\/sub-1800-766x1024.jpeg\" alt=\"\" class=\"wp-image-2105\" srcset=\"https:\/\/xadrezasburgas.net\/wp-content\/uploads\/2025\/01\/sub-1800-766x1024.jpeg 766w, https:\/\/xadrezasburgas.net\/wp-content\/uploads\/2025\/01\/sub-1800-224x300.jpeg 224w, https:\/\/xadrezasburgas.net\/wp-content\/uploads\/2025\/01\/sub-1800-768x1027.jpeg 768w, https:\/\/xadrezasburgas.net\/wp-content\/uploads\/2025\/01\/sub-1800-1149x1536.jpeg 1149w, https:\/\/xadrezasburgas.net\/wp-content\/uploads\/2025\/01\/sub-1800.jpeg 1496w\" sizes=\"(max-width: 766px) 100vw, 766px\" \/><\/figure>\n\n\n\n<figure class=\"wp-block-image size-large\"><img decoding=\"async\" loading=\"lazy\" width=\"766\" height=\"1024\" data-id=\"2096\" src=\"https:\/\/xadrezasburgas.net\/wp-content\/uploads\/2025\/01\/veeterano-766x1024.jpeg\" alt=\"\" class=\"wp-image-2096\" srcset=\"https:\/\/xadrezasburgas.net\/wp-content\/uploads\/2025\/01\/veeterano-766x1024.jpeg 766w, https:\/\/xadrezasburgas.net\/wp-content\/uploads\/2025\/01\/veeterano-224x300.jpeg 224w, https:\/\/xadrezasburgas.net\/wp-content\/uploads\/2025\/01\/veeterano-768x1027.jpeg 768w, https:\/\/xadrezasburgas.net\/wp-content\/uploads\/2025\/01\/veeterano-1149x1536.jpeg 1149w, https:\/\/xadrezasburgas.net\/wp-content\/uploads\/2025\/01\/veeterano.jpeg 1496w\" sizes=\"(max-width: 766px) 100vw, 766px\" \/><\/figure>\n\n\n\n<figure class=\"wp-block-image size-large\"><img decoding=\"async\" loading=\"lazy\" width=\"1024\" height=\"766\" data-id=\"2091\" src=\"https:\/\/xadrezasburgas.net\/wp-content\/uploads\/2025\/01\/WhatsApp-Image-2025-01-03-at-23.44.36-1-1024x766.jpeg\" alt=\"\" class=\"wp-image-2091\" srcset=\"https:\/\/xadrezasburgas.net\/wp-content\/uploads\/2025\/01\/WhatsApp-Image-2025-01-03-at-23.44.36-1-1024x766.jpeg 1024w, https:\/\/xadrezasburgas.net\/wp-content\/uploads\/2025\/01\/WhatsApp-Image-2025-01-03-at-23.44.36-1-300x224.jpeg 300w, https:\/\/xadrezasburgas.net\/wp-content\/uploads\/2025\/01\/WhatsApp-Image-2025-01-03-at-23.44.36-1-768x574.jpeg 768w, https:\/\/xadrezasburgas.net\/wp-content\/uploads\/2025\/01\/WhatsApp-Image-2025-01-03-at-23.44.36-1-1536x1149.jpeg 1536w, https:\/\/xadrezasburgas.net\/wp-content\/uploads\/2025\/01\/WhatsApp-Image-2025-01-03-at-23.44.36-1.jpeg 2000w\" sizes=\"(max-width: 1024px) 100vw, 1024px\" \/><\/figure>\n\n\n\n<figure class=\"wp-block-image size-large\"><img decoding=\"async\" loading=\"lazy\" width=\"766\" height=\"1024\" data-id=\"2092\" src=\"https:\/\/xadrezasburgas.net\/wp-content\/uploads\/2025\/01\/WhatsApp-Image-2025-01-03-at-23.44.36-3-766x1024.jpeg\" alt=\"\" class=\"wp-image-2092\" srcset=\"https:\/\/xadrezasburgas.net\/wp-content\/uploads\/2025\/01\/WhatsApp-Image-2025-01-03-at-23.44.36-3-766x1024.jpeg 766w, https:\/\/xadrezasburgas.net\/wp-content\/uploads\/2025\/01\/WhatsApp-Image-2025-01-03-at-23.44.36-3-224x300.jpeg 224w, https:\/\/xadrezasburgas.net\/wp-content\/uploads\/2025\/01\/WhatsApp-Image-2025-01-03-at-23.44.36-3-768x1027.jpeg 768w, https:\/\/xadrezasburgas.net\/wp-content\/uploads\/2025\/01\/WhatsApp-Image-2025-01-03-at-23.44.36-3-1149x1536.jpeg 1149w, https:\/\/xadrezasburgas.net\/wp-content\/uploads\/2025\/01\/WhatsApp-Image-2025-01-03-at-23.44.36-3.jpeg 1496w\" sizes=\"(max-width: 766px) 100vw, 766px\" \/><\/figure>\n<\/figure>\n","protected":false},"excerpt":{"rendered":"<p>2 &#8211; 3 de Xaneiro na Sociedade Cultural Albor Gana el Maestro Fide Carlos Ren\u00e9 Alvarez de la Acad\u00e9mica con 6,5 puntos, concediendo un \u00fanico empate frante al subcampe\u00f3n David Gomez del Xadrez Ourense<\/p>\n","protected":false},"author":1,"featured_media":0,"parent":0,"menu_order":0,"comment_status":"closed","ping_status":"closed","template":"","meta":{"footnotes":""},"_links":{"self":[{"href":"https:\/\/xadrezasburgas.net\/index.php\/wp-json\/wp\/v2\/pages\/2060"}],"collection":[{"href":"https:\/\/xadrezasburgas.net\/index.php\/wp-json\/wp\/v2\/pages"}],"about":[{"href":"https:\/\/xadrezasburgas.net\/index.php\/wp-json\/wp\/v2\/types\/page"}],"author":[{"embeddable":true,"href":"https:\/\/xadrezasburgas.net\/index.php\/wp-json\/wp\/v2\/users\/1"}],"replies":[{"embeddable":true,"href":"https:\/\/xadrezasburgas.net\/index.php\/wp-json\/wp\/v2\/comments?post=2060"}],"version-history":[{"count":6,"href":"https:\/\/xadrezasburgas.net\/index.php\/wp-json\/wp\/v2\/pages\/2060\/revisions"}],"predecessor-version":[{"id":2115,"href":"https:\/\/xadrezasburgas.net\/index.php\/wp-json\/wp\/v2\/pages\/2060\/revisions\/2115"}],"wp:attachment":[{"href":"https:\/\/xadrezasburgas.net\/index.php\/wp-json\/wp\/v2\/media?parent=2060"}],"curies":[{"name":"wp","href":"https:\/\/api.w.org\/{rel}","templated":true}]}}