{"id":202,"date":"2021-11-08T22:50:27","date_gmt":"2021-11-08T22:50:27","guid":{"rendered":"https:\/\/xadrezasburgas.net\/?page_id=202"},"modified":"2021-12-31T17:46:12","modified_gmt":"2021-12-31T17:46:12","slug":"aberto-de-xadrez-de-nadal-ourense-2021","status":"publish","type":"page","link":"https:\/\/xadrezasburgas.net\/index.php\/aberto-de-xadrez-de-nadal-ourense-2021\/","title":{"rendered":"Aberto de Xadrez de Nadal Ourense 2021"},"content":{"rendered":"\n<p><strong>27, 28, 29 e 30 de decembro 2021<\/strong><\/p>\n\n\n\n<p><a href=\"https:\/\/info64.org\/aberto-internacional-de-xadrez-de-nadal-ourense-2021\">https:\/\/info64.org\/aberto-internacional-de-xadrez-de-nadal-ourense-2021<\/a><\/p>\n\n\n\n<h2 class=\"wp-block-heading\">Xulio Del Prado convertiuse no primeiro ga\u00f1ador do Aberto Internacional de Ourense Nadal 2021&#8230;<\/h2>\n\n\n\n<p>Finalizando con 6 puntos de 7 posibles, 5 vitorias e 2 empates. A clave foi a s\u00faa vitoria con negras na sexta rolda contra o gran mestre Ari\u00e1n Gonz\u00e1lez nunha partida interesante na que \u00e9ste \u00faltimo non se puido defender adecuadamente nos apuros de tempo contra o sacrificio planteado polo xoven xogador. Deste xeito xa se proclamaba virtualmente campi\u00f3n a falta da rolda final.<\/p>\n\n\n\n<div class=\"wp-block-file\"><object class=\"wp-block-file__embed\" data=\"https:\/\/xadrezasburgas.net\/wp-content\/uploads\/2021\/12\/Clasificacion-Tabla-de-Honor.pdf\" type=\"application\/pdf\" style=\"width:100%;height:200px\" aria-label=\"Incrustado de Incrustado de Clasificacion-Tabla-de-Honor..\"><\/object><a href=\"https:\/\/xadrezasburgas.net\/wp-content\/uploads\/2021\/12\/Clasificacion-Tabla-de-Honor.pdf\">Clasificacion-Tabla-de-Honor<\/a><a href=\"https:\/\/xadrezasburgas.net\/wp-content\/uploads\/2021\/12\/Clasificacion-Tabla-de-Honor.pdf\" class=\"wp-block-file__button\" download>Descarga<\/a><\/div>\n\n\n\n<figure class=\"wp-block-image size-full\"><img decoding=\"async\" loading=\"lazy\" width=\"1024\" height=\"768\" src=\"https:\/\/xadrezasburgas.net\/wp-content\/uploads\/2021\/12\/Primeros-Clasificados-Nadal-2021.jpeg\" alt=\"\" class=\"wp-image-555\" srcset=\"https:\/\/xadrezasburgas.net\/wp-content\/uploads\/2021\/12\/Primeros-Clasificados-Nadal-2021.jpeg 1024w, https:\/\/xadrezasburgas.net\/wp-content\/uploads\/2021\/12\/Primeros-Clasificados-Nadal-2021-300x225.jpeg 300w, https:\/\/xadrezasburgas.net\/wp-content\/uploads\/2021\/12\/Primeros-Clasificados-Nadal-2021-768x576.jpeg 768w\" sizes=\"(max-width: 1024px) 100vw, 1024px\" \/><figcaption>O primieiro pola ezquerda, seguido de Pedro Gil Ferreira e Ari\u00e1n Gonzalez, que completaban o podio, adem\u00e1is de Alba P\u00e9rez, campioa feminina, o MI Diego Gonz\u00e1lez, 4\u00ba clasificado, Samuel Villar, 5\u00ba clasificado, e Armando de Sousa, campi\u00f3n en +65.<\/figcaption><\/figure>\n\n\n\n<p>Hai que resaltar ademais que Rafael Rodriguez quedou 7\u00ba e campi\u00f3n en + 50, Roi Cabanas, que volv\u00eda despois de varios anos, quedou 6\u00ba e campi\u00f3n sub 2000, as\u00ed como J. Carlos Gestido quedou campi\u00f3n sub 1600, despois de loitar unha interesante partida na \u00faltima rolda contra Francisco Goulao, sendo o xoven Rodrigo Arias ga\u00f1ador na categor\u00eda sub 1200.<\/p>\n\n\n\n<p>Cabe destacar a actuaci\u00f3n do mestre candidato Pedro Gil Ferreira, do Xadrez Postas Abertas de Ver\u00edn, acadando o subcampionato&#8230; grazas, en parte a s\u00faa actuaci\u00f3n contra Ari\u00e1n Gonzalez na 4\u00ba rolda con empate, a pesar de que non viu o cami\u00f1o definitivo dunha vitoria que ti\u00f1a na man, mais o m\u00e1is importante \u00e9 que acadou m\u00e1is de 50 puntos de incremento de Elo, o que lle permitir\u00e1 ser pronto Mestre Fide.<\/p>\n\n\n\n<p>Reparti\u00edonse premios ata o 14 clasificado: Breixo G\u00f3mez, 8\u00ba, Luca Rey Chimera, 9\u00ba, Jos\u00e9 Lucas Ferreira, 10 \u00ba, David Vazquez, 13 \u00ba e Ivan Dopazo, 14\u00ba, todos eles con 100 E.<\/p>\n\n\n\n<figure class=\"wp-block-gallery columns-3 is-cropped wp-block-gallery-1 is-layout-flex wp-block-gallery-is-layout-flex\"><ul class=\"blocks-gallery-grid\"><li class=\"blocks-gallery-item\"><figure><img decoding=\"async\" loading=\"lazy\" width=\"1024\" height=\"768\" src=\"https:\/\/xadrezasburgas.net\/wp-content\/uploads\/2021\/12\/WhatsApp-Image-2021-12-29-at-19.50.26-1024x768.jpeg\" alt=\"\" data-id=\"560\" data-full-url=\"https:\/\/xadrezasburgas.net\/wp-content\/uploads\/2021\/12\/WhatsApp-Image-2021-12-29-at-19.50.26.jpeg\" data-link=\"https:\/\/xadrezasburgas.net\/index.php\/aberto-de-xadrez-de-nadal-ourense-2021\/whatsapp-image-2021-12-29-at-19-50-26\/\" class=\"wp-image-560\" srcset=\"https:\/\/xadrezasburgas.net\/wp-content\/uploads\/2021\/12\/WhatsApp-Image-2021-12-29-at-19.50.26-1024x768.jpeg 1024w, https:\/\/xadrezasburgas.net\/wp-content\/uploads\/2021\/12\/WhatsApp-Image-2021-12-29-at-19.50.26-300x225.jpeg 300w, https:\/\/xadrezasburgas.net\/wp-content\/uploads\/2021\/12\/WhatsApp-Image-2021-12-29-at-19.50.26-768x576.jpeg 768w, https:\/\/xadrezasburgas.net\/wp-content\/uploads\/2021\/12\/WhatsApp-Image-2021-12-29-at-19.50.26-1536x1152.jpeg 1536w, https:\/\/xadrezasburgas.net\/wp-content\/uploads\/2021\/12\/WhatsApp-Image-2021-12-29-at-19.50.26.jpeg 1600w\" sizes=\"(max-width: 1024px) 100vw, 1024px\" \/><\/figure><\/li><li class=\"blocks-gallery-item\"><figure><img decoding=\"async\" loading=\"lazy\" width=\"1024\" height=\"768\" src=\"https:\/\/xadrezasburgas.net\/wp-content\/uploads\/2021\/12\/WhatsApp-Image-2021-12-29-at-19.50.27-1-1024x768.jpeg\" alt=\"\" data-id=\"561\" data-full-url=\"https:\/\/xadrezasburgas.net\/wp-content\/uploads\/2021\/12\/WhatsApp-Image-2021-12-29-at-19.50.27-1.jpeg\" data-link=\"https:\/\/xadrezasburgas.net\/index.php\/aberto-de-xadrez-de-nadal-ourense-2021\/whatsapp-image-2021-12-29-at-19-50-27-1\/\" class=\"wp-image-561\" srcset=\"https:\/\/xadrezasburgas.net\/wp-content\/uploads\/2021\/12\/WhatsApp-Image-2021-12-29-at-19.50.27-1-1024x768.jpeg 1024w, https:\/\/xadrezasburgas.net\/wp-content\/uploads\/2021\/12\/WhatsApp-Image-2021-12-29-at-19.50.27-1-300x225.jpeg 300w, https:\/\/xadrezasburgas.net\/wp-content\/uploads\/2021\/12\/WhatsApp-Image-2021-12-29-at-19.50.27-1-768x576.jpeg 768w, https:\/\/xadrezasburgas.net\/wp-content\/uploads\/2021\/12\/WhatsApp-Image-2021-12-29-at-19.50.27-1-1536x1152.jpeg 1536w, https:\/\/xadrezasburgas.net\/wp-content\/uploads\/2021\/12\/WhatsApp-Image-2021-12-29-at-19.50.27-1.jpeg 1600w\" sizes=\"(max-width: 1024px) 100vw, 1024px\" \/><\/figure><\/li><li class=\"blocks-gallery-item\"><figure><img decoding=\"async\" loading=\"lazy\" width=\"1024\" height=\"768\" src=\"https:\/\/xadrezasburgas.net\/wp-content\/uploads\/2021\/12\/WhatsApp-Image-2021-12-29-at-19.50.27-2-1024x768.jpeg\" alt=\"\" data-id=\"562\" data-full-url=\"https:\/\/xadrezasburgas.net\/wp-content\/uploads\/2021\/12\/WhatsApp-Image-2021-12-29-at-19.50.27-2.jpeg\" data-link=\"https:\/\/xadrezasburgas.net\/index.php\/aberto-de-xadrez-de-nadal-ourense-2021\/whatsapp-image-2021-12-29-at-19-50-27-2\/\" class=\"wp-image-562\" srcset=\"https:\/\/xadrezasburgas.net\/wp-content\/uploads\/2021\/12\/WhatsApp-Image-2021-12-29-at-19.50.27-2-1024x768.jpeg 1024w, https:\/\/xadrezasburgas.net\/wp-content\/uploads\/2021\/12\/WhatsApp-Image-2021-12-29-at-19.50.27-2-300x225.jpeg 300w, https:\/\/xadrezasburgas.net\/wp-content\/uploads\/2021\/12\/WhatsApp-Image-2021-12-29-at-19.50.27-2-768x576.jpeg 768w, https:\/\/xadrezasburgas.net\/wp-content\/uploads\/2021\/12\/WhatsApp-Image-2021-12-29-at-19.50.27-2-1536x1152.jpeg 1536w, https:\/\/xadrezasburgas.net\/wp-content\/uploads\/2021\/12\/WhatsApp-Image-2021-12-29-at-19.50.27-2.jpeg 1600w\" sizes=\"(max-width: 1024px) 100vw, 1024px\" \/><\/figure><\/li><li class=\"blocks-gallery-item\"><figure><img decoding=\"async\" loading=\"lazy\" width=\"768\" height=\"1024\" src=\"https:\/\/xadrezasburgas.net\/wp-content\/uploads\/2021\/12\/WhatsApp-Image-2021-12-29-at-19.50.27-768x1024.jpeg\" alt=\"\" data-id=\"563\" data-full-url=\"https:\/\/xadrezasburgas.net\/wp-content\/uploads\/2021\/12\/WhatsApp-Image-2021-12-29-at-19.50.27.jpeg\" data-link=\"https:\/\/xadrezasburgas.net\/index.php\/aberto-de-xadrez-de-nadal-ourense-2021\/whatsapp-image-2021-12-29-at-19-50-27\/\" class=\"wp-image-563\" srcset=\"https:\/\/xadrezasburgas.net\/wp-content\/uploads\/2021\/12\/WhatsApp-Image-2021-12-29-at-19.50.27-768x1024.jpeg 768w, https:\/\/xadrezasburgas.net\/wp-content\/uploads\/2021\/12\/WhatsApp-Image-2021-12-29-at-19.50.27-225x300.jpeg 225w, https:\/\/xadrezasburgas.net\/wp-content\/uploads\/2021\/12\/WhatsApp-Image-2021-12-29-at-19.50.27-1152x1536.jpeg 1152w, https:\/\/xadrezasburgas.net\/wp-content\/uploads\/2021\/12\/WhatsApp-Image-2021-12-29-at-19.50.27.jpeg 1200w\" sizes=\"(max-width: 768px) 100vw, 768px\" \/><\/figure><\/li><li class=\"blocks-gallery-item\"><figure><img decoding=\"async\" loading=\"lazy\" width=\"768\" height=\"1024\" src=\"https:\/\/xadrezasburgas.net\/wp-content\/uploads\/2021\/12\/WhatsApp-Image-2021-12-30-at-15.42.24.jpeg\" alt=\"\" data-id=\"564\" data-full-url=\"https:\/\/xadrezasburgas.net\/wp-content\/uploads\/2021\/12\/WhatsApp-Image-2021-12-30-at-15.42.24.jpeg\" data-link=\"https:\/\/xadrezasburgas.net\/index.php\/aberto-de-xadrez-de-nadal-ourense-2021\/whatsapp-image-2021-12-30-at-15-42-24\/\" class=\"wp-image-564\" srcset=\"https:\/\/xadrezasburgas.net\/wp-content\/uploads\/2021\/12\/WhatsApp-Image-2021-12-30-at-15.42.24.jpeg 768w, https:\/\/xadrezasburgas.net\/wp-content\/uploads\/2021\/12\/WhatsApp-Image-2021-12-30-at-15.42.24-225x300.jpeg 225w\" sizes=\"(max-width: 768px) 100vw, 768px\" \/><\/figure><\/li><li class=\"blocks-gallery-item\"><figure><img decoding=\"async\" loading=\"lazy\" width=\"768\" height=\"1024\" src=\"https:\/\/xadrezasburgas.net\/wp-content\/uploads\/2021\/12\/WhatsApp-Image-2021-12-30-at-15.42.25-1.jpeg\" alt=\"\" data-id=\"565\" data-full-url=\"https:\/\/xadrezasburgas.net\/wp-content\/uploads\/2021\/12\/WhatsApp-Image-2021-12-30-at-15.42.25-1.jpeg\" data-link=\"https:\/\/xadrezasburgas.net\/index.php\/aberto-de-xadrez-de-nadal-ourense-2021\/whatsapp-image-2021-12-30-at-15-42-25-1\/\" class=\"wp-image-565\" srcset=\"https:\/\/xadrezasburgas.net\/wp-content\/uploads\/2021\/12\/WhatsApp-Image-2021-12-30-at-15.42.25-1.jpeg 768w, https:\/\/xadrezasburgas.net\/wp-content\/uploads\/2021\/12\/WhatsApp-Image-2021-12-30-at-15.42.25-1-225x300.jpeg 225w\" sizes=\"(max-width: 768px) 100vw, 768px\" \/><\/figure><\/li><li class=\"blocks-gallery-item\"><figure><img decoding=\"async\" loading=\"lazy\" width=\"768\" height=\"1024\" src=\"https:\/\/xadrezasburgas.net\/wp-content\/uploads\/2021\/12\/WhatsApp-Image-2021-12-30-at-15.42.25-2.jpeg\" alt=\"\" data-id=\"566\" data-full-url=\"https:\/\/xadrezasburgas.net\/wp-content\/uploads\/2021\/12\/WhatsApp-Image-2021-12-30-at-15.42.25-2.jpeg\" data-link=\"https:\/\/xadrezasburgas.net\/index.php\/aberto-de-xadrez-de-nadal-ourense-2021\/whatsapp-image-2021-12-30-at-15-42-25-2\/\" class=\"wp-image-566\" srcset=\"https:\/\/xadrezasburgas.net\/wp-content\/uploads\/2021\/12\/WhatsApp-Image-2021-12-30-at-15.42.25-2.jpeg 768w, https:\/\/xadrezasburgas.net\/wp-content\/uploads\/2021\/12\/WhatsApp-Image-2021-12-30-at-15.42.25-2-225x300.jpeg 225w\" sizes=\"(max-width: 768px) 100vw, 768px\" \/><\/figure><\/li><li class=\"blocks-gallery-item\"><figure><img decoding=\"async\" loading=\"lazy\" width=\"768\" height=\"1024\" src=\"https:\/\/xadrezasburgas.net\/wp-content\/uploads\/2021\/12\/WhatsApp-Image-2021-12-30-at-15.42.25-3.jpeg\" alt=\"\" data-id=\"567\" data-full-url=\"https:\/\/xadrezasburgas.net\/wp-content\/uploads\/2021\/12\/WhatsApp-Image-2021-12-30-at-15.42.25-3.jpeg\" data-link=\"https:\/\/xadrezasburgas.net\/index.php\/aberto-de-xadrez-de-nadal-ourense-2021\/whatsapp-image-2021-12-30-at-15-42-25-3\/\" class=\"wp-image-567\" srcset=\"https:\/\/xadrezasburgas.net\/wp-content\/uploads\/2021\/12\/WhatsApp-Image-2021-12-30-at-15.42.25-3.jpeg 768w, https:\/\/xadrezasburgas.net\/wp-content\/uploads\/2021\/12\/WhatsApp-Image-2021-12-30-at-15.42.25-3-225x300.jpeg 225w\" sizes=\"(max-width: 768px) 100vw, 768px\" \/><\/figure><\/li><li class=\"blocks-gallery-item\"><figure><img decoding=\"async\" loading=\"lazy\" width=\"768\" height=\"1024\" src=\"https:\/\/xadrezasburgas.net\/wp-content\/uploads\/2021\/12\/WhatsApp-Image-2021-12-30-at-15.42.25-5.jpeg\" alt=\"\" data-id=\"568\" data-full-url=\"https:\/\/xadrezasburgas.net\/wp-content\/uploads\/2021\/12\/WhatsApp-Image-2021-12-30-at-15.42.25-5.jpeg\" data-link=\"https:\/\/xadrezasburgas.net\/index.php\/aberto-de-xadrez-de-nadal-ourense-2021\/whatsapp-image-2021-12-30-at-15-42-25-5\/\" class=\"wp-image-568\" srcset=\"https:\/\/xadrezasburgas.net\/wp-content\/uploads\/2021\/12\/WhatsApp-Image-2021-12-30-at-15.42.25-5.jpeg 768w, https:\/\/xadrezasburgas.net\/wp-content\/uploads\/2021\/12\/WhatsApp-Image-2021-12-30-at-15.42.25-5-225x300.jpeg 225w\" sizes=\"(max-width: 768px) 100vw, 768px\" \/><\/figure><\/li><li class=\"blocks-gallery-item\"><figure><img decoding=\"async\" loading=\"lazy\" width=\"768\" height=\"1024\" src=\"https:\/\/xadrezasburgas.net\/wp-content\/uploads\/2021\/12\/WhatsApp-Image-2021-12-30-at-15.42.25-6.jpeg\" alt=\"\" data-id=\"569\" data-full-url=\"https:\/\/xadrezasburgas.net\/wp-content\/uploads\/2021\/12\/WhatsApp-Image-2021-12-30-at-15.42.25-6.jpeg\" data-link=\"https:\/\/xadrezasburgas.net\/index.php\/aberto-de-xadrez-de-nadal-ourense-2021\/whatsapp-image-2021-12-30-at-15-42-25-6\/\" class=\"wp-image-569\" srcset=\"https:\/\/xadrezasburgas.net\/wp-content\/uploads\/2021\/12\/WhatsApp-Image-2021-12-30-at-15.42.25-6.jpeg 768w, https:\/\/xadrezasburgas.net\/wp-content\/uploads\/2021\/12\/WhatsApp-Image-2021-12-30-at-15.42.25-6-225x300.jpeg 225w\" sizes=\"(max-width: 768px) 100vw, 768px\" \/><\/figure><\/li><li class=\"blocks-gallery-item\"><figure><img decoding=\"async\" loading=\"lazy\" width=\"768\" height=\"1024\" src=\"https:\/\/xadrezasburgas.net\/wp-content\/uploads\/2021\/12\/WhatsApp-Image-2021-12-30-at-15.42.26.jpeg\" alt=\"\" data-id=\"570\" data-full-url=\"https:\/\/xadrezasburgas.net\/wp-content\/uploads\/2021\/12\/WhatsApp-Image-2021-12-30-at-15.42.26.jpeg\" data-link=\"https:\/\/xadrezasburgas.net\/index.php\/aberto-de-xadrez-de-nadal-ourense-2021\/whatsapp-image-2021-12-30-at-15-42-26\/\" class=\"wp-image-570\" srcset=\"https:\/\/xadrezasburgas.net\/wp-content\/uploads\/2021\/12\/WhatsApp-Image-2021-12-30-at-15.42.26.jpeg 768w, https:\/\/xadrezasburgas.net\/wp-content\/uploads\/2021\/12\/WhatsApp-Image-2021-12-30-at-15.42.26-225x300.jpeg 225w\" sizes=\"(max-width: 768px) 100vw, 768px\" \/><\/figure><\/li><\/ul><\/figure>\n\n\n\n<div class=\"wp-block-file\"><object class=\"wp-block-file__embed\" data=\"https:\/\/xadrezasburgas.net\/wp-content\/uploads\/2021\/11\/Bases-Open-Internacional-Nadal-Ourense-2021-actualizadas-1.pdf\" type=\"application\/pdf\" style=\"width:100%;height:200px\" aria-label=\"Incrustado de Incrustado de Bases Open Internacional Nadal Ourense 2021 actualizadas..\"><\/object><a href=\"https:\/\/xadrezasburgas.net\/wp-content\/uploads\/2021\/11\/Bases-Open-Internacional-Nadal-Ourense-2021-actualizadas-1.pdf\">Bases Open Internacional Nadal Ourense 2021 actualizadas<\/a><a href=\"https:\/\/xadrezasburgas.net\/wp-content\/uploads\/2021\/11\/Bases-Open-Internacional-Nadal-Ourense-2021-actualizadas-1.pdf\" class=\"wp-block-file__button\" download>Descarga<\/a><\/div>\n","protected":false},"excerpt":{"rendered":"<p>27, 28, 29 e 30 de decembro 2021 https:\/\/info64.org\/aberto-internacional-de-xadrez-de-nadal-ourense-2021 Xulio Del Prado convertiuse no primeiro ga\u00f1ador do Aberto Internacional de Ourense Nadal 2021&#8230; Finalizando con 6 puntos de 7 posibles, 5 vitorias e 2 empates. A clave foi a s\u00faa vitoria con negras na sexta rolda contra o gran mestre Ari\u00e1n Gonz\u00e1lez nunha partida interesante [&hellip;]<\/p>\n","protected":false},"author":1,"featured_media":0,"parent":0,"menu_order":0,"comment_status":"closed","ping_status":"closed","template":"","meta":{"footnotes":""},"_links":{"self":[{"href":"https:\/\/xadrezasburgas.net\/index.php\/wp-json\/wp\/v2\/pages\/202"}],"collection":[{"href":"https:\/\/xadrezasburgas.net\/index.php\/wp-json\/wp\/v2\/pages"}],"about":[{"href":"https:\/\/xadrezasburgas.net\/index.php\/wp-json\/wp\/v2\/types\/page"}],"author":[{"embeddable":true,"href":"https:\/\/xadrezasburgas.net\/index.php\/wp-json\/wp\/v2\/users\/1"}],"replies":[{"embeddable":true,"href":"https:\/\/xadrezasburgas.net\/index.php\/wp-json\/wp\/v2\/comments?post=202"}],"version-history":[{"count":10,"href":"https:\/\/xadrezasburgas.net\/index.php\/wp-json\/wp\/v2\/pages\/202\/revisions"}],"predecessor-version":[{"id":574,"href":"https:\/\/xadrezasburgas.net\/index.php\/wp-json\/wp\/v2\/pages\/202\/revisions\/574"}],"wp:attachment":[{"href":"https:\/\/xadrezasburgas.net\/index.php\/wp-json\/wp\/v2\/media?parent=202"}],"curies":[{"name":"wp","href":"https:\/\/api.w.org\/{rel}","templated":true}]}}