{"id":1832,"date":"2024-07-01T14:34:05","date_gmt":"2024-07-01T14:34:05","guid":{"rendered":"https:\/\/xadrezasburgas.net\/?page_id=1832"},"modified":"2024-07-01T14:34:06","modified_gmt":"2024-07-01T14:34:06","slug":"torneos-anos-anteriores","status":"publish","type":"page","link":"https:\/\/xadrezasburgas.net\/index.php\/torneos-anos-anteriores\/","title":{"rendered":"Torneos A\u00f1os Anteriores"},"content":{"rendered":"\n<p>En esta secci\u00f3n podr\u00e1s encontrar informaci\u00f3n sobre los torneos que hicimos en a\u00f1os anteriores al actual&#8230;<\/p>\n","protected":false},"excerpt":{"rendered":"<p>En esta secci\u00f3n podr\u00e1s encontrar informaci\u00f3n sobre los torneos que hicimos en a\u00f1os anteriores al actual&#8230;<\/p>\n","protected":false},"author":1,"featured_media":0,"parent":0,"menu_order":0,"comment_status":"closed","ping_status":"closed","template":"","meta":{"footnotes":""},"_links":{"self":[{"href":"https:\/\/xadrezasburgas.net\/index.php\/wp-json\/wp\/v2\/pages\/1832"}],"collection":[{"href":"https:\/\/xadrezasburgas.net\/index.php\/wp-json\/wp\/v2\/pages"}],"about":[{"href":"https:\/\/xadrezasburgas.net\/index.php\/wp-json\/wp\/v2\/types\/page"}],"author":[{"embeddable":true,"href":"https:\/\/xadrezasburgas.net\/index.php\/wp-json\/wp\/v2\/users\/1"}],"replies":[{"embeddable":true,"href":"https:\/\/xadrezasburgas.net\/index.php\/wp-json\/wp\/v2\/comments?post=1832"}],"version-history":[{"count":1,"href":"https:\/\/xadrezasburgas.net\/index.php\/wp-json\/wp\/v2\/pages\/1832\/revisions"}],"predecessor-version":[{"id":1834,"href":"https:\/\/xadrezasburgas.net\/index.php\/wp-json\/wp\/v2\/pages\/1832\/revisions\/1834"}],"wp:attachment":[{"href":"https:\/\/xadrezasburgas.net\/index.php\/wp-json\/wp\/v2\/media?parent=1832"}],"curies":[{"name":"wp","href":"https:\/\/api.w.org\/{rel}","templated":true}]}}