{"id":1441,"date":"2023-10-08T22:06:40","date_gmt":"2023-10-08T22:06:40","guid":{"rendered":"https:\/\/xadrezasburgas.net\/?page_id=1441"},"modified":"2023-10-22T21:20:28","modified_gmt":"2023-10-22T21:20:28","slug":"memorial-xose-henrique-rodriguez-pena-21-de-outubro-pabellon-do-espazp-xove","status":"publish","type":"page","link":"https:\/\/xadrezasburgas.net\/index.php\/memorial-xose-henrique-rodriguez-pena-21-de-outubro-pabellon-do-espazp-xove\/","title":{"rendered":"Memorial Xos\u00e9 Henrique Rodriguez Pe\u00f1a, 21 de outubro, Pabell\u00f3n do Espazo Xove"},"content":{"rendered":"\n<p>Gana Armando de Sousa Del Liceo Academia Postal el ya 16  Memorial ante m\u00e1s de 50 jugadores que se dieron cita en el s\u00e1bado 21 en el Espazo Xove de Ourense.<\/p>\n\n\n\n<figure class=\"wp-block-image size-thumbnail is-resized\"><img decoding=\"async\" loading=\"lazy\" width=\"150\" height=\"150\" src=\"https:\/\/xadrezasburgas.net\/wp-content\/uploads\/2023\/10\/Cartel-MEMORIAL-PENA-2023-21-de-oct-150x150.png\" alt=\"\" class=\"wp-image-1447\" style=\"aspect-ratio:0.7066666666666667;width:359px;height:auto\"\/><\/figure>\n\n\n\n<div class=\"wp-block-file\"><a id=\"wp-block-file--media-57d41b00-728c-4bde-8e8f-d7632b7c01e1\" href=\"https:\/\/xadrezasburgas.net\/wp-content\/uploads\/2023\/10\/Bases-MEMORIAL-PENA-2023-21-de-oct.COrrecta.pdf\">Bases-MEMORIAL-PENA-2023-21-de-oct.COrrecta<\/a><a href=\"https:\/\/xadrezasburgas.net\/wp-content\/uploads\/2023\/10\/Bases-MEMORIAL-PENA-2023-21-de-oct.COrrecta.pdf\" class=\"wp-block-file__button wp-element-button\" download aria-describedby=\"wp-block-file--media-57d41b00-728c-4bde-8e8f-d7632b7c01e1\">Descarga<\/a><\/div>\n\n\n\n<div class=\"wp-block-file\"><object class=\"wp-block-file__embed\" data=\"https:\/\/xadrezasburgas.net\/wp-content\/uploads\/2023\/10\/Cadro-de-HOnra-Memo-Pea-2023.pdf\" type=\"application\/pdf\" style=\"width:100%;height:200px\" aria-label=\"Incrustado de Cadro-de-HOnra-Memo-Pea-2023.\"><\/object><a id=\"wp-block-file--media-85f8136b-b543-41af-846b-9cca29388f32\" href=\"https:\/\/xadrezasburgas.net\/wp-content\/uploads\/2023\/10\/Cadro-de-HOnra-Memo-Pea-2023.pdf\">Cadro-de-HOnra-Memo-Pea-2023<\/a><a href=\"https:\/\/xadrezasburgas.net\/wp-content\/uploads\/2023\/10\/Cadro-de-HOnra-Memo-Pea-2023.pdf\" class=\"wp-block-file__button wp-element-button\" download aria-describedby=\"wp-block-file--media-85f8136b-b543-41af-846b-9cca29388f32\">Descarga<\/a><\/div>\n\n\n\n<p><\/p>\n\n\n\n<figure class=\"wp-block-gallery has-nested-images columns-default is-cropped wp-block-gallery-1 is-layout-flex wp-block-gallery-is-layout-flex\">\n<figure class=\"wp-block-image size-large\"><img decoding=\"async\" loading=\"lazy\" width=\"766\" height=\"1024\" data-id=\"1453\" src=\"https:\/\/xadrezasburgas.net\/wp-content\/uploads\/2023\/10\/3-clasificado-766x1024.jpeg\" alt=\"\" class=\"wp-image-1453\" srcset=\"https:\/\/xadrezasburgas.net\/wp-content\/uploads\/2023\/10\/3-clasificado-766x1024.jpeg 766w, https:\/\/xadrezasburgas.net\/wp-content\/uploads\/2023\/10\/3-clasificado-224x300.jpeg 224w, https:\/\/xadrezasburgas.net\/wp-content\/uploads\/2023\/10\/3-clasificado-768x1027.jpeg 768w, https:\/\/xadrezasburgas.net\/wp-content\/uploads\/2023\/10\/3-clasificado-1149x1536.jpeg 1149w, https:\/\/xadrezasburgas.net\/wp-content\/uploads\/2023\/10\/3-clasificado.jpeg 1496w\" sizes=\"(max-width: 766px) 100vw, 766px\" \/><\/figure>\n\n\n\n<figure class=\"wp-block-image size-large\"><img decoding=\"async\" loading=\"lazy\" width=\"766\" height=\"1024\" data-id=\"1455\" src=\"https:\/\/xadrezasburgas.net\/wp-content\/uploads\/2023\/10\/Campeon-equipi-766x1024.jpeg\" alt=\"\" class=\"wp-image-1455\" srcset=\"https:\/\/xadrezasburgas.net\/wp-content\/uploads\/2023\/10\/Campeon-equipi-766x1024.jpeg 766w, https:\/\/xadrezasburgas.net\/wp-content\/uploads\/2023\/10\/Campeon-equipi-224x300.jpeg 224w, https:\/\/xadrezasburgas.net\/wp-content\/uploads\/2023\/10\/Campeon-equipi-768x1027.jpeg 768w, https:\/\/xadrezasburgas.net\/wp-content\/uploads\/2023\/10\/Campeon-equipi-1149x1536.jpeg 1149w, https:\/\/xadrezasburgas.net\/wp-content\/uploads\/2023\/10\/Campeon-equipi.jpeg 1496w\" sizes=\"(max-width: 766px) 100vw, 766px\" \/><\/figure>\n\n\n\n<figure class=\"wp-block-image size-large\"><img decoding=\"async\" loading=\"lazy\" width=\"766\" height=\"1024\" data-id=\"1459\" src=\"https:\/\/xadrezasburgas.net\/wp-content\/uploads\/2023\/10\/Campeon-Socio-766x1024.jpeg\" alt=\"\" class=\"wp-image-1459\" srcset=\"https:\/\/xadrezasburgas.net\/wp-content\/uploads\/2023\/10\/Campeon-Socio-766x1024.jpeg 766w, https:\/\/xadrezasburgas.net\/wp-content\/uploads\/2023\/10\/Campeon-Socio-224x300.jpeg 224w, https:\/\/xadrezasburgas.net\/wp-content\/uploads\/2023\/10\/Campeon-Socio-768x1027.jpeg 768w, https:\/\/xadrezasburgas.net\/wp-content\/uploads\/2023\/10\/Campeon-Socio-1149x1536.jpeg 1149w, https:\/\/xadrezasburgas.net\/wp-content\/uploads\/2023\/10\/Campeon-Socio.jpeg 1496w\" sizes=\"(max-width: 766px) 100vw, 766px\" \/><\/figure>\n\n\n\n<figure class=\"wp-block-image size-large\"><img decoding=\"async\" loading=\"lazy\" width=\"1024\" height=\"766\" data-id=\"1460\" src=\"https:\/\/xadrezasburgas.net\/wp-content\/uploads\/2023\/10\/Conjunto-1024x766.jpeg\" alt=\"\" class=\"wp-image-1460\" srcset=\"https:\/\/xadrezasburgas.net\/wp-content\/uploads\/2023\/10\/Conjunto-1024x766.jpeg 1024w, https:\/\/xadrezasburgas.net\/wp-content\/uploads\/2023\/10\/Conjunto-300x224.jpeg 300w, https:\/\/xadrezasburgas.net\/wp-content\/uploads\/2023\/10\/Conjunto-768x574.jpeg 768w, https:\/\/xadrezasburgas.net\/wp-content\/uploads\/2023\/10\/Conjunto-1536x1149.jpeg 1536w, https:\/\/xadrezasburgas.net\/wp-content\/uploads\/2023\/10\/Conjunto.jpeg 2000w\" sizes=\"(max-width: 1024px) 100vw, 1024px\" \/><\/figure>\n\n\n\n<figure class=\"wp-block-image size-large\"><img decoding=\"async\" loading=\"lazy\" width=\"766\" height=\"1024\" data-id=\"1456\" src=\"https:\/\/xadrezasburgas.net\/wp-content\/uploads\/2023\/10\/Entrega-766x1024.jpeg\" alt=\"\" class=\"wp-image-1456\" srcset=\"https:\/\/xadrezasburgas.net\/wp-content\/uploads\/2023\/10\/Entrega-766x1024.jpeg 766w, https:\/\/xadrezasburgas.net\/wp-content\/uploads\/2023\/10\/Entrega-224x300.jpeg 224w, https:\/\/xadrezasburgas.net\/wp-content\/uploads\/2023\/10\/Entrega-768x1027.jpeg 768w, https:\/\/xadrezasburgas.net\/wp-content\/uploads\/2023\/10\/Entrega-1149x1536.jpeg 1149w, https:\/\/xadrezasburgas.net\/wp-content\/uploads\/2023\/10\/Entrega.jpeg 1496w\" sizes=\"(max-width: 766px) 100vw, 766px\" \/><\/figure>\n\n\n\n<figure class=\"wp-block-image size-large\"><img decoding=\"async\" loading=\"lazy\" width=\"766\" height=\"1024\" data-id=\"1461\" src=\"https:\/\/xadrezasburgas.net\/wp-content\/uploads\/2023\/10\/Ganador-Armando-766x1024.jpeg\" alt=\"\" class=\"wp-image-1461\" srcset=\"https:\/\/xadrezasburgas.net\/wp-content\/uploads\/2023\/10\/Ganador-Armando-766x1024.jpeg 766w, https:\/\/xadrezasburgas.net\/wp-content\/uploads\/2023\/10\/Ganador-Armando-224x300.jpeg 224w, https:\/\/xadrezasburgas.net\/wp-content\/uploads\/2023\/10\/Ganador-Armando-768x1027.jpeg 768w, https:\/\/xadrezasburgas.net\/wp-content\/uploads\/2023\/10\/Ganador-Armando-1149x1536.jpeg 1149w, https:\/\/xadrezasburgas.net\/wp-content\/uploads\/2023\/10\/Ganador-Armando.jpeg 1496w\" sizes=\"(max-width: 766px) 100vw, 766px\" \/><\/figure>\n\n\n\n<figure class=\"wp-block-image size-large\"><img decoding=\"async\" loading=\"lazy\" width=\"766\" height=\"1024\" data-id=\"1457\" src=\"https:\/\/xadrezasburgas.net\/wp-content\/uploads\/2023\/10\/Sub-12-766x1024.jpeg\" alt=\"\" class=\"wp-image-1457\" srcset=\"https:\/\/xadrezasburgas.net\/wp-content\/uploads\/2023\/10\/Sub-12-766x1024.jpeg 766w, https:\/\/xadrezasburgas.net\/wp-content\/uploads\/2023\/10\/Sub-12-224x300.jpeg 224w, https:\/\/xadrezasburgas.net\/wp-content\/uploads\/2023\/10\/Sub-12-768x1027.jpeg 768w, https:\/\/xadrezasburgas.net\/wp-content\/uploads\/2023\/10\/Sub-12-1149x1536.jpeg 1149w, https:\/\/xadrezasburgas.net\/wp-content\/uploads\/2023\/10\/Sub-12.jpeg 1496w\" sizes=\"(max-width: 766px) 100vw, 766px\" \/><\/figure>\n\n\n\n<figure class=\"wp-block-image size-large\"><img decoding=\"async\" loading=\"lazy\" width=\"766\" height=\"1024\" data-id=\"1463\" src=\"https:\/\/xadrezasburgas.net\/wp-content\/uploads\/2023\/10\/Sub-16-766x1024.jpeg\" alt=\"\" class=\"wp-image-1463\" srcset=\"https:\/\/xadrezasburgas.net\/wp-content\/uploads\/2023\/10\/Sub-16-766x1024.jpeg 766w, https:\/\/xadrezasburgas.net\/wp-content\/uploads\/2023\/10\/Sub-16-224x300.jpeg 224w, https:\/\/xadrezasburgas.net\/wp-content\/uploads\/2023\/10\/Sub-16-768x1027.jpeg 768w, https:\/\/xadrezasburgas.net\/wp-content\/uploads\/2023\/10\/Sub-16-1149x1536.jpeg 1149w, https:\/\/xadrezasburgas.net\/wp-content\/uploads\/2023\/10\/Sub-16.jpeg 1496w\" sizes=\"(max-width: 766px) 100vw, 766px\" \/><\/figure>\n\n\n\n<figure class=\"wp-block-image size-large\"><img decoding=\"async\" loading=\"lazy\" width=\"766\" height=\"1024\" data-id=\"1458\" src=\"https:\/\/xadrezasburgas.net\/wp-content\/uploads\/2023\/10\/Subcampeon-766x1024.jpeg\" alt=\"\" class=\"wp-image-1458\" srcset=\"https:\/\/xadrezasburgas.net\/wp-content\/uploads\/2023\/10\/Subcampeon-766x1024.jpeg 766w, https:\/\/xadrezasburgas.net\/wp-content\/uploads\/2023\/10\/Subcampeon-224x300.jpeg 224w, https:\/\/xadrezasburgas.net\/wp-content\/uploads\/2023\/10\/Subcampeon-768x1027.jpeg 768w, https:\/\/xadrezasburgas.net\/wp-content\/uploads\/2023\/10\/Subcampeon-1149x1536.jpeg 1149w, https:\/\/xadrezasburgas.net\/wp-content\/uploads\/2023\/10\/Subcampeon.jpeg 1496w\" sizes=\"(max-width: 766px) 100vw, 766px\" \/><\/figure>\n\n\n\n<figure class=\"wp-block-image size-large\"><img decoding=\"async\" loading=\"lazy\" width=\"1024\" height=\"364\" data-id=\"1454\" src=\"https:\/\/xadrezasburgas.net\/wp-content\/uploads\/2023\/10\/Trofeos-1-1024x364.jpeg\" alt=\"\" class=\"wp-image-1454\" srcset=\"https:\/\/xadrezasburgas.net\/wp-content\/uploads\/2023\/10\/Trofeos-1-1024x364.jpeg 1024w, https:\/\/xadrezasburgas.net\/wp-content\/uploads\/2023\/10\/Trofeos-1-300x107.jpeg 300w, https:\/\/xadrezasburgas.net\/wp-content\/uploads\/2023\/10\/Trofeos-1-768x273.jpeg 768w, https:\/\/xadrezasburgas.net\/wp-content\/uploads\/2023\/10\/Trofeos-1-1536x546.jpeg 1536w, https:\/\/xadrezasburgas.net\/wp-content\/uploads\/2023\/10\/Trofeos-1.jpeg 1953w\" sizes=\"(max-width: 1024px) 100vw, 1024px\" \/><\/figure>\n\n\n\n<figure class=\"wp-block-image size-large\"><img decoding=\"async\" loading=\"lazy\" width=\"766\" height=\"1024\" data-id=\"1462\" src=\"https:\/\/xadrezasburgas.net\/wp-content\/uploads\/2023\/10\/Vet-65-766x1024.jpeg\" alt=\"\" class=\"wp-image-1462\" srcset=\"https:\/\/xadrezasburgas.net\/wp-content\/uploads\/2023\/10\/Vet-65-766x1024.jpeg 766w, https:\/\/xadrezasburgas.net\/wp-content\/uploads\/2023\/10\/Vet-65-224x300.jpeg 224w, https:\/\/xadrezasburgas.net\/wp-content\/uploads\/2023\/10\/Vet-65-768x1027.jpeg 768w, https:\/\/xadrezasburgas.net\/wp-content\/uploads\/2023\/10\/Vet-65-1149x1536.jpeg 1149w, https:\/\/xadrezasburgas.net\/wp-content\/uploads\/2023\/10\/Vet-65.jpeg 1496w\" sizes=\"(max-width: 766px) 100vw, 766px\" \/><\/figure>\n<\/figure>\n","protected":false},"excerpt":{"rendered":"<p>Gana Armando de Sousa Del Liceo Academia Postal el ya 16 Memorial ante m\u00e1s de 50 jugadores que se dieron cita en el s\u00e1bado 21 en el Espazo Xove de Ourense.<\/p>\n","protected":false},"author":1,"featured_media":0,"parent":0,"menu_order":0,"comment_status":"closed","ping_status":"closed","template":"","meta":{"footnotes":""},"_links":{"self":[{"href":"https:\/\/xadrezasburgas.net\/index.php\/wp-json\/wp\/v2\/pages\/1441"}],"collection":[{"href":"https:\/\/xadrezasburgas.net\/index.php\/wp-json\/wp\/v2\/pages"}],"about":[{"href":"https:\/\/xadrezasburgas.net\/index.php\/wp-json\/wp\/v2\/types\/page"}],"author":[{"embeddable":true,"href":"https:\/\/xadrezasburgas.net\/index.php\/wp-json\/wp\/v2\/users\/1"}],"replies":[{"embeddable":true,"href":"https:\/\/xadrezasburgas.net\/index.php\/wp-json\/wp\/v2\/comments?post=1441"}],"version-history":[{"count":7,"href":"https:\/\/xadrezasburgas.net\/index.php\/wp-json\/wp\/v2\/pages\/1441\/revisions"}],"predecessor-version":[{"id":1465,"href":"https:\/\/xadrezasburgas.net\/index.php\/wp-json\/wp\/v2\/pages\/1441\/revisions\/1465"}],"wp:attachment":[{"href":"https:\/\/xadrezasburgas.net\/index.php\/wp-json\/wp\/v2\/media?parent=1441"}],"curies":[{"name":"wp","href":"https:\/\/api.w.org\/{rel}","templated":true}]}}