{"id":1309,"date":"2023-08-23T14:14:48","date_gmt":"2023-08-23T14:14:48","guid":{"rendered":"https:\/\/xadrezasburgas.net\/?page_id=1309"},"modified":"2024-06-17T16:11:53","modified_gmt":"2024-06-17T16:11:53","slug":"torneo-xadrez-activo-concello-do-carballino-17-de-setembro","status":"publish","type":"page","link":"https:\/\/xadrezasburgas.net\/index.php\/torneo-xadrez-activo-concello-do-carballino-17-de-setembro\/","title":{"rendered":"Torneo Xadrez Activo Concello do Carballi\u00f1o, 17 de setembro"},"content":{"rendered":"\n<p>Ga\u00f1a o xogador do Xadrez Mar\u00edn Miguel Angel Santiago Pereira con 5,5 cedendo \u00fanicamente unas taboas sendo Santiago Hernandez Heras campi\u00f3n en Veteranos do Lucena de Vigo.<\/p>\n\n\n\n<div class=\"wp-block-file\"><object class=\"wp-block-file__embed\" data=\"https:\/\/xadrezasburgas.net\/wp-content\/uploads\/2023\/09\/CadrodeHonraOcarballino2023.pdf\" type=\"application\/pdf\" style=\"width:100%;height:200px\" aria-label=\"Incrustado de CadrodeHonraOcarballino2023.\"><\/object><a id=\"wp-block-file--media-d0e0fe8d-3213-4322-b2fe-166e5d7e6f2c\" href=\"https:\/\/xadrezasburgas.net\/wp-content\/uploads\/2023\/09\/CadrodeHonraOcarballino2023.pdf\">CadrodeHonraOcarballino2023<\/a><a href=\"https:\/\/xadrezasburgas.net\/wp-content\/uploads\/2023\/09\/CadrodeHonraOcarballino2023.pdf\" class=\"wp-block-file__button wp-element-button\" download aria-describedby=\"wp-block-file--media-d0e0fe8d-3213-4322-b2fe-166e5d7e6f2c\">Descarga<\/a><\/div>\n\n\n\n<div class=\"wp-block-file\"><a id=\"wp-block-file--media-57b5b5b0-82c3-434e-8894-f1a08a77e54a\" href=\"https:\/\/xadrezasburgas.net\/wp-content\/uploads\/2023\/08\/Bases-O-Carballino-2023.pdf\">Bases-O-Carballino-2023<\/a><a href=\"https:\/\/xadrezasburgas.net\/wp-content\/uploads\/2023\/08\/Bases-O-Carballino-2023.pdf\" class=\"wp-block-file__button wp-element-button\" download aria-describedby=\"wp-block-file--media-57b5b5b0-82c3-434e-8894-f1a08a77e54a\">Descarga<\/a><\/div>\n\n\n\n<figure class=\"wp-block-image size-thumbnail\"><img decoding=\"async\" loading=\"lazy\" width=\"150\" height=\"150\" src=\"https:\/\/xadrezasburgas.net\/wp-content\/uploads\/2023\/08\/Cartel-Ocarballino-2023-150x150.png\" alt=\"\" class=\"wp-image-1310\"\/><\/figure>\n\n\n\n<figure class=\"wp-block-embed is-type-video is-provider-youtube wp-block-embed-youtube wp-embed-aspect-16-9 wp-has-aspect-ratio\"><div class=\"wp-block-embed__wrapper\">\n<iframe loading=\"lazy\" title=\"18 September 2023\" width=\"1024\" height=\"576\" src=\"https:\/\/www.youtube.com\/embed\/91d8JZToKu4?feature=oembed\" frameborder=\"0\" allow=\"accelerometer; autoplay; clipboard-write; encrypted-media; gyroscope; picture-in-picture; web-share\" allowfullscreen><\/iframe>\n<\/div><\/figure>\n\n\n\n<figure class=\"wp-block-gallery has-nested-images columns-default is-cropped wp-block-gallery-1 is-layout-flex wp-block-gallery-is-layout-flex\">\n<figure class=\"wp-block-image size-large\"><img decoding=\"async\" loading=\"lazy\" width=\"766\" height=\"1024\" data-id=\"1372\" src=\"https:\/\/xadrezasburgas.net\/wp-content\/uploads\/2023\/09\/ABS.1-766x1024.jpg\" alt=\"\" class=\"wp-image-1372\" srcset=\"https:\/\/xadrezasburgas.net\/wp-content\/uploads\/2023\/09\/ABS.1-766x1024.jpg 766w, https:\/\/xadrezasburgas.net\/wp-content\/uploads\/2023\/09\/ABS.1-224x300.jpg 224w, https:\/\/xadrezasburgas.net\/wp-content\/uploads\/2023\/09\/ABS.1-768x1027.jpg 768w, https:\/\/xadrezasburgas.net\/wp-content\/uploads\/2023\/09\/ABS.1-1149x1536.jpg 1149w, https:\/\/xadrezasburgas.net\/wp-content\/uploads\/2023\/09\/ABS.1.jpg 1496w\" sizes=\"(max-width: 766px) 100vw, 766px\" \/><\/figure>\n\n\n\n<figure class=\"wp-block-image size-large\"><img decoding=\"async\" loading=\"lazy\" width=\"1024\" height=\"766\" data-id=\"1377\" src=\"https:\/\/xadrezasburgas.net\/wp-content\/uploads\/2023\/09\/Abs-1024x766.jpg\" alt=\"\" class=\"wp-image-1377\" srcset=\"https:\/\/xadrezasburgas.net\/wp-content\/uploads\/2023\/09\/Abs-1024x766.jpg 1024w, https:\/\/xadrezasburgas.net\/wp-content\/uploads\/2023\/09\/Abs-300x224.jpg 300w, https:\/\/xadrezasburgas.net\/wp-content\/uploads\/2023\/09\/Abs-768x574.jpg 768w, https:\/\/xadrezasburgas.net\/wp-content\/uploads\/2023\/09\/Abs-1536x1149.jpg 1536w, https:\/\/xadrezasburgas.net\/wp-content\/uploads\/2023\/09\/Abs.jpg 2000w\" sizes=\"(max-width: 1024px) 100vw, 1024px\" \/><\/figure>\n\n\n\n<figure class=\"wp-block-image size-large\"><img decoding=\"async\" loading=\"lazy\" width=\"766\" height=\"1024\" data-id=\"1373\" src=\"https:\/\/xadrezasburgas.net\/wp-content\/uploads\/2023\/09\/Sub-08-1-766x1024.jpg\" alt=\"\" class=\"wp-image-1373\" srcset=\"https:\/\/xadrezasburgas.net\/wp-content\/uploads\/2023\/09\/Sub-08-1-766x1024.jpg 766w, https:\/\/xadrezasburgas.net\/wp-content\/uploads\/2023\/09\/Sub-08-1-224x300.jpg 224w, https:\/\/xadrezasburgas.net\/wp-content\/uploads\/2023\/09\/Sub-08-1-768x1027.jpg 768w, https:\/\/xadrezasburgas.net\/wp-content\/uploads\/2023\/09\/Sub-08-1-1149x1536.jpg 1149w, https:\/\/xadrezasburgas.net\/wp-content\/uploads\/2023\/09\/Sub-08-1.jpg 1496w\" sizes=\"(max-width: 766px) 100vw, 766px\" \/><\/figure>\n\n\n\n<figure class=\"wp-block-image size-large\"><img decoding=\"async\" loading=\"lazy\" width=\"766\" height=\"1024\" data-id=\"1375\" src=\"https:\/\/xadrezasburgas.net\/wp-content\/uploads\/2023\/09\/Sub-10-1-766x1024.jpg\" alt=\"\" class=\"wp-image-1375\" srcset=\"https:\/\/xadrezasburgas.net\/wp-content\/uploads\/2023\/09\/Sub-10-1-766x1024.jpg 766w, https:\/\/xadrezasburgas.net\/wp-content\/uploads\/2023\/09\/Sub-10-1-224x300.jpg 224w, https:\/\/xadrezasburgas.net\/wp-content\/uploads\/2023\/09\/Sub-10-1-768x1027.jpg 768w, https:\/\/xadrezasburgas.net\/wp-content\/uploads\/2023\/09\/Sub-10-1-1149x1536.jpg 1149w, https:\/\/xadrezasburgas.net\/wp-content\/uploads\/2023\/09\/Sub-10-1.jpg 1496w\" sizes=\"(max-width: 766px) 100vw, 766px\" \/><\/figure>\n\n\n\n<figure class=\"wp-block-image size-large\"><img decoding=\"async\" loading=\"lazy\" width=\"766\" height=\"1024\" data-id=\"1376\" src=\"https:\/\/xadrezasburgas.net\/wp-content\/uploads\/2023\/09\/Sub-12-1-766x1024.jpg\" alt=\"\" class=\"wp-image-1376\" srcset=\"https:\/\/xadrezasburgas.net\/wp-content\/uploads\/2023\/09\/Sub-12-1-766x1024.jpg 766w, https:\/\/xadrezasburgas.net\/wp-content\/uploads\/2023\/09\/Sub-12-1-224x300.jpg 224w, https:\/\/xadrezasburgas.net\/wp-content\/uploads\/2023\/09\/Sub-12-1-768x1027.jpg 768w, https:\/\/xadrezasburgas.net\/wp-content\/uploads\/2023\/09\/Sub-12-1-1149x1536.jpg 1149w, https:\/\/xadrezasburgas.net\/wp-content\/uploads\/2023\/09\/Sub-12-1.jpg 1496w\" sizes=\"(max-width: 766px) 100vw, 766px\" \/><\/figure>\n\n\n\n<figure class=\"wp-block-image size-large\"><img decoding=\"async\" loading=\"lazy\" width=\"766\" height=\"1024\" data-id=\"1378\" src=\"https:\/\/xadrezasburgas.net\/wp-content\/uploads\/2023\/09\/Sub-16-1-766x1024.jpg\" alt=\"\" class=\"wp-image-1378\" srcset=\"https:\/\/xadrezasburgas.net\/wp-content\/uploads\/2023\/09\/Sub-16-1-766x1024.jpg 766w, https:\/\/xadrezasburgas.net\/wp-content\/uploads\/2023\/09\/Sub-16-1-224x300.jpg 224w, https:\/\/xadrezasburgas.net\/wp-content\/uploads\/2023\/09\/Sub-16-1-768x1027.jpg 768w, https:\/\/xadrezasburgas.net\/wp-content\/uploads\/2023\/09\/Sub-16-1-1149x1536.jpg 1149w, https:\/\/xadrezasburgas.net\/wp-content\/uploads\/2023\/09\/Sub-16-1.jpg 1496w\" sizes=\"(max-width: 766px) 100vw, 766px\" \/><\/figure>\n\n\n\n<figure class=\"wp-block-image size-large\"><img decoding=\"async\" loading=\"lazy\" width=\"766\" height=\"1024\" data-id=\"1374\" src=\"https:\/\/xadrezasburgas.net\/wp-content\/uploads\/2023\/09\/Vetranos-766x1024.jpg\" alt=\"\" class=\"wp-image-1374\" srcset=\"https:\/\/xadrezasburgas.net\/wp-content\/uploads\/2023\/09\/Vetranos-766x1024.jpg 766w, https:\/\/xadrezasburgas.net\/wp-content\/uploads\/2023\/09\/Vetranos-224x300.jpg 224w, https:\/\/xadrezasburgas.net\/wp-content\/uploads\/2023\/09\/Vetranos-768x1027.jpg 768w, https:\/\/xadrezasburgas.net\/wp-content\/uploads\/2023\/09\/Vetranos-1149x1536.jpg 1149w, https:\/\/xadrezasburgas.net\/wp-content\/uploads\/2023\/09\/Vetranos.jpg 1496w\" sizes=\"(max-width: 766px) 100vw, 766px\" \/><\/figure>\n<\/figure>\n","protected":false},"excerpt":{"rendered":"<p>Ga\u00f1a o xogador do Xadrez Mar\u00edn Miguel Angel Santiago Pereira con 5,5 cedendo \u00fanicamente unas taboas sendo Santiago Hernandez Heras campi\u00f3n en Veteranos do Lucena de Vigo.<\/p>\n","protected":false},"author":1,"featured_media":0,"parent":0,"menu_order":0,"comment_status":"closed","ping_status":"closed","template":"","meta":{"footnotes":""},"_links":{"self":[{"href":"https:\/\/xadrezasburgas.net\/index.php\/wp-json\/wp\/v2\/pages\/1309"}],"collection":[{"href":"https:\/\/xadrezasburgas.net\/index.php\/wp-json\/wp\/v2\/pages"}],"about":[{"href":"https:\/\/xadrezasburgas.net\/index.php\/wp-json\/wp\/v2\/types\/page"}],"author":[{"embeddable":true,"href":"https:\/\/xadrezasburgas.net\/index.php\/wp-json\/wp\/v2\/users\/1"}],"replies":[{"embeddable":true,"href":"https:\/\/xadrezasburgas.net\/index.php\/wp-json\/wp\/v2\/comments?post=1309"}],"version-history":[{"count":2,"href":"https:\/\/xadrezasburgas.net\/index.php\/wp-json\/wp\/v2\/pages\/1309\/revisions"}],"predecessor-version":[{"id":1379,"href":"https:\/\/xadrezasburgas.net\/index.php\/wp-json\/wp\/v2\/pages\/1309\/revisions\/1379"}],"wp:attachment":[{"href":"https:\/\/xadrezasburgas.net\/index.php\/wp-json\/wp\/v2\/media?parent=1309"}],"curies":[{"name":"wp","href":"https:\/\/api.w.org\/{rel}","templated":true}]}}