{"id":1284,"date":"2023-07-21T20:23:09","date_gmt":"2023-07-21T20:23:09","guid":{"rendered":"https:\/\/xadrezasburgas.net\/?page_id=1284"},"modified":"2023-07-21T20:47:50","modified_gmt":"2023-07-21T20:47:50","slug":"ajedrezterapeutico-y-social","status":"publish","type":"page","link":"https:\/\/xadrezasburgas.net\/index.php\/ajedrezterapeutico-y-social\/","title":{"rendered":"AjedrezTerap\u00e9utico y social"},"content":{"rendered":"\n<p>Desde el Club Acad\u00e9mica As Burgas intentamos promocionar el ajedrez para mayores y colectivos susceptibles de ser estimuldos positivamente a trav\u00e9s del llamado ajedrez terap\u00e9utico. Incluimo aqu\u00ed p\u00e1ginas web, \u00e1rt\u00edculo, estudios que demuestra la gran utilidad de esta actividad deportiva, social y mental.<\/p>\n\n\n\n<p>El club Magic de Extremadura, pionero en este \u00e1mbito, ejerce una labor realmente muy interesante en este parcela del ajedrez&#8230;<\/p>\n\n\n\n<figure class=\"wp-block-embed is-type-wp-embed is-provider-web-oficial-club-magic-extremadura wp-block-embed-web-oficial-club-magic-extremadura\"><div class=\"wp-block-embed__wrapper\">\n <blockquote class=\"wp-embedded-content\" data-secret=\"DcB6f3K5oR\"><a href=\"https:\/\/ajedrezmagic.es\/ajedrez-y-adicciones-1\/\">Ajedrez en personas adictas<\/a><\/blockquote><iframe class=\"wp-embedded-content\" sandbox=\"allow-scripts\" security=\"restricted\" style=\"position: absolute; clip: rect(1px, 1px, 1px, 1px);\" title=\"\u00abAjedrez en personas adictas\u00bb \u2014 WEB OFICIAL | CLUB MAGIC EXTREMADURA\" src=\"https:\/\/ajedrezmagic.es\/ajedrez-y-adicciones-1\/embed\/#?secret=jmmrZxIHSz#?secret=DcB6f3K5oR\" data-secret=\"DcB6f3K5oR\" width=\"600\" height=\"338\" frameborder=\"0\" marginwidth=\"0\" marginheight=\"0\" scrolling=\"no\"><\/iframe>\n<\/div><\/figure>\n\n\n\n<p>El Beneficio Social y terap\u00e9utico del ajedrez:<\/p>\n\n\n\n<p><a href=\"https:\/\/thezugzwangblog.com\/el-beneficio-social-y-terapeutico-desde-el-ajedrez\/\">https:\/\/thezugzwangblog.com\/el-beneficio-social-y-terapeutico-desde-el-ajedrez\/<\/a><\/p>\n\n\n\n<p>Los beneficios del ajedrez para el cerebro (RTVE)<\/p>\n\n\n\n<p><a href=\"https:\/\/www.rtve.es\/television\/20230426\/beneficios-ajedrez-cerebro-pacientes-doctor-garcia\/2441312.shtml#:~:text=En%20este%20juego%20tan%20cl%C3%A1sico,ser%20un%20juego%20de%20estrategia.\">https:\/\/www.rtve.es\/television\/20230426\/beneficios-ajedrez-cerebro-pacientes-doctor-garcia\/2441312.shtml#:~:text=En%20este%20juego%20tan%20cl%C3%A1sico,ser%20un%20juego%20de%20estrategia.<\/a><\/p>\n\n\n\n<p>Qu\u00e9 es el ajedrez Social y Terap\u00e9utico<\/p>\n\n\n\n<figure class=\"wp-block-embed is-type-wp-embed is-provider-ajedrez-social-de-andalucia wp-block-embed-ajedrez-social-de-andalucia\"><div class=\"wp-block-embed__wrapper\">\n<blockquote class=\"wp-embedded-content\" data-secret=\"g2yVKPcBut\"><a href=\"https:\/\/ajedrezsocial.org\/que-hacemos\/ajedrez-social-y-terapeutico\/\">Ajedrez social y terap\u00e9utico<\/a><\/blockquote><iframe class=\"wp-embedded-content\" sandbox=\"allow-scripts\" security=\"restricted\" style=\"position: absolute; clip: rect(1px, 1px, 1px, 1px);\" title=\"\u00abAjedrez social y terap\u00e9utico\u00bb \u2014 Ajedrez Social de Andaluc\u00eda\" src=\"https:\/\/ajedrezsocial.org\/que-hacemos\/ajedrez-social-y-terapeutico\/embed\/#?secret=CrPg3lEuZC#?secret=g2yVKPcBut\" data-secret=\"g2yVKPcBut\" width=\"600\" height=\"338\" frameborder=\"0\" marginwidth=\"0\" marginheight=\"0\" scrolling=\"no\"><\/iframe>\n<\/div><\/figure>\n","protected":false},"excerpt":{"rendered":"<p>Desde el Club Acad\u00e9mica As Burgas intentamos promocionar el ajedrez para mayores y colectivos susceptibles de ser estimuldos positivamente a trav\u00e9s del llamado ajedrez terap\u00e9utico. Incluimo aqu\u00ed p\u00e1ginas web, \u00e1rt\u00edculo, estudios que demuestra la gran utilidad de esta actividad deportiva, social y mental. El club Magic de Extremadura, pionero en este \u00e1mbito, ejerce una labor [&hellip;]<\/p>\n","protected":false},"author":1,"featured_media":0,"parent":0,"menu_order":0,"comment_status":"closed","ping_status":"closed","template":"","meta":{"footnotes":""},"_links":{"self":[{"href":"https:\/\/xadrezasburgas.net\/index.php\/wp-json\/wp\/v2\/pages\/1284"}],"collection":[{"href":"https:\/\/xadrezasburgas.net\/index.php\/wp-json\/wp\/v2\/pages"}],"about":[{"href":"https:\/\/xadrezasburgas.net\/index.php\/wp-json\/wp\/v2\/types\/page"}],"author":[{"embeddable":true,"href":"https:\/\/xadrezasburgas.net\/index.php\/wp-json\/wp\/v2\/users\/1"}],"replies":[{"embeddable":true,"href":"https:\/\/xadrezasburgas.net\/index.php\/wp-json\/wp\/v2\/comments?post=1284"}],"version-history":[{"count":5,"href":"https:\/\/xadrezasburgas.net\/index.php\/wp-json\/wp\/v2\/pages\/1284\/revisions"}],"predecessor-version":[{"id":1294,"href":"https:\/\/xadrezasburgas.net\/index.php\/wp-json\/wp\/v2\/pages\/1284\/revisions\/1294"}],"wp:attachment":[{"href":"https:\/\/xadrezasburgas.net\/index.php\/wp-json\/wp\/v2\/media?parent=1284"}],"curies":[{"name":"wp","href":"https:\/\/api.w.org\/{rel}","templated":true}]}}